{"id":158138,"date":"2023-07-20T20:42:03","date_gmt":"2023-07-20T18:42:03","guid":{"rendered":"https:\/\/m50.lv\/product\/m50-vasaras-tops-paparde-melns\/"},"modified":"2025-09-29T01:49:20","modified_gmt":"2025-09-28T23:49:20","slug":"m50-vasaras-tops-paparde-melns","status":"publish","type":"product","link":"https:\/\/m50.lv\/lv\/product\/m50-vasaras-tops-paparde-melns\/","title":{"rendered":"M50 Vasaras tops PAPARDE | Melns"},"content":{"rendered":"<p style=\"text-align: left;\">Auduma sast\u0101vs: 92%viskoze, 8% elast\u0101ns.<\/p>\n<p style=\"text-align: left;\">Mazg\u0101t 30C, nelikt ve\u013cas \u017e\u0101v\u0113t\u0101j\u0101, un nepiecie\u0161am\u012bbas gad\u012bjum\u0101, gludin\u0101t ar tvaiku<\/p>\n","protected":false},"excerpt":{"rendered":"<p style=\"text-align: center;\">Sievi\u0161\u0137\u012bgs un \u0113rts trikot\u0101\u017eas topi\u0146\u0161 ar apdruk\u0101t\u0101m silikona lenc\u012bt\u0113m. Eleganti drap\u0113to dekolt\u0113 vari izv\u0113l\u0113ties vilkt uz priek\u0161u vai mugurpusi, atbilsto\u0161i situ\u0101cijai.<\/p>\n","protected":false},"featured_media":158036,"template":"","meta":{"_jet_sm_ready_style":"","_jet_sm_style":"","_jet_sm_controls_values":"","_jet_sm_fonts_collection":"","_jet_sm_fonts_links":""},"pwb-brand":[1249],"product_cat":[102,105,913],"product_tag":[1201,887,1445],"class_list":{"0":"post-158138","1":"product","2":"type-product","3":"status-publish","4":"has-post-thumbnail","6":"pwb-brand-m50-lv","7":"product_cat-apgerbs","8":"product_cat-sievietem","9":"product_cat-topi-lv","10":"product_tag-m50-topi","11":"product_tag-tops-lv","12":"product_tag-vasaras-atlaide","14":"first","15":"outofstock","16":"taxable","17":"shipping-taxable","18":"product-type-variable"},"raw_content":{"name":"M50 Vasaras tops PAPARDE | Melns","description":"<p style=\"text-align: left;\">Auduma sast\u0101vs: 92%viskoze, 8% elast\u0101ns.<\/p>\r\n<p style=\"text-align: left;\">Mazg\u0101t 30C, nelikt ve\u013cas \u017e\u0101v\u0113t\u0101j\u0101, un nepiecie\u0161am\u012bbas gad\u012bjum\u0101, gludin\u0101t ar tvaiku<\/p>","short_description":"<p style=\"text-align: center;\">Sievi\u0161\u0137\u012bgs un \u0113rts trikot\u0101\u017eas topi\u0146\u0161 ar apdruk\u0101t\u0101m silikona lenc\u012bt\u0113m. Eleganti drap\u0113to dekolt\u0113 vari izv\u0113l\u0113ties vilkt uz priek\u0161u vai mugurpusi, atbilsto\u0161i situ\u0101cijai.<\/p>","status":"publish","sku":"m50-summer-top-fern-black","original":157991},"wpml":{"translation_type":1,"has_translations":true,"original":157991,"duplicates":[],"translations":{"lv":158138,"en":157991}},"brands":[{"id":1249,"name":"M50","slug":"m50-lv"}],"_links":{"self":[{"href":"https:\/\/m50.lv\/lv\/wp-json\/wp\/v2\/product\/158138","targetHints":{"allow":["GET"]}}],"collection":[{"href":"https:\/\/m50.lv\/lv\/wp-json\/wp\/v2\/product"}],"about":[{"href":"https:\/\/m50.lv\/lv\/wp-json\/wp\/v2\/types\/product"}],"version-history":[{"count":0,"href":"https:\/\/m50.lv\/lv\/wp-json\/wp\/v2\/product\/158138\/revisions"}],"wp:featuredmedia":[{"embeddable":true,"href":"https:\/\/m50.lv\/lv\/wp-json\/wp\/v2\/media\/158036"}],"wp:attachment":[{"href":"https:\/\/m50.lv\/lv\/wp-json\/wp\/v2\/media?parent=158138"}],"wp:term":[{"taxonomy":"pwb-brand","embeddable":true,"href":"https:\/\/m50.lv\/lv\/wp-json\/wp\/v2\/pwb-brand?post=158138"},{"taxonomy":"product_cat","embeddable":true,"href":"https:\/\/m50.lv\/lv\/wp-json\/wp\/v2\/product_cat?post=158138"},{"taxonomy":"product_tag","embeddable":true,"href":"https:\/\/m50.lv\/lv\/wp-json\/wp\/v2\/product_tag?post=158138"}],"curies":[{"name":"wp","href":"https:\/\/api.w.org\/{rel}","templated":true}]}}