{"id":158154,"date":"2023-07-20T21:10:12","date_gmt":"2023-07-20T19:10:12","guid":{"rendered":"https:\/\/m50.lv\/product\/m50-biker-sorti-vijolite\/"},"modified":"2024-06-12T06:30:26","modified_gmt":"2024-06-12T04:30:26","slug":"m50-biker-sorti-vijolite","status":"publish","type":"product","link":"https:\/\/m50.lv\/lv\/product\/m50-biker-sorti-vijolite\/","title":{"rendered":"M50 BIKER \u0161orti | Vijol\u012bte"},"content":{"rendered":"<p style=\"text-align: left;\">Maigi un pat\u012bkami \u2013 sast\u0101vs 92% viskoze, 8% elast\u0101ns.<br \/>\nKombin\u0113 ar T kreklu, \u017eaket\u012bti vai h\u016bdiju \u2013 \u0161ajos \u0161orti\u0146os izskat\u012bsies p\u0101rliecino\u0161i un efekt\u012bgi!<\/p>\n","protected":false},"excerpt":{"rendered":"<p style=\"text-align: center;\">Sezonas aktualit\u0101te \u0113rt\u012bbai un stilam. Trikot\u0101\u017eas auduma \u0161orti ar augstu vidukli. Augumam perfekti piegulo\u0161i, ar t\u0101da pa\u0161a auduma 4cm platu jostas da\u013cu.<\/p>\n","protected":false},"featured_media":157996,"template":"","meta":{"_jet_sm_ready_style":"","_jet_sm_style":"","_jet_sm_controls_values":"","_jet_sm_fonts_collection":"","_jet_sm_fonts_links":""},"pwb-brand":[1249],"product_cat":[102,1370,664,736,733,105],"product_tag":[1474,1445],"class_list":{"0":"post-158154","1":"product","2":"type-product","3":"status-publish","4":"has-post-thumbnail","6":"pwb-brand-m50-lv","7":"product_cat-apgerbs","8":"product_cat-baikersorti","9":"product_cat-bikses","10":"product_cat-legingi","11":"product_cat-m50","12":"product_cat-sievietem","13":"product_tag-gifts-under-20e","14":"product_tag-vasaras-atlaide","16":"first","17":"instock","18":"sale","19":"taxable","20":"shipping-taxable","21":"purchasable","22":"product-type-variable"},"raw_content":{"name":"M50 BIKER \u0161orti | Vijol\u012bte","description":"<p style=\"text-align: left;\">Maigi un pat\u012bkami \u2013 sast\u0101vs 92% viskoze, 8% elast\u0101ns.\r\nKombin\u0113 ar T kreklu, \u017eaket\u012bti vai h\u016bdiju \u2013 \u0161ajos \u0161orti\u0146os izskat\u012bsies p\u0101rliecino\u0161i un efekt\u012bgi!<\/p>","short_description":"<p style=\"text-align: center;\">Sezonas aktualit\u0101te \u0113rt\u012bbai un stilam. Trikot\u0101\u017eas auduma \u0161orti ar augstu vidukli. Augumam perfekti piegulo\u0161i, ar t\u0101da pa\u0161a auduma 4cm platu jostas da\u013cu.<\/p>","status":"publish","sku":"M50-biker-shorts-lilac","original":158111},"wpml":{"translation_type":1,"has_translations":true,"original":158111,"duplicates":[],"translations":{"lv":158154,"en":158111}},"brands":[{"id":1249,"name":"M50","slug":"m50-lv"}],"_links":{"self":[{"href":"https:\/\/m50.lv\/lv\/wp-json\/wp\/v2\/product\/158154","targetHints":{"allow":["GET"]}}],"collection":[{"href":"https:\/\/m50.lv\/lv\/wp-json\/wp\/v2\/product"}],"about":[{"href":"https:\/\/m50.lv\/lv\/wp-json\/wp\/v2\/types\/product"}],"version-history":[{"count":0,"href":"https:\/\/m50.lv\/lv\/wp-json\/wp\/v2\/product\/158154\/revisions"}],"wp:featuredmedia":[{"embeddable":true,"href":"https:\/\/m50.lv\/lv\/wp-json\/wp\/v2\/media\/157996"}],"wp:attachment":[{"href":"https:\/\/m50.lv\/lv\/wp-json\/wp\/v2\/media?parent=158154"}],"wp:term":[{"taxonomy":"pwb-brand","embeddable":true,"href":"https:\/\/m50.lv\/lv\/wp-json\/wp\/v2\/pwb-brand?post=158154"},{"taxonomy":"product_cat","embeddable":true,"href":"https:\/\/m50.lv\/lv\/wp-json\/wp\/v2\/product_cat?post=158154"},{"taxonomy":"product_tag","embeddable":true,"href":"https:\/\/m50.lv\/lv\/wp-json\/wp\/v2\/product_tag?post=158154"}],"curies":[{"name":"wp","href":"https:\/\/api.w.org\/{rel}","templated":true}]}}