{"id":158165,"date":"2023-07-20T21:07:43","date_gmt":"2023-07-20T19:07:43","guid":{"rendered":"https:\/\/m50.lv\/product\/m50-vasaras-kleita-ar-sasienamam-bantem-tumsi-zila\/"},"modified":"2025-09-29T01:49:22","modified_gmt":"2025-09-28T23:49:22","slug":"m50-vasaras-kleita-ar-sasienamam-bantem-tumsi-zila","status":"publish","type":"product","link":"https:\/\/m50.lv\/lv\/product\/m50-vasaras-kleita-ar-sasienamam-bantem-tumsi-zila\/","title":{"rendered":"M50 Vasaras kleita ar sasienam\u0101m bant\u0113m | Tum\u0161i zila"},"content":{"rendered":"<p style=\"text-align: left;\">Auduma sast\u0101vs: 92%viskoze, 8% elast\u0101ns.<\/p>\n<p style=\"text-align: left;\">Mazg\u0101t 30C, nelikt ve\u013cas \u017e\u0101v\u0113t\u0101j\u0101, un nepiecie\u0161am\u012bbas gad\u012bjum\u0101, gludin\u0101t ar tvaiku<\/p>\n","protected":false},"excerpt":{"rendered":"<p style=\"text-align: center;\">Sievi\u0161\u0137\u012bga un \u0113rta trikot\u0101\u017eas kleita ar sienam\u0101m lenc\u012bt\u0113m. Eleganti drap\u0113to dekolt\u0113 vari izv\u0113l\u0113ties vilkt uz priek\u0161u vai mugurpusi, atbilsto\u0161i situ\u0101cijai. Maigs un pl\u016bsto\u0161s trikot\u0101\u017eas audums<\/p>\n","protected":false},"featured_media":158030,"template":"","meta":{"_jet_sm_ready_style":"","_jet_sm_style":"","_jet_sm_controls_values":"","_jet_sm_fonts_collection":"","_jet_sm_fonts_links":""},"pwb-brand":[1249],"product_cat":[102,106,733,105],"product_tag":[926],"class_list":{"0":"post-158165","1":"product","2":"type-product","3":"status-publish","4":"has-post-thumbnail","6":"pwb-brand-m50-lv","7":"product_cat-apgerbs","8":"product_cat-kleitas","9":"product_cat-m50","10":"product_cat-sievietem","11":"product_tag-m50-kleitas","13":"first","14":"instock","15":"taxable","16":"shipping-taxable","17":"purchasable","18":"product-type-variable"},"raw_content":{"name":"M50 Vasaras kleita ar sasienam\u0101m bant\u0113m | Tum\u0161i zila","description":"<p style=\"text-align: left;\">Auduma sast\u0101vs: 92%viskoze, 8% elast\u0101ns.<\/p>\r\n<p style=\"text-align: left;\">Mazg\u0101t 30C, nelikt ve\u013cas \u017e\u0101v\u0113t\u0101j\u0101, un nepiecie\u0161am\u012bbas gad\u012bjum\u0101, gludin\u0101t ar tvaiku<\/p>","short_description":"<p style=\"text-align: center;\">Sievi\u0161\u0137\u012bga un \u0113rta trikot\u0101\u017eas kleita ar sienam\u0101m lenc\u012bt\u0113m. Eleganti drap\u0113to dekolt\u0113 vari izv\u0113l\u0113ties vilkt uz priek\u0161u vai mugurpusi, atbilsto\u0161i situ\u0101cijai. Maigs un pl\u016bsto\u0161s trikot\u0101\u017eas audums<\/p>","status":"publish","sku":"m50-summer-dress-with-tie-bows-navy","original":158107},"wpml":{"translation_type":1,"has_translations":true,"original":158107,"duplicates":[],"translations":{"lv":158165,"en":158107}},"brands":[{"id":1249,"name":"M50","slug":"m50-lv"}],"_links":{"self":[{"href":"https:\/\/m50.lv\/lv\/wp-json\/wp\/v2\/product\/158165","targetHints":{"allow":["GET"]}}],"collection":[{"href":"https:\/\/m50.lv\/lv\/wp-json\/wp\/v2\/product"}],"about":[{"href":"https:\/\/m50.lv\/lv\/wp-json\/wp\/v2\/types\/product"}],"version-history":[{"count":0,"href":"https:\/\/m50.lv\/lv\/wp-json\/wp\/v2\/product\/158165\/revisions"}],"wp:featuredmedia":[{"embeddable":true,"href":"https:\/\/m50.lv\/lv\/wp-json\/wp\/v2\/media\/158030"}],"wp:attachment":[{"href":"https:\/\/m50.lv\/lv\/wp-json\/wp\/v2\/media?parent=158165"}],"wp:term":[{"taxonomy":"pwb-brand","embeddable":true,"href":"https:\/\/m50.lv\/lv\/wp-json\/wp\/v2\/pwb-brand?post=158165"},{"taxonomy":"product_cat","embeddable":true,"href":"https:\/\/m50.lv\/lv\/wp-json\/wp\/v2\/product_cat?post=158165"},{"taxonomy":"product_tag","embeddable":true,"href":"https:\/\/m50.lv\/lv\/wp-json\/wp\/v2\/product_tag?post=158165"}],"curies":[{"name":"wp","href":"https:\/\/api.w.org\/{rel}","templated":true}]}}