{"id":158172,"date":"2023-07-20T21:33:35","date_gmt":"2023-07-20T19:33:35","guid":{"rendered":"https:\/\/m50.lv\/product\/m50-briva-piegriezuma-tops-one-size-melns\/"},"modified":"2023-08-01T12:44:51","modified_gmt":"2023-08-01T10:44:51","slug":"m50-briva-piegriezuma-tops-one-size-melns","status":"publish","type":"product","link":"https:\/\/m50.lv\/lv\/product\/m50-briva-piegriezuma-tops-one-size-melns\/","title":{"rendered":"M50 Br\u012bva piegriezuma tops one size | Melns"},"content":{"rendered":"<p style=\"text-align: left;\">Auduma sast\u0101vs: 65% VISKOZE + 27% POLIAM\u012aDS + 8% ELAST\u0100NS<\/p>\n","protected":false},"excerpt":{"rendered":"<p style=\"text-align: center;\">Kvalitat\u012bvs audums un \u0113rts piegriezums &#8211; \u012bso d\u017eemper\u012bti var vilkt, mainot priek\u0161pusi ar mugurpusi, l\u012bdz ar to da\u017e\u0101dojot kakla izgriezuma stilu. Pat\u012bkami m\u012bksts audums, bez liek\u0101m klapat\u0101m mazg\u0101jams, \u017e\u0101v\u0113jams, un atkal velkams ikdienas ap\u0123\u0113rbs!<\/p>\n","protected":false},"featured_media":158010,"template":"","meta":{"_jet_sm_ready_style":"","_jet_sm_style":"","_jet_sm_controls_values":"","_jet_sm_fonts_collection":"","_jet_sm_fonts_links":""},"pwb-brand":[1249],"product_cat":[1427,102,1372,105,913],"product_tag":[1360],"class_list":{"0":"post-158172","1":"product","2":"type-product","3":"status-publish","4":"has-post-thumbnail","6":"pwb-brand-m50-lv","7":"product_cat-19janv11febr-30-lv","8":"product_cat-apgerbs","9":"product_cat-croptop-lv","10":"product_cat-sievietem","11":"product_cat-topi-lv","12":"product_tag-one-size-lv","14":"first","15":"outofstock","16":"taxable","17":"shipping-taxable","18":"purchasable","19":"product-type-simple"},"raw_content":{"name":"M50 Br\u012bva piegriezuma tops one size | Melns","description":"<p style=\"text-align: left;\">Auduma sast\u0101vs: 65% VISKOZE + 27% POLIAM\u012aDS + 8% ELAST\u0100NS<\/p>","short_description":"<p style=\"text-align: center;\">Kvalitat\u012bvs audums un \u0113rts piegriezums - \u012bso d\u017eemper\u012bti var vilkt, mainot priek\u0161pusi ar mugurpusi, l\u012bdz ar to da\u017e\u0101dojot kakla izgriezuma stilu. Pat\u012bkami m\u012bksts audums, bez liek\u0101m klapat\u0101m mazg\u0101jams, \u017e\u0101v\u0113jams, un atkal velkams ikdienas ap\u0123\u0113rbs!<\/p>","status":"publish","sku":"M50-brivs-tops","original":158170},"wpml":{"translation_type":1,"has_translations":true,"original":158170,"duplicates":[],"translations":{"lv":158172,"en":158170}},"brands":[{"id":1249,"name":"M50","slug":"m50-lv"}],"_links":{"self":[{"href":"https:\/\/m50.lv\/lv\/wp-json\/wp\/v2\/product\/158172","targetHints":{"allow":["GET"]}}],"collection":[{"href":"https:\/\/m50.lv\/lv\/wp-json\/wp\/v2\/product"}],"about":[{"href":"https:\/\/m50.lv\/lv\/wp-json\/wp\/v2\/types\/product"}],"version-history":[{"count":0,"href":"https:\/\/m50.lv\/lv\/wp-json\/wp\/v2\/product\/158172\/revisions"}],"wp:featuredmedia":[{"embeddable":true,"href":"https:\/\/m50.lv\/lv\/wp-json\/wp\/v2\/media\/158010"}],"wp:attachment":[{"href":"https:\/\/m50.lv\/lv\/wp-json\/wp\/v2\/media?parent=158172"}],"wp:term":[{"taxonomy":"pwb-brand","embeddable":true,"href":"https:\/\/m50.lv\/lv\/wp-json\/wp\/v2\/pwb-brand?post=158172"},{"taxonomy":"product_cat","embeddable":true,"href":"https:\/\/m50.lv\/lv\/wp-json\/wp\/v2\/product_cat?post=158172"},{"taxonomy":"product_tag","embeddable":true,"href":"https:\/\/m50.lv\/lv\/wp-json\/wp\/v2\/product_tag?post=158172"}],"curies":[{"name":"wp","href":"https:\/\/api.w.org\/{rel}","templated":true}]}}