{"id":158276,"date":"2023-07-21T08:52:49","date_gmt":"2023-07-21T06:52:49","guid":{"rendered":"https:\/\/m50.lv\/product\/m50-organiskas-kokvilnas-unisex-t-krekls-dziedi-dejo-svini-olive\/"},"modified":"2026-04-29T16:02:06","modified_gmt":"2026-04-29T14:02:06","slug":"m50-organiskas-kokvilnas-unisex-t-krekls-dziedi-dejo-svini-olive","status":"publish","type":"product","link":"https:\/\/m50.lv\/lv\/product\/m50-organiskas-kokvilnas-unisex-t-krekls-dziedi-dejo-svini-olive\/","title":{"rendered":"M50 Organiskas Kokvilnas Unisex T-krekls DZIEDI DEJO SVINI | Ol\u012bve"},"content":{"rendered":"<p style=\"text-align: left;\">Balta termodruka uz klasiska unisex mode\u013ca krekla, auduma bl\u012bvums 180 G\/M\u00b2<\/p>\n","protected":false},"excerpt":{"rendered":"<p style=\"text-align: center;\">Dziedi, dejo un svini &#8211; lai \u0161ie v\u0101rdi Tevi ved cauri dz\u012bvei, un varen\u0101s latvie\u0161u sp\u0113ka z\u012bmes sarg\u0101!<\/p>\n","protected":false},"featured_media":184660,"template":"","meta":{"_jet_sm_ready_style":"","_jet_sm_style":"","_jet_sm_controls_values":"","_jet_sm_fonts_collection":"","_jet_sm_fonts_links":""},"pwb-brand":[1249],"product_cat":[82,76,60,68,61],"product_tag":[1349,838,1439,1423],"class_list":{"0":"post-158276","1":"product","2":"type-product","3":"status-publish","4":"has-post-thumbnail","6":"pwb-brand-m50-lv","7":"product_cat-t-shirts-women","8":"product_cat-apparel","9":"product_cat-womens","10":"product_cat-t-shirts","11":"product_cat-mens","12":"product_tag-dzdsvini","13":"product_tag-m50-t-shirt","14":"product_tag-last-chance","15":"product_tag-saleforever","17":"first","18":"instock","19":"taxable","20":"shipping-taxable","21":"purchasable","22":"product-type-variable"},"raw_content":{"name":"M50 Organiskas Kokvilnas Unisex T-krekls DZIEDI DEJO SVINI | Ol\u012bve","description":"<p style=\"text-align: left;\">Balta termodruka uz klasiska unisex mode\u013ca krekla, auduma bl\u012bvums 180 G\/M\u00b2<\/p>","short_description":"<p style=\"text-align: center;\">Dziedi, dejo un svini - lai \u0161ie v\u0101rdi Tevi ved cauri dz\u012bvei, un varen\u0101s latvie\u0161u sp\u0113ka z\u012bmes sarg\u0101!<\/p>","status":"publish","sku":"M50-T-shirt-DziedidejoSvini-unisex-sage","original":158176},"wpml":{"translation_type":1,"has_translations":true,"original":158176,"duplicates":[],"translations":{"lv":158276,"en":158176}},"brands":[{"id":1249,"name":"M50","slug":"m50-lv"}],"_links":{"self":[{"href":"https:\/\/m50.lv\/lv\/wp-json\/wp\/v2\/product\/158276","targetHints":{"allow":["GET"]}}],"collection":[{"href":"https:\/\/m50.lv\/lv\/wp-json\/wp\/v2\/product"}],"about":[{"href":"https:\/\/m50.lv\/lv\/wp-json\/wp\/v2\/types\/product"}],"version-history":[{"count":0,"href":"https:\/\/m50.lv\/lv\/wp-json\/wp\/v2\/product\/158276\/revisions"}],"wp:featuredmedia":[{"embeddable":true,"href":"https:\/\/m50.lv\/lv\/wp-json\/wp\/v2\/media\/184660"}],"wp:attachment":[{"href":"https:\/\/m50.lv\/lv\/wp-json\/wp\/v2\/media?parent=158276"}],"wp:term":[{"taxonomy":"pwb-brand","embeddable":true,"href":"https:\/\/m50.lv\/lv\/wp-json\/wp\/v2\/pwb-brand?post=158276"},{"taxonomy":"product_cat","embeddable":true,"href":"https:\/\/m50.lv\/lv\/wp-json\/wp\/v2\/product_cat?post=158276"},{"taxonomy":"product_tag","embeddable":true,"href":"https:\/\/m50.lv\/lv\/wp-json\/wp\/v2\/product_tag?post=158276"}],"curies":[{"name":"wp","href":"https:\/\/api.w.org\/{rel}","templated":true}]}}