{"id":158288,"date":"2023-07-21T09:08:12","date_gmt":"2023-07-21T07:08:12","guid":{"rendered":"https:\/\/m50.lv\/product\/m50-kepons-ar-tautisko-rakstu\/"},"modified":"2023-07-21T09:08:12","modified_gmt":"2023-07-21T07:08:12","slug":"m50-kepons-ar-tautisko-rakstu","status":"publish","type":"product","link":"https:\/\/m50.lv\/lv\/product\/m50-kepons-ar-tautisko-rakstu\/","title":{"rendered":"M50 kepons ar tautisko rakstu"},"content":{"rendered":"<p style=\"text-align: left;\">Materi\u0101ls: 100% mat\u0113ta mazg\u0101ta kokvilna<br \/>\nM\u012bksta materi\u0101la, zema profila 6 pane\u013cu dizaina kepons<br \/>\nVentil\u0101cijas caurumi\u0146i un t\u0101da pa\u0161a auduma siksni\u0146veida aizdare ar misi\u0146a spr\u0101dzi<\/p>\n","protected":false},"excerpt":{"rendered":"<p style=\"text-align: center;\">Vint\u0101\u017eas stila kokvilnas kepons ar iz\u0161\u016btu tautisko rakstu.<\/p>\n","protected":false},"featured_media":158207,"template":"","meta":{"_jet_sm_ready_style":"","_jet_sm_style":"","_jet_sm_controls_values":"","_jet_sm_fonts_collection":"","_jet_sm_fonts_links":""},"pwb-brand":[1249],"product_cat":[101,570,733],"product_tag":[],"class_list":["post-158288","product","type-product","status-publish","has-post-thumbnail","pwb-brand-m50-lv","product_cat-aksesuari","product_cat-keponi","product_cat-m50","first","outofstock","taxable","shipping-taxable","purchasable","product-type-simple"],"raw_content":{"name":"M50 kepons ar tautisko rakstu","description":"<p style=\"text-align: left;\">Materi\u0101ls: 100% mat\u0113ta mazg\u0101ta kokvilna\r\nM\u012bksta materi\u0101la, zema profila 6 pane\u013cu dizaina kepons\r\nVentil\u0101cijas caurumi\u0146i un t\u0101da pa\u0161a auduma siksni\u0146veida aizdare ar misi\u0146a spr\u0101dzi<\/p>","short_description":"<p style=\"text-align: center;\">Vint\u0101\u017eas stila kokvilnas kepons ar iz\u0161\u016btu tautisko rakstu.<\/p>","status":"publish","sku":"M50-kepons","original":158259},"wpml":{"translation_type":1,"has_translations":true,"original":158259,"duplicates":[],"translations":{"lv":158288,"en":158259}},"brands":[{"id":1249,"name":"M50","slug":"m50-lv"}],"_links":{"self":[{"href":"https:\/\/m50.lv\/lv\/wp-json\/wp\/v2\/product\/158288","targetHints":{"allow":["GET"]}}],"collection":[{"href":"https:\/\/m50.lv\/lv\/wp-json\/wp\/v2\/product"}],"about":[{"href":"https:\/\/m50.lv\/lv\/wp-json\/wp\/v2\/types\/product"}],"version-history":[{"count":0,"href":"https:\/\/m50.lv\/lv\/wp-json\/wp\/v2\/product\/158288\/revisions"}],"wp:featuredmedia":[{"embeddable":true,"href":"https:\/\/m50.lv\/lv\/wp-json\/wp\/v2\/media\/158207"}],"wp:attachment":[{"href":"https:\/\/m50.lv\/lv\/wp-json\/wp\/v2\/media?parent=158288"}],"wp:term":[{"taxonomy":"pwb-brand","embeddable":true,"href":"https:\/\/m50.lv\/lv\/wp-json\/wp\/v2\/pwb-brand?post=158288"},{"taxonomy":"product_cat","embeddable":true,"href":"https:\/\/m50.lv\/lv\/wp-json\/wp\/v2\/product_cat?post=158288"},{"taxonomy":"product_tag","embeddable":true,"href":"https:\/\/m50.lv\/lv\/wp-json\/wp\/v2\/product_tag?post=158288"}],"curies":[{"name":"wp","href":"https:\/\/api.w.org\/{rel}","templated":true}]}}