{"id":159623,"date":"2023-08-15T18:49:03","date_gmt":"2023-08-15T16:49:03","guid":{"rendered":"https:\/\/m50.lv\/product\/rains-mugursoma-peleka-4\/"},"modified":"2023-08-15T18:49:03","modified_gmt":"2023-08-15T16:49:03","slug":"rains-mugursoma-peleka-4","status":"publish","type":"product","link":"https:\/\/m50.lv\/lv\/product\/rains-mugursoma-peleka-4\/","title":{"rendered":"Rains Mugursoma | Pel\u0113ka"},"content":{"rendered":"<p style=\"text-align: left;\">Viens galvenais nodal\u012bjums, viena 15 \u201d iek\u0161\u0113j\u0101 kl\u0113pjdatora kabata, iek\u0161kabata ar r\u0101v\u0113jsl\u0113dz\u0113ju un viena \u0101r\u0113j\u0101 kabata.<\/p>\n<p style=\"text-align: left;\">Izm\u0113ri: 48 x 30 x 12 cm<br \/>\nTilpums: 13 litri \/ 3,5 galoni<br \/>\n100% poliesters ar poliuret\u0101na p\u0101rkl\u0101jumu<br \/>\n\u016adensiztur\u012bba: 8000 mm<\/p>\n<p style=\"text-align: left;\">Karab\u012bne un magn\u0113tiska aizdare<br \/>\nPiel\u0101gojamas siksnas<br \/>\n\u016adensiztur\u012bgs r\u0101v\u0113jsl\u0113dz\u0113js<\/p>\n","protected":false},"excerpt":{"rendered":"<p style=\"text-align: center;\">\u0160\u012b mugursoma ir \u012bsta Rains klasika, kas izgatavota no mat\u0113ta, \u016bdensnecaurlaid\u012bga materi\u0101la. \u0160ai minim\u0101listiskajai un modernajai mugursomai ir kl\u0113pjdatora iek\u0161\u0113j\u0101 kabata, ietilp\u012bgs galvenais nodal\u012bjums un sl\u0113pta kabata aizmugur\u0113. Magn\u0113tiska aizdare, karab\u012bne un regul\u0113jamas siksnas.<\/p>\n","protected":false},"featured_media":159382,"template":"","meta":{"_jet_sm_ready_style":"","_jet_sm_style":"","_jet_sm_controls_values":"","_jet_sm_fonts_collection":"","_jet_sm_fonts_links":""},"pwb-brand":[1252],"product_cat":[101,195],"product_tag":[1366],"class_list":{"0":"post-159623","1":"product","2":"type-product","3":"status-publish","4":"has-post-thumbnail","6":"pwb-brand-rains-lv","7":"product_cat-aksesuari","8":"product_cat-somas","9":"product_tag-back-2-school-lv","11":"first","12":"outofstock","13":"taxable","14":"shipping-taxable","15":"purchasable","16":"product-type-simple"},"raw_content":{"name":"Rains Mugursoma | Pel\u0113ka","description":"<p style=\"text-align: left;\">Viens galvenais nodal\u012bjums, viena 15 \u201d iek\u0161\u0113j\u0101 kl\u0113pjdatora kabata, iek\u0161kabata ar r\u0101v\u0113jsl\u0113dz\u0113ju un viena \u0101r\u0113j\u0101 kabata.<\/p>\r\n<p style=\"text-align: left;\">Izm\u0113ri: 48 x 30 x 12 cm\r\nTilpums: 13 litri \/ 3,5 galoni\r\n100% poliesters ar poliuret\u0101na p\u0101rkl\u0101jumu\r\n\u016adensiztur\u012bba: 8000 mm<\/p>\r\n<p style=\"text-align: left;\">Karab\u012bne un magn\u0113tiska aizdare\r\nPiel\u0101gojamas siksnas\r\n\u016adensiztur\u012bgs r\u0101v\u0113jsl\u0113dz\u0113js<\/p>","short_description":"<p style=\"text-align: center;\">\u0160\u012b mugursoma ir \u012bsta Rains klasika, kas izgatavota no mat\u0113ta, \u016bdensnecaurlaid\u012bga materi\u0101la. \u0160ai minim\u0101listiskajai un modernajai mugursomai ir kl\u0113pjdatora iek\u0161\u0113j\u0101 kabata, ietilp\u012bgs galvenais nodal\u012bjums un sl\u0113pta kabata aizmugur\u0113. Magn\u0113tiska aizdare, karab\u012bne un regul\u0113jamas siksnas.<\/p>","status":"publish","sku":"rains-13000-grey","original":159402},"wpml":{"translation_type":1,"has_translations":true,"original":159402,"duplicates":[],"translations":{"lv":159623,"en":159402}},"brands":[{"id":1252,"name":"Rains","slug":"rains-lv"}],"_links":{"self":[{"href":"https:\/\/m50.lv\/lv\/wp-json\/wp\/v2\/product\/159623","targetHints":{"allow":["GET"]}}],"collection":[{"href":"https:\/\/m50.lv\/lv\/wp-json\/wp\/v2\/product"}],"about":[{"href":"https:\/\/m50.lv\/lv\/wp-json\/wp\/v2\/types\/product"}],"version-history":[{"count":0,"href":"https:\/\/m50.lv\/lv\/wp-json\/wp\/v2\/product\/159623\/revisions"}],"wp:featuredmedia":[{"embeddable":true,"href":"https:\/\/m50.lv\/lv\/wp-json\/wp\/v2\/media\/159382"}],"wp:attachment":[{"href":"https:\/\/m50.lv\/lv\/wp-json\/wp\/v2\/media?parent=159623"}],"wp:term":[{"taxonomy":"pwb-brand","embeddable":true,"href":"https:\/\/m50.lv\/lv\/wp-json\/wp\/v2\/pwb-brand?post=159623"},{"taxonomy":"product_cat","embeddable":true,"href":"https:\/\/m50.lv\/lv\/wp-json\/wp\/v2\/product_cat?post=159623"},{"taxonomy":"product_tag","embeddable":true,"href":"https:\/\/m50.lv\/lv\/wp-json\/wp\/v2\/product_tag?post=159623"}],"curies":[{"name":"wp","href":"https:\/\/api.w.org\/{rel}","templated":true}]}}