{"id":159625,"date":"2023-08-15T18:59:11","date_gmt":"2023-08-15T16:59:11","guid":{"rendered":"https:\/\/m50.lv\/product\/rains-mugursoma-trail-pelnu-peleka\/"},"modified":"2023-08-23T09:23:01","modified_gmt":"2023-08-23T07:23:01","slug":"rains-mugursoma-trail-pelnu-peleka","status":"publish","type":"product","link":"https:\/\/m50.lv\/lv\/product\/rains-mugursoma-trail-pelnu-peleka\/","title":{"rendered":"RAINS Mugursoma TRAIL | Pelnu pel\u0113ka"},"content":{"rendered":"<p style=\"text-align: left;\">Trail Rolltop mugursoma ir izgriezta no Rains rakstur\u012bg\u0101 \u016bdensnecaurlaid\u012bga PU materi\u0101la, kas izstr\u0101d\u0101ta t\u0101, lai t\u0101 b\u016btu iztur\u012bga un gluda.<\/p>\n<p style=\"text-align: left;\">Materi\u0101ls: 100% poliesters ar poliuret\u0101na p\u0101rkl\u0101jumu<br \/>\nOdere: 100% poliesters<br \/>\n\u016adensiztur\u012bbas v\u0113rt\u0113jums: W3 \u2013 \u016adensnecaurlaid\u012bga aizsardz\u012bba pret vieglu lietus<br \/>\n\u016adens kolonnas spiediens: 8000 mm<\/p>\n<p style=\"text-align: left;\">M\u0113r\u012bjumi: A47 x P36 x D13cm \/ A18,5 x P14,2 x D5,1 collas<br \/>\nApjoms: 19 litri \/ 5,1 galons<br \/>\nSvars: 898 g \/ 31,7 unces.<\/p>\n","protected":false},"excerpt":{"rendered":"<p style=\"text-align: center;\">Trail mugursoma ir sportisks pils\u0113tas aksesu\u0101rs, kas ir lieliski piem\u0113rots braucieniem ar velosip\u0113du vai ejot k\u0101j\u0101m. Lai aizsarg\u0101tu svar\u012bg\u0101k\u0101s lietas no lietus, stingri norull\u0113jiet un nostipriniet aug\u0161pusi, izmantojot karab\u012bnes. Tai ir ar\u012b iek\u0161\u0113ja polster\u0113ta kl\u0113pjdatora kabata, priek\u0161\u0113j\u0101 kabata ar r\u0101v\u0113jsl\u0113dz\u0113ju un polster\u0113ts aizmugure.<\/p>\n","protected":false},"featured_media":159499,"template":"","meta":{"_jet_sm_ready_style":"","_jet_sm_style":"","_jet_sm_controls_values":"","_jet_sm_fonts_collection":"","_jet_sm_fonts_links":""},"pwb-brand":[1252],"product_cat":[75,183],"product_tag":[1366],"class_list":{"0":"post-159625","1":"product","2":"type-product","3":"status-publish","4":"has-post-thumbnail","6":"pwb-brand-rains-lv","7":"product_cat-accessories","8":"product_cat-bags","9":"product_tag-back-2-school-lv","11":"first","12":"outofstock","13":"taxable","14":"shipping-taxable","15":"purchasable","16":"product-type-simple"},"raw_content":{"name":"RAINS Mugursoma TRAIL | Pelnu pel\u0113ka","description":"<p style=\"text-align: left;\">Trail Rolltop mugursoma ir izgriezta no Rains rakstur\u012bg\u0101 \u016bdensnecaurlaid\u012bga PU materi\u0101la, kas izstr\u0101d\u0101ta t\u0101, lai t\u0101 b\u016btu iztur\u012bga un gluda.<\/p>\r\n<p style=\"text-align: left;\">Materi\u0101ls: 100% poliesters ar poliuret\u0101na p\u0101rkl\u0101jumu\r\nOdere: 100% poliesters\r\n\u016adensiztur\u012bbas v\u0113rt\u0113jums: W3 \u2013 \u016adensnecaurlaid\u012bga aizsardz\u012bba pret vieglu lietus\r\n\u016adens kolonnas spiediens: 8000 mm<\/p>\r\n<p style=\"text-align: left;\">M\u0113r\u012bjumi: A47 x P36 x D13cm \/ A18,5 x P14,2 x D5,1 collas\r\nApjoms: 19 litri \/ 5,1 galons\r\nSvars: 898 g \/ 31,7 unces.<\/p>","short_description":"<p style=\"text-align: center;\">Trail mugursoma ir sportisks pils\u0113tas aksesu\u0101rs, kas ir lieliski piem\u0113rots braucieniem ar velosip\u0113du vai ejot k\u0101j\u0101m. Lai aizsarg\u0101tu svar\u012bg\u0101k\u0101s lietas no lietus, stingri norull\u0113jiet un nostipriniet aug\u0161pusi, izmantojot karab\u012bnes. Tai ir ar\u012b iek\u0161\u0113ja polster\u0113ta kl\u0113pjdatora kabata, priek\u0161\u0113j\u0101 kabata ar r\u0101v\u0113jsl\u0113dz\u0113ju un polster\u0113ts aizmugure.<\/p>","status":"publish","sku":"rains-14320-ash","original":159414},"wpml":{"translation_type":1,"has_translations":true,"original":159414,"duplicates":[],"translations":{"lv":159625,"en":159414}},"brands":[{"id":1252,"name":"Rains","slug":"rains-lv"}],"_links":{"self":[{"href":"https:\/\/m50.lv\/lv\/wp-json\/wp\/v2\/product\/159625","targetHints":{"allow":["GET"]}}],"collection":[{"href":"https:\/\/m50.lv\/lv\/wp-json\/wp\/v2\/product"}],"about":[{"href":"https:\/\/m50.lv\/lv\/wp-json\/wp\/v2\/types\/product"}],"version-history":[{"count":0,"href":"https:\/\/m50.lv\/lv\/wp-json\/wp\/v2\/product\/159625\/revisions"}],"wp:featuredmedia":[{"embeddable":true,"href":"https:\/\/m50.lv\/lv\/wp-json\/wp\/v2\/media\/159499"}],"wp:attachment":[{"href":"https:\/\/m50.lv\/lv\/wp-json\/wp\/v2\/media?parent=159625"}],"wp:term":[{"taxonomy":"pwb-brand","embeddable":true,"href":"https:\/\/m50.lv\/lv\/wp-json\/wp\/v2\/pwb-brand?post=159625"},{"taxonomy":"product_cat","embeddable":true,"href":"https:\/\/m50.lv\/lv\/wp-json\/wp\/v2\/product_cat?post=159625"},{"taxonomy":"product_tag","embeddable":true,"href":"https:\/\/m50.lv\/lv\/wp-json\/wp\/v2\/product_tag?post=159625"}],"curies":[{"name":"wp","href":"https:\/\/api.w.org\/{rel}","templated":true}]}}