{"id":159633,"date":"2023-08-15T19:17:09","date_gmt":"2023-08-15T17:17:09","guid":{"rendered":"https:\/\/m50.lv\/product\/rains-mugursoma-mini-dumakaini-zala\/"},"modified":"2023-08-15T19:17:09","modified_gmt":"2023-08-15T17:17:09","slug":"rains-mugursoma-mini-dumakaini-zala","status":"publish","type":"product","link":"https:\/\/m50.lv\/lv\/product\/rains-mugursoma-mini-dumakaini-zala\/","title":{"rendered":"Rains Mugursoma mini | D\u016bmakaini za\u013ca"},"content":{"rendered":"<p style=\"text-align: left;\">Nodal\u012bjumi \/ kabatas: Viens galvenais nodal\u012bjums, viena 13\u2033 iek\u0161\u0113j\u0101 kl\u0113pjdatora kabata, iek\u0161kabata ar r\u0101v\u0113jsl\u0113dz\u0113ju un viena \u0101r\u0113j\u0101 telefona kabata<\/p>\n<p style=\"text-align: left;\">Izm\u0113ri: 40 x 9 x 10 cm<br \/>\nTilpums: 9 litri<br \/>\n100% poliesters ar poliuret\u0101na p\u0101rkl\u0101jumu<br \/>\n\u016adensiztur\u012bba: 8000 mm<\/p>\n<p style=\"text-align: left;\">Karab\u012bne un magn\u0113tiska aizdare<br \/>\nPiel\u0101gojamas siksnas<br \/>\n\u016adensiztur\u012bgs r\u0101v\u0113jsl\u0113dz\u0113js<\/p>\n","protected":false},"excerpt":{"rendered":"<p style=\"text-align: center;\">Izgatavota no \u016bdensnecaurlaid\u012bga auduma ar mat\u0113tu apdari, \u0161ai minim\u0101listiskajai, tom\u0113r modernajai mugursomai ir kl\u0113pjdatora iek\u0161\u0113j\u0101 kabata, ietilp\u012bgs galvenais nodal\u012bjums un aizmugur\u0113 sl\u0113pt\u0101 kabata. Magn\u0113tiska aizdare, karab\u012bne un regul\u0113jamas siksnas.<\/p>\n","protected":false},"featured_media":159396,"template":"","meta":{"_jet_sm_ready_style":"","_jet_sm_style":"","_jet_sm_controls_values":"","_jet_sm_fonts_collection":"","_jet_sm_fonts_links":""},"pwb-brand":[1252],"product_cat":[101,195],"product_tag":[1366],"class_list":{"0":"post-159633","1":"product","2":"type-product","3":"status-publish","4":"has-post-thumbnail","6":"pwb-brand-rains-lv","7":"product_cat-aksesuari","8":"product_cat-somas","9":"product_tag-back-2-school-lv","11":"first","12":"outofstock","13":"taxable","14":"shipping-taxable","15":"purchasable","16":"product-type-simple"},"raw_content":{"name":"Rains Mugursoma mini | D\u016bmakaini za\u013ca","description":"<p style=\"text-align: left;\">Nodal\u012bjumi \/ kabatas: Viens galvenais nodal\u012bjums, viena 13\u2033 iek\u0161\u0113j\u0101 kl\u0113pjdatora kabata, iek\u0161kabata ar r\u0101v\u0113jsl\u0113dz\u0113ju un viena \u0101r\u0113j\u0101 telefona kabata<\/p>\r\n<p style=\"text-align: left;\">Izm\u0113ri: 40 x 9 x 10 cm\r\nTilpums: 9 litri\r\n100% poliesters ar poliuret\u0101na p\u0101rkl\u0101jumu\r\n\u016adensiztur\u012bba: 8000 mm<\/p>\r\n<p style=\"text-align: left;\">Karab\u012bne un magn\u0113tiska aizdare\r\nPiel\u0101gojamas siksnas\r\n\u016adensiztur\u012bgs r\u0101v\u0113jsl\u0113dz\u0113js<\/p>","short_description":"<p style=\"text-align: center;\">Izgatavota no \u016bdensnecaurlaid\u012bga auduma ar mat\u0113tu apdari, \u0161ai minim\u0101listiskajai, tom\u0113r modernajai mugursomai ir kl\u0113pjdatora iek\u0161\u0113j\u0101 kabata, ietilp\u012bgs galvenais nodal\u012bjums un aizmugur\u0113 sl\u0113pt\u0101 kabata. Magn\u0113tiska aizdare, karab\u012bne un regul\u0113jamas siksnas.<\/p>","status":"publish","sku":"rains-13020-haze","original":159557},"wpml":{"translation_type":1,"has_translations":true,"original":159557,"duplicates":[],"translations":{"lv":159633,"en":159557}},"brands":[{"id":1252,"name":"Rains","slug":"rains-lv"}],"_links":{"self":[{"href":"https:\/\/m50.lv\/lv\/wp-json\/wp\/v2\/product\/159633","targetHints":{"allow":["GET"]}}],"collection":[{"href":"https:\/\/m50.lv\/lv\/wp-json\/wp\/v2\/product"}],"about":[{"href":"https:\/\/m50.lv\/lv\/wp-json\/wp\/v2\/types\/product"}],"version-history":[{"count":0,"href":"https:\/\/m50.lv\/lv\/wp-json\/wp\/v2\/product\/159633\/revisions"}],"wp:featuredmedia":[{"embeddable":true,"href":"https:\/\/m50.lv\/lv\/wp-json\/wp\/v2\/media\/159396"}],"wp:attachment":[{"href":"https:\/\/m50.lv\/lv\/wp-json\/wp\/v2\/media?parent=159633"}],"wp:term":[{"taxonomy":"pwb-brand","embeddable":true,"href":"https:\/\/m50.lv\/lv\/wp-json\/wp\/v2\/pwb-brand?post=159633"},{"taxonomy":"product_cat","embeddable":true,"href":"https:\/\/m50.lv\/lv\/wp-json\/wp\/v2\/product_cat?post=159633"},{"taxonomy":"product_tag","embeddable":true,"href":"https:\/\/m50.lv\/lv\/wp-json\/wp\/v2\/product_tag?post=159633"}],"curies":[{"name":"wp","href":"https:\/\/api.w.org\/{rel}","templated":true}]}}