{"id":159648,"date":"2023-08-15T19:34:05","date_gmt":"2023-08-15T17:34:05","guid":{"rendered":"https:\/\/m50.lv\/product\/rains-lietusmetelis-ar-a-siluetu-dumakaini-zals\/"},"modified":"2024-11-19T00:02:52","modified_gmt":"2024-11-18T22:02:52","slug":"rains-lietusmetelis-ar-a-siluetu-dumakaini-zals","status":"publish","type":"product","link":"https:\/\/m50.lv\/lv\/product\/rains-lietusmetelis-ar-a-siluetu-dumakaini-zals\/","title":{"rendered":"Rains Lietusm\u0113telis ar A siluetu | D\u016bmakaini za\u013c\u0161"},"content":{"rendered":"<p style=\"text-align: left;\">\u0160\u012b \u016bdensnecaurlaid\u012bg\u0101 jaka ir izgriezta no Rains rakstur\u012bg\u0101 PU materi\u0101la. Apdare ir viegla ar m\u012bkstu saj\u016btu.<\/p>\n<p style=\"text-align: left;\">\u016adensdro\u0161a<br \/>\nV\u0113ja necaurlaid\u012bga<br \/>\nViegla<br \/>\nVentil\u0101cija<\/p>\n<p style=\"text-align: left;\">Mazg\u0101t ve\u013casma\u0161\u012bn\u0101 aukst\u0101 \u016bden\u012b 30\u00b0C\/85\u00b0F.<br \/>\nNebalin\u0101t.<br \/>\nNedr\u012bkst \u017e\u0101v\u0113t ve\u013cas ma\u0161\u012bn\u0101.<br \/>\nNegludin\u0101t<br \/>\nNedr\u012bkst \u0137\u012bmiski t\u012br\u012bt.<br \/>\nNeizmantojiet ve\u013cas m\u012bkstin\u0101t\u0101ju.<br \/>\nMazg\u0101t ar l\u012bdz\u012bg\u0101m kr\u0101s\u0101m.<br \/>\n\u2212<br \/>\nKomforts: \u016bdensiztur\u012bgs, v\u0113ja necaurlaid\u012bgs, viegls, ventil\u0113jams<br \/>\nMateri\u0101ls: 100% poliesters ar poliuret\u0101na p\u0101rkl\u0101jumu<br \/>\n\u016adens kolonnas spiediens: 4000 mm<br \/>\n\u016adensiztur\u012bbas v\u0113rt\u0113jums: W3 \u2013 \u016adensnecaurlaid\u012bga aizsardz\u012bba pret vieglu lietus<br \/>\nV\u0113ja necaurlaid\u012bgs: aizsarg\u0101 pret v\u0113ja aukstumu<br \/>\nPiem\u0113rots: sieviete<\/p>\n<p><img fetchpriority=\"high\" decoding=\"async\" class=\"alignnone wp-image-159658\" src=\"https:\/\/m50.lv\/wp-content\/uploads\/2023\/08\/Rains-A-line-06-300x110.jpg\" alt=\"\" width=\"550\" height=\"201\" srcset=\"https:\/\/m50.lv\/wp-content\/uploads\/2023\/08\/Rains-A-line-06-300x110.jpg 300w, https:\/\/m50.lv\/wp-content\/uploads\/2023\/08\/Rains-A-line-06-1024x374.jpg 1024w, https:\/\/m50.lv\/wp-content\/uploads\/2023\/08\/Rains-A-line-06-768x281.jpg 768w, https:\/\/m50.lv\/wp-content\/uploads\/2023\/08\/Rains-A-line-06-1536x561.jpg 1536w, https:\/\/m50.lv\/wp-content\/uploads\/2023\/08\/Rains-A-line-06-2048x748.jpg 2048w, https:\/\/m50.lv\/wp-content\/uploads\/2023\/08\/Rains-A-line-06-897x328.jpg 897w\" sizes=\"(max-width: 550px) 100vw, 550px\" \/><\/p>\n","protected":false},"excerpt":{"rendered":"<p style=\"text-align: center;\">Sievie\u0161u lietusm\u0113telis, kam rakstur\u012bgs A formas siluets, kas pak\u0101peniski palielin\u0101s no kr\u016bt\u012bm l\u012bdz apak\u0161malai. A l\u012bnijas jakai ir savelkama kapuce ar nadzi\u0146u, divas s\u0101nu kabatas.<\/p>\n","protected":false},"featured_media":159521,"template":"","meta":{"_jet_sm_ready_style":"","_jet_sm_style":"","_jet_sm_controls_values":"","_jet_sm_fonts_collection":"","_jet_sm_fonts_links":""},"pwb-brand":[1252],"product_cat":[102,853,854,105],"product_tag":[],"class_list":{"0":"post-159648","1":"product","2":"type-product","3":"status-publish","4":"has-post-thumbnail","6":"pwb-brand-rains-lv","7":"product_cat-apgerbs","8":"product_cat-lietusmeteli","9":"product_cat-lietusmeteli-lv","10":"product_cat-sievietem","12":"first","13":"outofstock","14":"taxable","15":"shipping-taxable","16":"product-type-variable"},"raw_content":{"name":"Rains Lietusm\u0113telis ar A siluetu | D\u016bmakaini za\u013c\u0161","description":"<p style=\"text-align: left;\">\u0160\u012b \u016bdensnecaurlaid\u012bg\u0101 jaka ir izgriezta no Rains rakstur\u012bg\u0101 PU materi\u0101la. Apdare ir viegla ar m\u012bkstu saj\u016btu.<\/p>\r\n<p style=\"text-align: left;\">\u016adensdro\u0161a\r\nV\u0113ja necaurlaid\u012bga\r\nViegla\r\nVentil\u0101cija<\/p>\r\n<p style=\"text-align: left;\">Mazg\u0101t ve\u013casma\u0161\u012bn\u0101 aukst\u0101 \u016bden\u012b 30\u00b0C\/85\u00b0F.\r\nNebalin\u0101t.\r\nNedr\u012bkst \u017e\u0101v\u0113t ve\u013cas ma\u0161\u012bn\u0101.\r\nNegludin\u0101t\r\nNedr\u012bkst \u0137\u012bmiski t\u012br\u012bt.\r\nNeizmantojiet ve\u013cas m\u012bkstin\u0101t\u0101ju.\r\nMazg\u0101t ar l\u012bdz\u012bg\u0101m kr\u0101s\u0101m.\r\n\u2212\r\nKomforts: \u016bdensiztur\u012bgs, v\u0113ja necaurlaid\u012bgs, viegls, ventil\u0113jams\r\nMateri\u0101ls: 100% poliesters ar poliuret\u0101na p\u0101rkl\u0101jumu\r\n\u016adens kolonnas spiediens: 4000 mm\r\n\u016adensiztur\u012bbas v\u0113rt\u0113jums: W3 \u2013 \u016adensnecaurlaid\u012bga aizsardz\u012bba pret vieglu lietus\r\nV\u0113ja necaurlaid\u012bgs: aizsarg\u0101 pret v\u0113ja aukstumu\r\nPiem\u0113rots: sieviete<\/p>\r\n<img class=\"alignnone wp-image-159658\" src=\"https:\/\/m50.lv\/wp-content\/uploads\/2023\/08\/Rains-A-line-06-300x110.jpg\" alt=\"\" width=\"550\" height=\"201\" \/>","short_description":"<p style=\"text-align: center;\">Sievie\u0161u lietusm\u0113telis, kam rakstur\u012bgs A formas siluets, kas pak\u0101peniski palielin\u0101s no kr\u016bt\u012bm l\u012bdz apak\u0161malai. A l\u012bnijas jakai ir savelkama kapuce ar nadzi\u0146u, divas s\u0101nu kabatas.<\/p>","status":"publish","sku":"rains-a-line-w-jacket-haze","original":159562},"wpml":{"translation_type":1,"has_translations":true,"original":159562,"duplicates":[],"translations":{"lv":159648,"en":159562}},"brands":[{"id":1252,"name":"Rains","slug":"rains-lv"}],"_links":{"self":[{"href":"https:\/\/m50.lv\/lv\/wp-json\/wp\/v2\/product\/159648","targetHints":{"allow":["GET"]}}],"collection":[{"href":"https:\/\/m50.lv\/lv\/wp-json\/wp\/v2\/product"}],"about":[{"href":"https:\/\/m50.lv\/lv\/wp-json\/wp\/v2\/types\/product"}],"version-history":[{"count":0,"href":"https:\/\/m50.lv\/lv\/wp-json\/wp\/v2\/product\/159648\/revisions"}],"wp:featuredmedia":[{"embeddable":true,"href":"https:\/\/m50.lv\/lv\/wp-json\/wp\/v2\/media\/159521"}],"wp:attachment":[{"href":"https:\/\/m50.lv\/lv\/wp-json\/wp\/v2\/media?parent=159648"}],"wp:term":[{"taxonomy":"pwb-brand","embeddable":true,"href":"https:\/\/m50.lv\/lv\/wp-json\/wp\/v2\/pwb-brand?post=159648"},{"taxonomy":"product_cat","embeddable":true,"href":"https:\/\/m50.lv\/lv\/wp-json\/wp\/v2\/product_cat?post=159648"},{"taxonomy":"product_tag","embeddable":true,"href":"https:\/\/m50.lv\/lv\/wp-json\/wp\/v2\/product_tag?post=159648"}],"curies":[{"name":"wp","href":"https:\/\/api.w.org\/{rel}","templated":true}]}}