{"id":159757,"date":"2023-08-16T20:42:37","date_gmt":"2023-08-16T18:42:37","guid":{"rendered":"https:\/\/m50.lv\/product\/zane-veldre-kartite-ar-isto-madaru\/"},"modified":"2023-08-16T20:57:57","modified_gmt":"2023-08-16T18:57:57","slug":"zane-veldre-kartite-ar-isto-madaru","status":"publish","type":"product","link":"https:\/\/m50.lv\/lv\/product\/zane-veldre-kartite-ar-isto-madaru\/","title":{"rendered":"ZANE VELDRE KART\u012aTE | \u012aST\u0100 MADARA"},"content":{"rendered":"","protected":false},"excerpt":{"rendered":"<p style=\"text-align: center;\">\u012ast\u0101 madara<br \/>\n10&#215;15 cm<br \/>\nScandi natural white 300g pap\u012brs<\/p>\n<p style=\"text-align: center;\">Zanes Veldres ilustr\u0101cija<\/p>\n","protected":false},"featured_media":159715,"template":"","meta":{"_jet_sm_ready_style":"","_jet_sm_style":"","_jet_sm_controls_values":"","_jet_sm_fonts_collection":"","_jet_sm_fonts_links":""},"pwb-brand":[1286],"product_cat":[110],"product_tag":[1579,1474],"class_list":["post-159757","product","type-product","status-publish","has-post-thumbnail","pwb-brand-zane-veldre-lv","product_cat-pastkartes","product_tag-davanas-mammai","product_tag-gifts-under-20e","first","instock","taxable","shipping-taxable","purchasable","product-type-simple"],"raw_content":{"name":"ZANE VELDRE KART\u012aTE | \u012aST\u0100 MADARA","description":"","short_description":"<p style=\"text-align: center;\">\u012ast\u0101 madara\r\n10x15 cm\r\nScandi natural white 300g pap\u012brs<\/p>\r\n<p style=\"text-align: center;\">Zanes Veldres ilustr\u0101cija<\/p>","status":"publish","sku":"Z-Veldre-madara","original":159701},"wpml":{"translation_type":1,"has_translations":true,"original":159701,"duplicates":[],"translations":{"lv":159757,"en":159701}},"brands":[{"id":1286,"name":"Zane Veldre","slug":"zane-veldre-lv"}],"_links":{"self":[{"href":"https:\/\/m50.lv\/lv\/wp-json\/wp\/v2\/product\/159757","targetHints":{"allow":["GET"]}}],"collection":[{"href":"https:\/\/m50.lv\/lv\/wp-json\/wp\/v2\/product"}],"about":[{"href":"https:\/\/m50.lv\/lv\/wp-json\/wp\/v2\/types\/product"}],"version-history":[{"count":0,"href":"https:\/\/m50.lv\/lv\/wp-json\/wp\/v2\/product\/159757\/revisions"}],"wp:featuredmedia":[{"embeddable":true,"href":"https:\/\/m50.lv\/lv\/wp-json\/wp\/v2\/media\/159715"}],"wp:attachment":[{"href":"https:\/\/m50.lv\/lv\/wp-json\/wp\/v2\/media?parent=159757"}],"wp:term":[{"taxonomy":"pwb-brand","embeddable":true,"href":"https:\/\/m50.lv\/lv\/wp-json\/wp\/v2\/pwb-brand?post=159757"},{"taxonomy":"product_cat","embeddable":true,"href":"https:\/\/m50.lv\/lv\/wp-json\/wp\/v2\/product_cat?post=159757"},{"taxonomy":"product_tag","embeddable":true,"href":"https:\/\/m50.lv\/lv\/wp-json\/wp\/v2\/product_tag?post=159757"}],"curies":[{"name":"wp","href":"https:\/\/api.w.org\/{rel}","templated":true}]}}