{"id":159767,"date":"2023-08-16T20:53:28","date_gmt":"2023-08-16T18:53:28","guid":{"rendered":"https:\/\/m50.lv\/product\/zane-veldre-plakats-meza-zveri-a3\/"},"modified":"2025-10-13T17:45:41","modified_gmt":"2025-10-13T15:45:41","slug":"zane-veldre-plakats-meza-zveri-a3","status":"publish","type":"product","link":"https:\/\/m50.lv\/lv\/product\/zane-veldre-plakats-meza-zveri-a3\/","title":{"rendered":"ZANE VELDRE Plak\u0101ts | ME\u017dA ZV\u0112RI A3"},"content":{"rendered":"","protected":false},"excerpt":{"rendered":"<p style=\"text-align: center;\">Zv\u0113ri, kurus var sastapt me\u017e\u0101<br \/>\nPlak\u0101ts, Zanes Veldres ilustr\u0101cijas<\/p>\n<p style=\"text-align: center;\">A3 &#8211; 297 x420 mm<\/p>\n","protected":false},"featured_media":159723,"template":"","meta":{"_jet_sm_ready_style":"","_jet_sm_style":"","_jet_sm_controls_values":"","_jet_sm_fonts_collection":"","_jet_sm_fonts_links":""},"pwb-brand":[1286],"product_cat":[1194],"product_tag":[1366,1579],"class_list":{"0":"post-159767","1":"product","2":"type-product","3":"status-publish","4":"has-post-thumbnail","6":"pwb-brand-zane-veldre-lv","7":"product_cat-plakati","8":"product_tag-back-2-school-lv","9":"product_tag-davanas-mammai","11":"first","12":"instock","13":"taxable","14":"shipping-taxable","15":"purchasable","16":"product-type-simple"},"raw_content":{"name":"ZANE VELDRE Plak\u0101ts | ME\u017dA ZV\u0112RI A3","description":"","short_description":"<p style=\"text-align: center;\">Zv\u0113ri, kurus var sastapt me\u017e\u0101\r\nPlak\u0101ts, Zanes Veldres ilustr\u0101cijas<\/p>\r\n<p style=\"text-align: center;\">A3 - 297 x420 mm<\/p>","status":"publish","sku":"Z-Veldre-mezazveri","original":159749},"wpml":{"translation_type":1,"has_translations":true,"original":159749,"duplicates":[],"translations":{"lv":159767,"en":159749}},"brands":[{"id":1286,"name":"Zane Veldre","slug":"zane-veldre-lv"}],"_links":{"self":[{"href":"https:\/\/m50.lv\/lv\/wp-json\/wp\/v2\/product\/159767","targetHints":{"allow":["GET"]}}],"collection":[{"href":"https:\/\/m50.lv\/lv\/wp-json\/wp\/v2\/product"}],"about":[{"href":"https:\/\/m50.lv\/lv\/wp-json\/wp\/v2\/types\/product"}],"version-history":[{"count":0,"href":"https:\/\/m50.lv\/lv\/wp-json\/wp\/v2\/product\/159767\/revisions"}],"wp:featuredmedia":[{"embeddable":true,"href":"https:\/\/m50.lv\/lv\/wp-json\/wp\/v2\/media\/159723"}],"wp:attachment":[{"href":"https:\/\/m50.lv\/lv\/wp-json\/wp\/v2\/media?parent=159767"}],"wp:term":[{"taxonomy":"pwb-brand","embeddable":true,"href":"https:\/\/m50.lv\/lv\/wp-json\/wp\/v2\/pwb-brand?post=159767"},{"taxonomy":"product_cat","embeddable":true,"href":"https:\/\/m50.lv\/lv\/wp-json\/wp\/v2\/product_cat?post=159767"},{"taxonomy":"product_tag","embeddable":true,"href":"https:\/\/m50.lv\/lv\/wp-json\/wp\/v2\/product_tag?post=159767"}],"curies":[{"name":"wp","href":"https:\/\/api.w.org\/{rel}","templated":true}]}}