{"id":159993,"date":"2023-08-25T10:29:43","date_gmt":"2023-08-25T08:29:43","guid":{"rendered":"https:\/\/m50.lv\/product\/m50-x-vaira-viksne-velveta-kepons-persiks-melns\/"},"modified":"2024-07-06T16:12:11","modified_gmt":"2024-07-06T14:12:11","slug":"m50-x-vaira-viksne-velveta-kepons-persiks-melns","status":"publish","type":"product","link":"https:\/\/m50.lv\/lv\/product\/m50-x-vaira-viksne-velveta-kepons-persiks-melns\/","title":{"rendered":"M50 x Vaira V\u012bksne Velveta kepons PERSIKS | Melns"},"content":{"rendered":"<p style=\"text-align: left;\">100% kokvilnas velvets<br \/>\n6 pane\u013cu dizains<br \/>\nM\u012bksta virspuse<br \/>\nVint\u0101\u017eas stils<br \/>\nKokvilnas iek\u0161\u0113j\u0101 l\u012bnija<br \/>\n\u0112rta izm\u0113ra regul\u0113\u0161ana<\/p>\n","protected":false},"excerpt":{"rendered":"<p style=\"text-align: center;\">Sul\u012bgs vasar\u012bgs dizains, kur\u0101 gardu muti iekosties. Iz\u0161\u016bts persiks uz melna velveta kepona. Pilnam komplektam ir ar\u012b T krekls un \u0161orti\u0146i.<\/p>\n","protected":false},"featured_media":159960,"template":"","meta":{"_jet_sm_ready_style":"","_jet_sm_style":"","_jet_sm_controls_values":"","_jet_sm_fonts_collection":"","_jet_sm_fonts_links":""},"pwb-brand":[1261],"product_cat":[101,570],"product_tag":[],"class_list":{"0":"post-159993","1":"product","2":"type-product","3":"status-publish","4":"has-post-thumbnail","6":"pwb-brand-vaira-viksne-lv","7":"product_cat-aksesuari","8":"product_cat-keponi","10":"first","11":"outofstock","12":"taxable","13":"shipping-taxable","14":"purchasable","15":"product-type-simple"},"raw_content":{"name":"M50 x Vaira V\u012bksne Velveta kepons PERSIKS | Melns","description":"<p style=\"text-align: left;\">100% kokvilnas velvets\r\n6 pane\u013cu dizains\r\nM\u012bksta virspuse\r\nVint\u0101\u017eas stils\r\nKokvilnas iek\u0161\u0113j\u0101 l\u012bnija\r\n\u0112rta izm\u0113ra regul\u0113\u0161ana<\/p>","short_description":"<p style=\"text-align: center;\">Sul\u012bgs vasar\u012bgs dizains, kur\u0101 gardu muti iekosties. Iz\u0161\u016bts persiks uz melna velveta kepona. Pilnam komplektam ir ar\u012b T krekls un \u0161orti\u0146i.<\/p>","status":"publish","sku":"M50xVV-cap-peach-blk","original":159983},"wpml":{"translation_type":1,"has_translations":true,"original":159983,"duplicates":[],"translations":{"lv":159993,"en":159983}},"brands":[{"id":1261,"name":"Vaira V\u012bksne","slug":"vaira-viksne-lv"}],"_links":{"self":[{"href":"https:\/\/m50.lv\/lv\/wp-json\/wp\/v2\/product\/159993","targetHints":{"allow":["GET"]}}],"collection":[{"href":"https:\/\/m50.lv\/lv\/wp-json\/wp\/v2\/product"}],"about":[{"href":"https:\/\/m50.lv\/lv\/wp-json\/wp\/v2\/types\/product"}],"version-history":[{"count":0,"href":"https:\/\/m50.lv\/lv\/wp-json\/wp\/v2\/product\/159993\/revisions"}],"wp:featuredmedia":[{"embeddable":true,"href":"https:\/\/m50.lv\/lv\/wp-json\/wp\/v2\/media\/159960"}],"wp:attachment":[{"href":"https:\/\/m50.lv\/lv\/wp-json\/wp\/v2\/media?parent=159993"}],"wp:term":[{"taxonomy":"pwb-brand","embeddable":true,"href":"https:\/\/m50.lv\/lv\/wp-json\/wp\/v2\/pwb-brand?post=159993"},{"taxonomy":"product_cat","embeddable":true,"href":"https:\/\/m50.lv\/lv\/wp-json\/wp\/v2\/product_cat?post=159993"},{"taxonomy":"product_tag","embeddable":true,"href":"https:\/\/m50.lv\/lv\/wp-json\/wp\/v2\/product_tag?post=159993"}],"curies":[{"name":"wp","href":"https:\/\/api.w.org\/{rel}","templated":true}]}}