{"id":159995,"date":"2023-08-25T10:31:42","date_gmt":"2023-08-25T08:31:42","guid":{"rendered":"https:\/\/m50.lv\/product\/m50-x-vaira-viksne-organiskas-kepons-zieds\/"},"modified":"2024-01-17T07:30:11","modified_gmt":"2024-01-17T05:30:11","slug":"m50-x-vaira-viksne-organiskas-kepons-zieds","status":"publish","type":"product","link":"https:\/\/m50.lv\/lv\/product\/m50-x-vaira-viksne-organiskas-kepons-zieds\/","title":{"rendered":"M50 x Vaira V\u012bksne Organiskas kepons ZIEDS"},"content":{"rendered":"<p style=\"text-align: left;\">100% mazg\u0101ta kokvilna<br \/>\nVint\u0101\u017eas stils<br \/>\nZema profila 6 pane\u013cu dizains<br \/>\nM\u012bksta virspuse<br \/>\nKokvilnas iek\u0161\u0113j\u0101 l\u012bnija<br \/>\n\u0112rti regul\u0113jams izm\u0113rs ar misi\u0146a spr\u0101dzi<br \/>\nVentil\u0101cijas cilpas<\/p>\n","protected":false},"excerpt":{"rendered":"<p style=\"text-align: center;\">Papildini savu stilu ar elegances piesk\u0101rienu! Kepons ar smalki iz\u0161\u016btu, stiliz\u0113tu ziedu, kas apvieno modi un m\u0101kslu.<\/p>\n","protected":false},"featured_media":159976,"template":"","meta":{"_jet_sm_ready_style":"","_jet_sm_style":"","_jet_sm_controls_values":"","_jet_sm_fonts_collection":"","_jet_sm_fonts_links":""},"pwb-brand":[1261],"product_cat":[101,570],"product_tag":[1368],"class_list":{"0":"post-159995","1":"product","2":"type-product","3":"status-publish","4":"has-post-thumbnail","6":"pwb-brand-vaira-viksne-lv","7":"product_cat-aksesuari","8":"product_cat-keponi","9":"product_tag-tevu-diena","11":"first","12":"instock","13":"taxable","14":"shipping-taxable","15":"purchasable","16":"product-type-simple"},"raw_content":{"name":"M50 x Vaira V\u012bksne Organiskas kepons ZIEDS","description":"<p style=\"text-align: left;\">100% mazg\u0101ta kokvilna\r\nVint\u0101\u017eas stils\r\nZema profila 6 pane\u013cu dizains\r\nM\u012bksta virspuse\r\nKokvilnas iek\u0161\u0113j\u0101 l\u012bnija\r\n\u0112rti regul\u0113jams izm\u0113rs ar misi\u0146a spr\u0101dzi\r\nVentil\u0101cijas cilpas<\/p>","short_description":"<p style=\"text-align: center;\">Papildini savu stilu ar elegances piesk\u0101rienu! Kepons ar smalki iz\u0161\u016btu, stiliz\u0113tu ziedu, kas apvieno modi un m\u0101kslu.<\/p>","status":"publish","sku":"M50xVV-cap-sun","original":159985},"wpml":{"translation_type":1,"has_translations":true,"original":159985,"duplicates":[],"translations":{"lv":159995,"en":159985}},"brands":[{"id":1261,"name":"Vaira V\u012bksne","slug":"vaira-viksne-lv"}],"_links":{"self":[{"href":"https:\/\/m50.lv\/lv\/wp-json\/wp\/v2\/product\/159995","targetHints":{"allow":["GET"]}}],"collection":[{"href":"https:\/\/m50.lv\/lv\/wp-json\/wp\/v2\/product"}],"about":[{"href":"https:\/\/m50.lv\/lv\/wp-json\/wp\/v2\/types\/product"}],"version-history":[{"count":0,"href":"https:\/\/m50.lv\/lv\/wp-json\/wp\/v2\/product\/159995\/revisions"}],"wp:featuredmedia":[{"embeddable":true,"href":"https:\/\/m50.lv\/lv\/wp-json\/wp\/v2\/media\/159976"}],"wp:attachment":[{"href":"https:\/\/m50.lv\/lv\/wp-json\/wp\/v2\/media?parent=159995"}],"wp:term":[{"taxonomy":"pwb-brand","embeddable":true,"href":"https:\/\/m50.lv\/lv\/wp-json\/wp\/v2\/pwb-brand?post=159995"},{"taxonomy":"product_cat","embeddable":true,"href":"https:\/\/m50.lv\/lv\/wp-json\/wp\/v2\/product_cat?post=159995"},{"taxonomy":"product_tag","embeddable":true,"href":"https:\/\/m50.lv\/lv\/wp-json\/wp\/v2\/product_tag?post=159995"}],"curies":[{"name":"wp","href":"https:\/\/api.w.org\/{rel}","templated":true}]}}