{"id":160075,"date":"2023-08-25T10:59:45","date_gmt":"2023-08-25T08:59:45","guid":{"rendered":"https:\/\/m50.lv\/product\/iidziiba-iepirkumtasa-subjektiva-viedokla-specialists\/"},"modified":"2025-06-07T14:17:11","modified_gmt":"2025-06-07T12:17:11","slug":"iidziiba-iepirkumtasa-subjektiva-viedokla-specialists","status":"publish","type":"product","link":"https:\/\/m50.lv\/lv\/product\/iidziiba-iepirkumtasa-subjektiva-viedokla-specialists\/","title":{"rendered":"iidziiba Iepirkumta\u0161a SUBJEKT\u012aVA VIEDOK\u013bA SPECI\u0100LISTS"},"content":{"rendered":"<ul>\n<li style=\"text-align: left;\">100% kokvilna &#8211; 200 g\/m\u00b2<\/li>\n<li style=\"text-align: left;\">Izm\u0113ri: 38 x 42 cm<\/li>\n<li style=\"text-align: left;\">Roktura garums &#8211; 67cm<\/li>\n<\/ul>\n<p style=\"text-align: left;\">Kop\u0161anas instrukcijas<\/p>\n<ul>\n<li style=\"text-align: left;\">Mazg\u0101t ve\u013cas ma\u0161\u012bn\u0101 30 gr\u0101dos uz otru pusi<\/li>\n<li style=\"text-align: left;\">Nelikt ve\u013cas \u017e\u0101v\u0113t\u0101j\u0101<\/li>\n<li style=\"text-align: left;\">Negludiniet tie\u0161i uz teksta<\/li>\n<\/ul>\n","protected":false},"excerpt":{"rendered":"<p style=\"text-align: center;\">M\u0101kslas projekta IIDZIIBA iepirkumu ta\u0161a, kas ir pelnu pel\u0113k\u0101 kr\u0101s\u0101 ar baltu teksta apdruku.<\/p>\n","protected":false},"featured_media":160042,"template":"","meta":{"_jet_sm_ready_style":"","_jet_sm_style":"","_jet_sm_controls_values":"","_jet_sm_fonts_collection":"","_jet_sm_fonts_links":""},"pwb-brand":[1257],"product_cat":[101,205,193],"product_tag":[1474],"class_list":{"0":"post-160075","1":"product","2":"type-product","3":"status-publish","4":"has-post-thumbnail","6":"pwb-brand-iidziiba-lv","7":"product_cat-aksesuari","8":"product_cat-auduma-maisini","9":"product_cat-davanas","10":"product_tag-gifts-under-20e","12":"first","13":"instock","14":"taxable","15":"shipping-taxable","16":"purchasable","17":"product-type-simple"},"raw_content":{"name":"iidziiba Iepirkumta\u0161a SUBJEKT\u012aVA VIEDOK\u013bA SPECI\u0100LISTS","description":"<ul>\r\n \t<li style=\"text-align: left;\">100% kokvilna - 200 g\/m\u00b2<\/li>\r\n \t<li style=\"text-align: left;\">Izm\u0113ri: 38 x 42 cm<\/li>\r\n \t<li style=\"text-align: left;\">Roktura garums - 67cm<\/li>\r\n<\/ul>\r\n<p style=\"text-align: left;\">Kop\u0161anas instrukcijas<\/p>\r\n\r\n<ul>\r\n \t<li style=\"text-align: left;\">Mazg\u0101t ve\u013cas ma\u0161\u012bn\u0101 30 gr\u0101dos uz otru pusi<\/li>\r\n \t<li style=\"text-align: left;\">Nelikt ve\u013cas \u017e\u0101v\u0113t\u0101j\u0101<\/li>\r\n \t<li style=\"text-align: left;\">Negludiniet tie\u0161i uz teksta<\/li>\r\n<\/ul>","short_description":"<p style=\"text-align: center;\">M\u0101kslas projekta IIDZIIBA iepirkumu ta\u0161a, kas ir pelnu pel\u0113k\u0101 kr\u0101s\u0101 ar baltu teksta apdruku.<\/p>","status":"publish","sku":"iidziiba-specialists","original":160016},"wpml":{"translation_type":1,"has_translations":true,"original":160016,"duplicates":[],"translations":{"lv":160075,"en":160016}},"brands":[{"id":1257,"name":"iidziiba","slug":"iidziiba-lv"}],"_links":{"self":[{"href":"https:\/\/m50.lv\/lv\/wp-json\/wp\/v2\/product\/160075","targetHints":{"allow":["GET"]}}],"collection":[{"href":"https:\/\/m50.lv\/lv\/wp-json\/wp\/v2\/product"}],"about":[{"href":"https:\/\/m50.lv\/lv\/wp-json\/wp\/v2\/types\/product"}],"version-history":[{"count":0,"href":"https:\/\/m50.lv\/lv\/wp-json\/wp\/v2\/product\/160075\/revisions"}],"wp:featuredmedia":[{"embeddable":true,"href":"https:\/\/m50.lv\/lv\/wp-json\/wp\/v2\/media\/160042"}],"wp:attachment":[{"href":"https:\/\/m50.lv\/lv\/wp-json\/wp\/v2\/media?parent=160075"}],"wp:term":[{"taxonomy":"pwb-brand","embeddable":true,"href":"https:\/\/m50.lv\/lv\/wp-json\/wp\/v2\/pwb-brand?post=160075"},{"taxonomy":"product_cat","embeddable":true,"href":"https:\/\/m50.lv\/lv\/wp-json\/wp\/v2\/product_cat?post=160075"},{"taxonomy":"product_tag","embeddable":true,"href":"https:\/\/m50.lv\/lv\/wp-json\/wp\/v2\/product_tag?post=160075"}],"curies":[{"name":"wp","href":"https:\/\/api.w.org\/{rel}","templated":true}]}}