{"id":160079,"date":"2023-08-25T11:01:41","date_gmt":"2023-08-25T09:01:41","guid":{"rendered":"https:\/\/m50.lv\/product\/iidziiba-iepirkumtasa-priecigna\/"},"modified":"2023-12-10T19:04:47","modified_gmt":"2023-12-10T17:04:47","slug":"iidziiba-iepirkumtasa-priecigna","status":"publish","type":"product","link":"https:\/\/m50.lv\/lv\/product\/iidziiba-iepirkumtasa-priecigna\/","title":{"rendered":"iidziiba Iepirkumta\u0161a PRIEC\u012aG\u0145A"},"content":{"rendered":"<ul>\n<li style=\"text-align: left;\">100% kokvilna &#8211; 200 g\/m\u00b2<\/li>\n<li style=\"text-align: left;\">Izm\u0113ri: 38 x 42 cm<\/li>\n<li style=\"text-align: left;\">Roktura garums &#8211; 67cm<\/li>\n<\/ul>\n<p style=\"text-align: left;\">Kop\u0161anas instrukcijas<\/p>\n<ul>\n<li style=\"text-align: left;\">Mazg\u0101t ve\u013cas ma\u0161\u012bn\u0101 30 gr\u0101dos uz otru pusi<\/li>\n<li style=\"text-align: left;\">Nelikt ve\u013cas \u017e\u0101v\u0113t\u0101j\u0101<\/li>\n<li style=\"text-align: left;\">Negludiniet tie\u0161i uz teksta<\/li>\n<\/ul>\n","protected":false},"excerpt":{"rendered":"<p style=\"text-align: center;\">M\u0101kslas projekta IIDZIIBA iepirkumu ta\u0161a, kas ir pelnu pel\u0113k\u0101 kr\u0101s\u0101 ar baltu teksta apdruku.<\/p>\n","protected":false},"featured_media":160036,"template":"","meta":{"_jet_sm_ready_style":"","_jet_sm_style":"","_jet_sm_controls_values":"","_jet_sm_fonts_collection":"","_jet_sm_fonts_links":""},"pwb-brand":[1257],"product_cat":[101,205,193],"product_tag":[1474],"class_list":["post-160079","product","type-product","status-publish","has-post-thumbnail","pwb-brand-iidziiba-lv","product_cat-aksesuari","product_cat-auduma-maisini","product_cat-davanas","product_tag-gifts-under-20e","first","instock","taxable","shipping-taxable","purchasable","product-type-simple"],"raw_content":{"name":"iidziiba Iepirkumta\u0161a PRIEC\u012aG\u0145A","description":"<ul>\r\n \t<li style=\"text-align: left;\">100% kokvilna - 200 g\/m\u00b2<\/li>\r\n \t<li style=\"text-align: left;\">Izm\u0113ri: 38 x 42 cm<\/li>\r\n \t<li style=\"text-align: left;\">Roktura garums - 67cm<\/li>\r\n<\/ul>\r\n<p style=\"text-align: left;\">Kop\u0161anas instrukcijas<\/p>\r\n\r\n<ul>\r\n \t<li style=\"text-align: left;\">Mazg\u0101t ve\u013cas ma\u0161\u012bn\u0101 30 gr\u0101dos uz otru pusi<\/li>\r\n \t<li style=\"text-align: left;\">Nelikt ve\u013cas \u017e\u0101v\u0113t\u0101j\u0101<\/li>\r\n \t<li style=\"text-align: left;\">Negludiniet tie\u0161i uz teksta<\/li>\r\n<\/ul>","short_description":"<p style=\"text-align: center;\">M\u0101kslas projekta IIDZIIBA iepirkumu ta\u0161a, kas ir pelnu pel\u0113k\u0101 kr\u0101s\u0101 ar baltu teksta apdruku.<\/p>","status":"publish","sku":"iidziiba-priecigna","original":160027},"wpml":{"translation_type":1,"has_translations":true,"original":160027,"duplicates":[],"translations":{"lv":160079,"en":160027}},"brands":[{"id":1257,"name":"iidziiba","slug":"iidziiba-lv"}],"_links":{"self":[{"href":"https:\/\/m50.lv\/lv\/wp-json\/wp\/v2\/product\/160079","targetHints":{"allow":["GET"]}}],"collection":[{"href":"https:\/\/m50.lv\/lv\/wp-json\/wp\/v2\/product"}],"about":[{"href":"https:\/\/m50.lv\/lv\/wp-json\/wp\/v2\/types\/product"}],"version-history":[{"count":0,"href":"https:\/\/m50.lv\/lv\/wp-json\/wp\/v2\/product\/160079\/revisions"}],"wp:featuredmedia":[{"embeddable":true,"href":"https:\/\/m50.lv\/lv\/wp-json\/wp\/v2\/media\/160036"}],"wp:attachment":[{"href":"https:\/\/m50.lv\/lv\/wp-json\/wp\/v2\/media?parent=160079"}],"wp:term":[{"taxonomy":"pwb-brand","embeddable":true,"href":"https:\/\/m50.lv\/lv\/wp-json\/wp\/v2\/pwb-brand?post=160079"},{"taxonomy":"product_cat","embeddable":true,"href":"https:\/\/m50.lv\/lv\/wp-json\/wp\/v2\/product_cat?post=160079"},{"taxonomy":"product_tag","embeddable":true,"href":"https:\/\/m50.lv\/lv\/wp-json\/wp\/v2\/product_tag?post=160079"}],"curies":[{"name":"wp","href":"https:\/\/api.w.org\/{rel}","templated":true}]}}