{"id":160319,"date":"2023-08-31T16:25:39","date_gmt":"2023-08-31T14:25:39","guid":{"rendered":"https:\/\/m50.lv\/product\/24bottles-urban-udenspudele-1000ml-daydreaming\/"},"modified":"2024-11-19T00:01:24","modified_gmt":"2024-11-18T22:01:24","slug":"24bottles-urban-udenspudele-1000ml-daydreaming","status":"publish","type":"product","link":"https:\/\/m50.lv\/lv\/product\/24bottles-urban-udenspudele-1000ml-daydreaming\/","title":{"rendered":"24Bottles Urban \u016adenspudele 1000ml | Daydreaming"},"content":{"rendered":"<p style=\"text-align: left;\">18\/8 p\u0101rtikas kvalit\u0101tes ner\u016bs\u0113jo\u0161ais t\u0113rauds<br \/>\n100% bez BPA, nesatur toks\u012bnus<br \/>\nSaglab\u0101 un nepie\u0161\u0137ir arom\u0101tu<br \/>\nViens pagrieziens herm\u0113tisk\u0101 v\u0101ka atv\u0113r\u0161anai<br \/>\nPlats kakli\u0146\u0161 ledus piepild\u012b\u0161anai un \u0113rtai t\u012br\u012b\u0161anai<br \/>\nViena sieni\u0146a<br \/>\nLidostas dro\u0161\u012bbai draudz\u012bga<br \/>\nIeteicams mazg\u0101t ar rok\u0101m<br \/>\nTilpums 1000 ml \u2013 Diametrs \u00f8 8 cm \u2013 Kakli\u0146\u0161 \u00f8 3,3 cm \u2013 Augstums 25,5 cm \u2013 Svars 158 g<\/p>\n","protected":false},"excerpt":{"rendered":"<p style=\"text-align: center;\">Urban \u016bdenspudele ir \u012bpa\u0161i viegla ner\u016bs\u0113jo\u0161a t\u0113rauda pudele, kas paredz\u0113ta \u0113rtai malko\u0161anai un atk\u0101rtotai uzpild\u012b\u0161anai, atrodoties ce\u013c\u0101!<\/p>\n","protected":false},"featured_media":160276,"template":"","meta":{"_jet_sm_ready_style":"","_jet_sm_style":"","_jet_sm_controls_values":"","_jet_sm_fonts_collection":"","_jet_sm_fonts_links":""},"pwb-brand":[1251],"product_cat":[202,710],"product_tag":[],"class_list":{"0":"post-160319","1":"product","2":"type-product","3":"status-publish","4":"has-post-thumbnail","6":"pwb-brand-24bottles-lv","7":"product_cat-24bottles-lv","8":"product_cat-urban","10":"first","11":"outofstock","12":"taxable","13":"shipping-taxable","14":"purchasable","15":"product-type-simple"},"raw_content":{"name":"24Bottles Urban \u016adenspudele 1000ml | Daydreaming","description":"<p style=\"text-align: left;\">18\/8 p\u0101rtikas kvalit\u0101tes ner\u016bs\u0113jo\u0161ais t\u0113rauds\r\n100% bez BPA, nesatur toks\u012bnus\r\nSaglab\u0101 un nepie\u0161\u0137ir arom\u0101tu\r\nViens pagrieziens herm\u0113tisk\u0101 v\u0101ka atv\u0113r\u0161anai\r\nPlats kakli\u0146\u0161 ledus piepild\u012b\u0161anai un \u0113rtai t\u012br\u012b\u0161anai\r\nViena sieni\u0146a\r\nLidostas dro\u0161\u012bbai draudz\u012bga\r\nIeteicams mazg\u0101t ar rok\u0101m\r\nTilpums 1000 ml \u2013 Diametrs \u00f8 8 cm \u2013 Kakli\u0146\u0161 \u00f8 3,3 cm \u2013 Augstums 25,5 cm \u2013 Svars 158 g<\/p>","short_description":"<p style=\"text-align: center;\">Urban \u016bdenspudele ir \u012bpa\u0161i viegla ner\u016bs\u0113jo\u0161a t\u0113rauda pudele, kas paredz\u0113ta \u0113rtai malko\u0161anai un atk\u0101rtotai uzpild\u012b\u0161anai, atrodoties ce\u013c\u0101!<\/p>","status":"publish","sku":"urban-1l-daydreaming","original":160224},"wpml":{"translation_type":1,"has_translations":true,"original":160224,"duplicates":[],"translations":{"lv":160319,"en":160224}},"brands":[{"id":1251,"name":"24Bottles","slug":"24bottles-lv"}],"_links":{"self":[{"href":"https:\/\/m50.lv\/lv\/wp-json\/wp\/v2\/product\/160319","targetHints":{"allow":["GET"]}}],"collection":[{"href":"https:\/\/m50.lv\/lv\/wp-json\/wp\/v2\/product"}],"about":[{"href":"https:\/\/m50.lv\/lv\/wp-json\/wp\/v2\/types\/product"}],"version-history":[{"count":0,"href":"https:\/\/m50.lv\/lv\/wp-json\/wp\/v2\/product\/160319\/revisions"}],"wp:featuredmedia":[{"embeddable":true,"href":"https:\/\/m50.lv\/lv\/wp-json\/wp\/v2\/media\/160276"}],"wp:attachment":[{"href":"https:\/\/m50.lv\/lv\/wp-json\/wp\/v2\/media?parent=160319"}],"wp:term":[{"taxonomy":"pwb-brand","embeddable":true,"href":"https:\/\/m50.lv\/lv\/wp-json\/wp\/v2\/pwb-brand?post=160319"},{"taxonomy":"product_cat","embeddable":true,"href":"https:\/\/m50.lv\/lv\/wp-json\/wp\/v2\/product_cat?post=160319"},{"taxonomy":"product_tag","embeddable":true,"href":"https:\/\/m50.lv\/lv\/wp-json\/wp\/v2\/product_tag?post=160319"}],"curies":[{"name":"wp","href":"https:\/\/api.w.org\/{rel}","templated":true}]}}