{"id":160323,"date":"2023-08-31T16:29:46","date_gmt":"2023-08-31T14:29:46","guid":{"rendered":"https:\/\/m50.lv\/product\/24bottles-clima-termopudele-500ml-galileo\/"},"modified":"2023-08-31T16:29:46","modified_gmt":"2023-08-31T14:29:46","slug":"24bottles-clima-termopudele-500ml-galileo","status":"publish","type":"product","link":"https:\/\/m50.lv\/lv\/product\/24bottles-clima-termopudele-500ml-galileo\/","title":{"rendered":"24Bottles Clima Termopudele 500ml | Galileo"},"content":{"rendered":"<p style=\"text-align: left;\">Uz pudeles neveidojas kondens\u0101ts, un t\u0101 ir kompakta. \u0160\u012b pudele ir paredz\u0113ta k\u0101 ce\u013cabiedrs ikvien\u0101 J\u016bsu piedz\u012bvojum\u0101.<\/p>\n<p style=\"text-align: left;\">Varat pievienot papildu funkcijas, ko nodro\u0161ina paroc\u012bgie kor\u0137i un piederumi\/ Sver tikai 260 g<br \/>\nDiametrs \u00f8 7,3 cm \u2013 Atvere \u00f8 3,3 cm \u2013 Augstums 20,4 cm<br \/>\nIzgatavota no 18\/8 p\u0101rtikas klases ner\u016bso\u0161\u0101 t\u0113rauda.<br \/>\nNesatur bisfenolu A, ftal\u0101tus un toks\u012bnus.<br \/>\nHerm\u0113tiska silikona aizdare.<br \/>\nNer\u016bso\u0161\u0101 t\u0113rauda kor\u0137is nodro\u0161ina, ka izstr\u0101d\u0101jums nesatur plastmasu.<\/p>\n","protected":false},"excerpt":{"rendered":"<p style=\"text-align: center;\">Clima ir izol\u0113ta \u016bdens pudele, kas uztur dz\u0113rienus karstus un aukstus stund\u0101m ilgi. Pudele ir \u012bpa\u0161i viegla un ar da\u017e\u0101d\u0101m dizaina iesp\u0113j\u0101m atbilsto\u0161i J\u016bsu v\u0113lm\u0113m.<\/p>\n","protected":false},"featured_media":160236,"template":"","meta":{"_jet_sm_ready_style":"","_jet_sm_style":"","_jet_sm_controls_values":"","_jet_sm_fonts_collection":"","_jet_sm_fonts_links":""},"pwb-brand":[1251],"product_cat":[202,708],"product_tag":[],"class_list":{"0":"post-160323","1":"product","2":"type-product","3":"status-publish","4":"has-post-thumbnail","6":"pwb-brand-24bottles-lv","7":"product_cat-24bottles-lv","8":"product_cat-clima","10":"first","11":"outofstock","12":"taxable","13":"shipping-taxable","14":"purchasable","15":"product-type-simple"},"raw_content":{"name":"24Bottles Clima Termopudele 500ml | Galileo","description":"<p style=\"text-align: left;\">Uz pudeles neveidojas kondens\u0101ts, un t\u0101 ir kompakta. \u0160\u012b pudele ir paredz\u0113ta k\u0101 ce\u013cabiedrs ikvien\u0101 J\u016bsu piedz\u012bvojum\u0101.<\/p>\r\n<p style=\"text-align: left;\">Varat pievienot papildu funkcijas, ko nodro\u0161ina paroc\u012bgie kor\u0137i un piederumi\/ Sver tikai 260 g\r\nDiametrs \u00f8 7,3 cm \u2013 Atvere \u00f8 3,3 cm \u2013 Augstums 20,4 cm\r\nIzgatavota no 18\/8 p\u0101rtikas klases ner\u016bso\u0161\u0101 t\u0113rauda.\r\nNesatur bisfenolu A, ftal\u0101tus un toks\u012bnus.\r\nHerm\u0113tiska silikona aizdare.\r\nNer\u016bso\u0161\u0101 t\u0113rauda kor\u0137is nodro\u0161ina, ka izstr\u0101d\u0101jums nesatur plastmasu.<\/p>","short_description":"<p style=\"text-align: center;\">Clima ir izol\u0113ta \u016bdens pudele, kas uztur dz\u0113rienus karstus un aukstus stund\u0101m ilgi. Pudele ir \u012bpa\u0161i viegla un ar da\u017e\u0101d\u0101m dizaina iesp\u0113j\u0101m atbilsto\u0161i J\u016bsu v\u0113lm\u0113m.<\/p>","status":"publish","sku":"clima-500-galileo","original":160230},"wpml":{"translation_type":1,"has_translations":true,"original":160230,"duplicates":[],"translations":{"lv":160323,"en":160230}},"brands":[{"id":1251,"name":"24Bottles","slug":"24bottles-lv"}],"_links":{"self":[{"href":"https:\/\/m50.lv\/lv\/wp-json\/wp\/v2\/product\/160323","targetHints":{"allow":["GET"]}}],"collection":[{"href":"https:\/\/m50.lv\/lv\/wp-json\/wp\/v2\/product"}],"about":[{"href":"https:\/\/m50.lv\/lv\/wp-json\/wp\/v2\/types\/product"}],"version-history":[{"count":0,"href":"https:\/\/m50.lv\/lv\/wp-json\/wp\/v2\/product\/160323\/revisions"}],"wp:featuredmedia":[{"embeddable":true,"href":"https:\/\/m50.lv\/lv\/wp-json\/wp\/v2\/media\/160236"}],"wp:attachment":[{"href":"https:\/\/m50.lv\/lv\/wp-json\/wp\/v2\/media?parent=160323"}],"wp:term":[{"taxonomy":"pwb-brand","embeddable":true,"href":"https:\/\/m50.lv\/lv\/wp-json\/wp\/v2\/pwb-brand?post=160323"},{"taxonomy":"product_cat","embeddable":true,"href":"https:\/\/m50.lv\/lv\/wp-json\/wp\/v2\/product_cat?post=160323"},{"taxonomy":"product_tag","embeddable":true,"href":"https:\/\/m50.lv\/lv\/wp-json\/wp\/v2\/product_tag?post=160323"}],"curies":[{"name":"wp","href":"https:\/\/api.w.org\/{rel}","templated":true}]}}