{"id":161021,"date":"2023-09-25T12:24:14","date_gmt":"2023-09-25T10:24:14","guid":{"rendered":"https:\/\/m50.lv\/product\/vaira-viksne-bernu-organiskas-kokvailnas-dzemperis-ar-kapuci-muziga-vasara\/"},"modified":"2023-09-25T13:55:44","modified_gmt":"2023-09-25T11:55:44","slug":"vaira-viksne-bernu-organiskas-kokvailnas-dzemperis-ar-kapuci-muziga-vasara","status":"publish","type":"product","link":"https:\/\/m50.lv\/lv\/product\/vaira-viksne-bernu-organiskas-kokvailnas-dzemperis-ar-kapuci-muziga-vasara\/","title":{"rendered":"Vaira V\u012bksne B\u0113rnu Organiskas Kokvailnas D\u017eemperis ar kapuci M\u016a\u017d\u012aG\u0100 VASAR\u0100"},"content":{"rendered":"<p style=\"text-align: left;\">Unisex d\u017eemperis ar uzkas\u012btu, siltu iek\u0161i\u0146u. Iz\u0161\u016bta grafika. D\u017eemperis ra\u017eots no augstas kvalit\u0101tes organiskas un PETA sertific\u0113tas kokvilnas un p\u0101rstr\u0101d\u0101ta poliestera.<\/p>\n<p style=\"text-align: left;\">Ieteicams mazg\u0101t 30C gr\u0101du temperat\u016br\u0101, izgrie\u017eot iek\u0161pusi uz \u0101ru. Auduma bl\u012bvums: 300 G\/M\u00b2<\/p>\n","protected":false},"excerpt":{"rendered":"<p style=\"text-align: center;\">Vakar, tagad, r\u012bt, par\u012bt, k\u0101 ar\u012b aizpar\u012bt! Visu laiku tur gribam b\u016bt, pat tad kad ziemas putenis lutina ar saviem priekiem, t\u0101pat alkstam p\u0113c siltuma un m\u016b\u017e\u012bg\u0101s vasaras \u2013 saules, pludmales un pat\u012bkamas peldes. Tas nav tikai gadalaiks, bet gan apzi\u0146as un pr\u0101ta st\u0101voklis, kas simboliz\u0113 dz\u012bvesprieku un jautr\u012bbu gan vientul\u012bb\u0101, gan kop\u0101 ar draugiem un \u0123imeni. Ahhh, lai visi m\u0113s b\u016btu m\u016b\u017e\u012bg\u0101 vasar\u0101. Priek\u0101!<\/p>\n","protected":false},"featured_media":160996,"template":"","meta":{"_jet_sm_ready_style":"","_jet_sm_style":"","_jet_sm_controls_values":"","_jet_sm_fonts_collection":"","_jet_sm_fonts_links":""},"pwb-brand":[1261],"product_cat":[1427,1242],"product_tag":[1388],"class_list":{"0":"post-161021","1":"product","2":"type-product","3":"status-publish","4":"has-post-thumbnail","6":"pwb-brand-vaira-viksne-lv","7":"product_cat-19janv11febr-30-lv","8":"product_cat-bernu-apgerbi","9":"product_tag-bf20232-lv","11":"first","12":"instock","13":"sale","14":"taxable","15":"shipping-taxable","16":"purchasable","17":"product-type-variable"},"raw_content":{"name":"Vaira V\u012bksne B\u0113rnu Organiskas Kokvailnas D\u017eemperis ar kapuci M\u016a\u017d\u012aG\u0100 VASAR\u0100","description":"<p style=\"text-align: left;\">Unisex d\u017eemperis ar uzkas\u012btu, siltu iek\u0161i\u0146u. Iz\u0161\u016bta grafika. D\u017eemperis ra\u017eots no augstas kvalit\u0101tes organiskas un PETA sertific\u0113tas kokvilnas un p\u0101rstr\u0101d\u0101ta poliestera.<\/p>\r\n<p style=\"text-align: left;\">Ieteicams mazg\u0101t 30C gr\u0101du temperat\u016br\u0101, izgrie\u017eot iek\u0161pusi uz \u0101ru. Auduma bl\u012bvums: 300 G\/M\u00b2<\/p>","short_description":"<p style=\"text-align: center;\">Vakar, tagad, r\u012bt, par\u012bt, k\u0101 ar\u012b aizpar\u012bt! Visu laiku tur gribam b\u016bt, pat tad kad ziemas putenis lutina ar saviem priekiem, t\u0101pat alkstam p\u0113c siltuma un m\u016b\u017e\u012bg\u0101s vasaras \u2013 saules, pludmales un pat\u012bkamas peldes. Tas nav tikai gadalaiks, bet gan apzi\u0146as un pr\u0101ta st\u0101voklis, kas simboliz\u0113 dz\u012bvesprieku un jautr\u012bbu gan vientul\u012bb\u0101, gan kop\u0101 ar draugiem un \u0123imeni. Ahhh, lai visi m\u0113s b\u016btu m\u016b\u017e\u012bg\u0101 vasar\u0101. Priek\u0101!<\/p>","status":"publish","sku":"Vaira-Viksne-MuzigaVasra-kids-ochre","original":160982},"wpml":{"translation_type":1,"has_translations":true,"original":160982,"duplicates":[],"translations":{"lv":161021,"en":160982}},"brands":[{"id":1261,"name":"Vaira V\u012bksne","slug":"vaira-viksne-lv"}],"_links":{"self":[{"href":"https:\/\/m50.lv\/lv\/wp-json\/wp\/v2\/product\/161021","targetHints":{"allow":["GET"]}}],"collection":[{"href":"https:\/\/m50.lv\/lv\/wp-json\/wp\/v2\/product"}],"about":[{"href":"https:\/\/m50.lv\/lv\/wp-json\/wp\/v2\/types\/product"}],"version-history":[{"count":0,"href":"https:\/\/m50.lv\/lv\/wp-json\/wp\/v2\/product\/161021\/revisions"}],"wp:featuredmedia":[{"embeddable":true,"href":"https:\/\/m50.lv\/lv\/wp-json\/wp\/v2\/media\/160996"}],"wp:attachment":[{"href":"https:\/\/m50.lv\/lv\/wp-json\/wp\/v2\/media?parent=161021"}],"wp:term":[{"taxonomy":"pwb-brand","embeddable":true,"href":"https:\/\/m50.lv\/lv\/wp-json\/wp\/v2\/pwb-brand?post=161021"},{"taxonomy":"product_cat","embeddable":true,"href":"https:\/\/m50.lv\/lv\/wp-json\/wp\/v2\/product_cat?post=161021"},{"taxonomy":"product_tag","embeddable":true,"href":"https:\/\/m50.lv\/lv\/wp-json\/wp\/v2\/product_tag?post=161021"}],"curies":[{"name":"wp","href":"https:\/\/api.w.org\/{rel}","templated":true}]}}