{"id":161143,"date":"2023-10-04T21:18:52","date_gmt":"2023-10-04T19:18:52","guid":{"rendered":"https:\/\/m50.lv\/product\/m50-briva-piegriezuma-dzemperis-ar-speka-zimem\/"},"modified":"2023-10-20T12:13:31","modified_gmt":"2023-10-20T10:13:31","slug":"m50-briva-piegriezuma-dzemperis-ar-speka-zimem","status":"publish","type":"product","link":"https:\/\/m50.lv\/lv\/product\/m50-briva-piegriezuma-dzemperis-ar-speka-zimem\/","title":{"rendered":"M50 Br\u012bva Piegriezuma D\u017eemperis Ar Sp\u0113ka Z\u012bm\u0113m"},"content":{"rendered":"<p style=\"text-align: left;\">UNISEX RELAKS\u0100TS d\u017eemperis ar apkakli<br \/>\n2\u00d72 Rievojums pie kakla apkakles un piedurk\u0146u apak\u0161malas<\/p>\n<p style=\"text-align: left;\">Sast\u0101vs: 85% KOKVILNA, 15% POLIESTERS \u2013 P\u0100RSTR\u0100D\u0100TS, 350 G\/M\u00b2<\/p>\n","protected":false},"excerpt":{"rendered":"<p style=\"text-align: center;\">Organiskas kokvilnas d\u017eemperis ar iz\u0161\u016bt\u0101m latvju rakstu z\u012bm\u0113m uz piedurkn\u0113m:<\/p>\n<p style=\"text-align: center;\">Dieva \u2013 Debess z\u012bme piesaista dievi\u0161\u0137os un rado\u0161os sp\u0113kus, t\u0101 ir gaismas ener\u0123ijas avots.<\/p>\n<p style=\"text-align: center;\">\u016asi\u0146\u0161 \u2013 Saules ved\u0113js, gaismas dievs, zirgu un bi\u0161u dravas aizg\u0101dnis<\/p>\n<p style=\"text-align: center;\">Jumis ir izaugsmes simbols, augl\u012bbas un sv\u0113t\u012bbas nes\u0113js. Sarg\u0101 un sv\u0113t\u012b dubult\u0101.<\/p>\n<p style=\"text-align: center;\">M\u0101ras krusts ir dz\u012bv\u0101s mat\u0113rijas z\u012bme, kas cie\u0161i saist\u012bta ar augl\u012bbu, uguni un m\u0101ju. G\u0101d\u0101 par cilv\u0113ku un \u0123imeni, sarg\u0101 materi\u0101lo labkl\u0101j\u012bbu.<\/p>\n<p style=\"text-align: center;\">Zalktis nes gudr\u012bbu, zin\u0101t\u00adk\u0101ri, izveic\u012bbu, asu pr\u0101tu, atjaut\u012bbu.<\/p>\n<p style=\"text-align: center;\">Saule ir m\u016b\u017e\u012bg\u0101s kust\u012bbas un dz\u012bv\u012bbas simbols.<\/p>\n","protected":false},"featured_media":161207,"template":"","meta":{"_jet_sm_ready_style":"","_jet_sm_style":"","_jet_sm_controls_values":"","_jet_sm_fonts_collection":"","_jet_sm_fonts_links":""},"pwb-brand":[1249],"product_cat":[1433,102,199,201,733,105,103],"product_tag":[1234],"class_list":{"0":"post-161143","1":"product","2":"type-product","3":"status-publish","4":"has-post-thumbnail","6":"pwb-brand-m50-lv","7":"product_cat-19janv11febr-20-lv","8":"product_cat-apgerbs","9":"product_cat-dzemperi","10":"product_cat-dzemperi-lv","11":"product_cat-m50","12":"product_cat-sievietem","13":"product_cat-viriesiem","14":"product_tag-m50-originals-lv-2","16":"first","17":"instock","18":"sale","19":"taxable","20":"shipping-taxable","21":"purchasable","22":"product-type-variable"},"raw_content":{"name":"M50 Br\u012bva Piegriezuma D\u017eemperis Ar Sp\u0113ka Z\u012bm\u0113m","description":"<p style=\"text-align: left;\">UNISEX RELAKS\u0100TS d\u017eemperis ar apkakli\r\n2\u00d72 Rievojums pie kakla apkakles un piedurk\u0146u apak\u0161malas<\/p>\r\n<p style=\"text-align: left;\">Sast\u0101vs: 85% KOKVILNA, 15% POLIESTERS \u2013 P\u0100RSTR\u0100D\u0100TS, 350 G\/M\u00b2<\/p>","short_description":"<p style=\"text-align: center;\">Organiskas kokvilnas d\u017eemperis ar iz\u0161\u016bt\u0101m latvju rakstu z\u012bm\u0113m uz piedurkn\u0113m:<\/p>\r\n<p style=\"text-align: center;\">Dieva \u2013 Debess z\u012bme piesaista dievi\u0161\u0137os un rado\u0161os sp\u0113kus, t\u0101 ir gaismas ener\u0123ijas avots.<\/p>\r\n<p style=\"text-align: center;\">\u016asi\u0146\u0161 \u2013 Saules ved\u0113js, gaismas dievs, zirgu un bi\u0161u dravas aizg\u0101dnis<\/p>\r\n<p style=\"text-align: center;\">Jumis ir izaugsmes simbols, augl\u012bbas un sv\u0113t\u012bbas nes\u0113js. Sarg\u0101 un sv\u0113t\u012b dubult\u0101.<\/p>\r\n<p style=\"text-align: center;\">M\u0101ras krusts ir dz\u012bv\u0101s mat\u0113rijas z\u012bme, kas cie\u0161i saist\u012bta ar augl\u012bbu, uguni un m\u0101ju. G\u0101d\u0101 par cilv\u0113ku un \u0123imeni, sarg\u0101 materi\u0101lo labkl\u0101j\u012bbu.<\/p>\r\n<p style=\"text-align: center;\">Zalktis nes gudr\u012bbu, zin\u0101t\u00adk\u0101ri, izveic\u012bbu, asu pr\u0101tu, atjaut\u012bbu.<\/p>\r\n<p style=\"text-align: center;\">Saule ir m\u016b\u017e\u012bg\u0101s kust\u012bbas un dz\u012bv\u012bbas simbols.<\/p>","status":"publish","sku":"M50 Unisex Relaxed Fit Sweatshirt With Latvian Signs","original":161124},"wpml":{"translation_type":1,"has_translations":true,"original":161124,"duplicates":[],"translations":{"lv":161143,"en":161124}},"brands":[{"id":1249,"name":"M50","slug":"m50-lv"}],"_links":{"self":[{"href":"https:\/\/m50.lv\/lv\/wp-json\/wp\/v2\/product\/161143","targetHints":{"allow":["GET"]}}],"collection":[{"href":"https:\/\/m50.lv\/lv\/wp-json\/wp\/v2\/product"}],"about":[{"href":"https:\/\/m50.lv\/lv\/wp-json\/wp\/v2\/types\/product"}],"version-history":[{"count":0,"href":"https:\/\/m50.lv\/lv\/wp-json\/wp\/v2\/product\/161143\/revisions"}],"wp:featuredmedia":[{"embeddable":true,"href":"https:\/\/m50.lv\/lv\/wp-json\/wp\/v2\/media\/161207"}],"wp:attachment":[{"href":"https:\/\/m50.lv\/lv\/wp-json\/wp\/v2\/media?parent=161143"}],"wp:term":[{"taxonomy":"pwb-brand","embeddable":true,"href":"https:\/\/m50.lv\/lv\/wp-json\/wp\/v2\/pwb-brand?post=161143"},{"taxonomy":"product_cat","embeddable":true,"href":"https:\/\/m50.lv\/lv\/wp-json\/wp\/v2\/product_cat?post=161143"},{"taxonomy":"product_tag","embeddable":true,"href":"https:\/\/m50.lv\/lv\/wp-json\/wp\/v2\/product_tag?post=161143"}],"curies":[{"name":"wp","href":"https:\/\/api.w.org\/{rel}","templated":true}]}}