{"id":161186,"date":"2023-10-04T21:49:48","date_gmt":"2023-10-04T19:49:48","guid":{"rendered":"https:\/\/m50.lv\/product\/rains-loop-udensnecaulaidiga-soma-tintes-zila\/"},"modified":"2023-10-04T21:49:48","modified_gmt":"2023-10-04T19:49:48","slug":"rains-loop-udensnecaulaidiga-soma-tintes-zila","status":"publish","type":"product","link":"https:\/\/m50.lv\/lv\/product\/rains-loop-udensnecaulaidiga-soma-tintes-zila\/","title":{"rendered":"Rains Loop \u016bdensnecaulaid\u012bga soma | Tintes zila"},"content":{"rendered":"<p style=\"text-align: left;\">Ide\u0101la stila un praktiskuma kombin\u0101cija. Soma ir viegla un \u0113rti p\u0101rn\u0113s\u0101jama un t\u0101s dizains padara to par lielisku aksesu\u0101ru jebkuram ap\u0123\u0113rbam.<\/p>\n<ul>\n<li style=\"text-align: left;\">Neregul\u0113jama plecu lence<\/li>\n<li style=\"text-align: left;\">Iek\u0161\u0113j\u0101 kabata<\/li>\n<li style=\"text-align: left;\">Logo priek\u0161pus\u0113<\/li>\n<li style=\"text-align: left;\">Izm\u0113ri &#8211; H: 33cm\/12.9&#8243; W: 40cm\/15.7&#8243; D: 13cm\/5.1&#8243;<\/li>\n<\/ul>\n","protected":false},"excerpt":{"rendered":"<p style=\"text-align: center;\">\u0160\u012b maz\u0101, m\u012bksti polster\u0113t\u0101 plecu soma ir lieliski piem\u0113rota ikdienas lieto\u0161anai. Tai iek\u0161pus\u0113 ir viens liels nodal\u012bjums ar mazu kabati\u0146u.<\/p>\n","protected":false},"featured_media":161243,"template":"","meta":{"_jet_sm_ready_style":"","_jet_sm_style":"","_jet_sm_controls_values":"","_jet_sm_fonts_collection":"","_jet_sm_fonts_links":""},"pwb-brand":[1252],"product_cat":[101,195],"product_tag":[],"class_list":{"0":"post-161186","1":"product","2":"type-product","3":"status-publish","4":"has-post-thumbnail","6":"pwb-brand-rains-lv","7":"product_cat-aksesuari","8":"product_cat-somas","10":"first","11":"outofstock","12":"taxable","13":"shipping-taxable","14":"purchasable","15":"product-type-simple"},"raw_content":{"name":"Rains Loop \u016bdensnecaulaid\u012bga soma | Tintes zila","description":"<p style=\"text-align: left;\">Ide\u0101la stila un praktiskuma kombin\u0101cija. Soma ir viegla un \u0113rti p\u0101rn\u0113s\u0101jama un t\u0101s dizains padara to par lielisku aksesu\u0101ru jebkuram ap\u0123\u0113rbam.<\/p>\r\n\r\n<ul>\r\n \t<li style=\"text-align: left;\">Neregul\u0113jama plecu lence<\/li>\r\n \t<li style=\"text-align: left;\">Iek\u0161\u0113j\u0101 kabata<\/li>\r\n \t<li style=\"text-align: left;\">Logo priek\u0161pus\u0113<\/li>\r\n \t<li style=\"text-align: left;\">Izm\u0113ri - H: 33cm\/12.9\" W: 40cm\/15.7\" D: 13cm\/5.1\"<\/li>\r\n<\/ul>","short_description":"<p style=\"text-align: center;\">\u0160\u012b maz\u0101, m\u012bksti polster\u0113t\u0101 plecu soma ir lieliski piem\u0113rota ikdienas lieto\u0161anai. Tai iek\u0161pus\u0113 ir viens liels nodal\u012bjums ar mazu kabati\u0146u.<\/p>","status":"publish","sku":"rains-13140-ink","original":161158},"wpml":{"translation_type":1,"has_translations":true,"original":161158,"duplicates":[],"translations":{"lv":161186,"en":161158}},"brands":[{"id":1252,"name":"Rains","slug":"rains-lv"}],"_links":{"self":[{"href":"https:\/\/m50.lv\/lv\/wp-json\/wp\/v2\/product\/161186","targetHints":{"allow":["GET"]}}],"collection":[{"href":"https:\/\/m50.lv\/lv\/wp-json\/wp\/v2\/product"}],"about":[{"href":"https:\/\/m50.lv\/lv\/wp-json\/wp\/v2\/types\/product"}],"version-history":[{"count":0,"href":"https:\/\/m50.lv\/lv\/wp-json\/wp\/v2\/product\/161186\/revisions"}],"wp:featuredmedia":[{"embeddable":true,"href":"https:\/\/m50.lv\/lv\/wp-json\/wp\/v2\/media\/161243"}],"wp:attachment":[{"href":"https:\/\/m50.lv\/lv\/wp-json\/wp\/v2\/media?parent=161186"}],"wp:term":[{"taxonomy":"pwb-brand","embeddable":true,"href":"https:\/\/m50.lv\/lv\/wp-json\/wp\/v2\/pwb-brand?post=161186"},{"taxonomy":"product_cat","embeddable":true,"href":"https:\/\/m50.lv\/lv\/wp-json\/wp\/v2\/product_cat?post=161186"},{"taxonomy":"product_tag","embeddable":true,"href":"https:\/\/m50.lv\/lv\/wp-json\/wp\/v2\/product_tag?post=161186"}],"curies":[{"name":"wp","href":"https:\/\/api.w.org\/{rel}","templated":true}]}}