{"id":161192,"date":"2023-10-04T22:04:35","date_gmt":"2023-10-04T20:04:35","guid":{"rendered":"https:\/\/m50.lv\/product\/rains-lietus-bikses-melnas\/"},"modified":"2023-10-04T22:04:35","modified_gmt":"2023-10-04T20:04:35","slug":"rains-lietus-bikses-melnas","status":"publish","type":"product","link":"https:\/\/m50.lv\/lv\/product\/rains-lietus-bikses-melnas\/","title":{"rendered":"Rains Lietus bikses | Melnas"},"content":{"rendered":"<p style=\"text-align: left;\">Bikses izgrieztas no Rains rakstur\u012bg\u0101 PU materi\u0101la.<\/p>\n<p style=\"text-align: left;\">\u016adensdro\u0161as<br \/>\nV\u0113ja necaurlaid\u012bgas<br \/>\nVieglas<br \/>\nMazg\u0101t ve\u013casma\u0161\u012bn\u0101 aukst\u0101 \u016bden\u012b 30\u00b0C\/85\u00b0F.<br \/>\nNebalin\u0101t.<br \/>\nNedr\u012bkst \u017e\u0101v\u0113t ve\u013cas ma\u0161\u012bn\u0101.<br \/>\nNegludin\u0101t.<br \/>\nNedr\u012bkst \u0137\u012bmiski t\u012br\u012bt.<br \/>\nNeizmantojiet ve\u013cas m\u012bkstin\u0101t\u0101ju.<br \/>\nS\u012bk\u0101ka inform\u0101cija &#8211;<br \/>\nMateri\u0101ls: 100% poliesters ar poliuret\u0101na p\u0101rkl\u0101jumu<br \/>\n\u016adens kolonnas spiediens: 4000 mm<br \/>\n\u016adensnecaurlaid\u012bga aizsardz\u012bba pret vieglu lietus<br \/>\nIesp\u0113jas:<br \/>\nElast\u012bga jostasvieta ar aukli\u0146u<br \/>\nViena aizmugur\u0113j\u0101 kabata ar cilpi\u0146u<br \/>\nSl\u0113ptas s\u0101nu kabatas<\/p>\n","protected":false},"excerpt":{"rendered":"<p style=\"text-align: center;\">Vieglas bikses slapjam laikam, ko vilkt p\u0101ri \u0161ortiem vai biks\u0113m. \u0160\u012bs \u016bdensnecaurlaid\u012bg\u0101s bikses ir konstru\u0113tas t\u0101, lai t\u0101s \u0113rti piegultu ar parastu k\u0101ju. Biks\u0113m ir kabatas, aukli\u0146a jostas viet\u0101 un r\u0101v\u0113sl\u0113dz\u0113ji bik\u0161u staru apak\u0161\u0101s.<\/p>\n","protected":false},"featured_media":161253,"template":"","meta":{"_jet_sm_ready_style":"","_jet_sm_style":"","_jet_sm_controls_values":"","_jet_sm_fonts_collection":"","_jet_sm_fonts_links":""},"pwb-brand":[140],"product_cat":[102,853,854,105,103],"product_tag":[1366],"class_list":{"0":"post-161192","1":"product","2":"type-product","3":"status-publish","4":"has-post-thumbnail","6":"pwb-brand-rains","7":"product_cat-apgerbs","8":"product_cat-lietusmeteli","9":"product_cat-lietusmeteli-lv","10":"product_cat-sievietem","11":"product_cat-viriesiem","12":"product_tag-back-2-school-lv","14":"first","15":"instock","16":"sale","17":"taxable","18":"shipping-taxable","19":"purchasable","20":"product-type-variable"},"raw_content":{"name":"Rains Lietus bikses | Melnas","description":"<p style=\"text-align: left;\">Bikses izgrieztas no Rains rakstur\u012bg\u0101 PU materi\u0101la.<\/p>\r\n<p style=\"text-align: left;\">\u016adensdro\u0161as\r\nV\u0113ja necaurlaid\u012bgas\r\nVieglas\r\nMazg\u0101t ve\u013casma\u0161\u012bn\u0101 aukst\u0101 \u016bden\u012b 30\u00b0C\/85\u00b0F.\r\nNebalin\u0101t.\r\nNedr\u012bkst \u017e\u0101v\u0113t ve\u013cas ma\u0161\u012bn\u0101.\r\nNegludin\u0101t.\r\nNedr\u012bkst \u0137\u012bmiski t\u012br\u012bt.\r\nNeizmantojiet ve\u013cas m\u012bkstin\u0101t\u0101ju.\r\nS\u012bk\u0101ka inform\u0101cija -\r\nMateri\u0101ls: 100% poliesters ar poliuret\u0101na p\u0101rkl\u0101jumu\r\n\u016adens kolonnas spiediens: 4000 mm\r\n\u016adensnecaurlaid\u012bga aizsardz\u012bba pret vieglu lietus\r\nIesp\u0113jas:\r\nElast\u012bga jostasvieta ar aukli\u0146u\r\nViena aizmugur\u0113j\u0101 kabata ar cilpi\u0146u\r\nSl\u0113ptas s\u0101nu kabatas<\/p>","short_description":"<p style=\"text-align: center;\">Vieglas bikses slapjam laikam, ko vilkt p\u0101ri \u0161ortiem vai biks\u0113m. \u0160\u012bs \u016bdensnecaurlaid\u012bg\u0101s bikses ir konstru\u0113tas t\u0101, lai t\u0101s \u0113rti piegultu ar parastu k\u0101ju. Biks\u0113m ir kabatas, aukli\u0146a jostas viet\u0101 un r\u0101v\u0113sl\u0113dz\u0113ji bik\u0161u staru apak\u0161\u0101s.<\/p>","status":"publish","sku":"Rains-pants-1","original":161167},"wpml":{"translation_type":1,"has_translations":true,"original":161167,"duplicates":[],"translations":{"lv":161192,"en":161167}},"brands":[{"id":1252,"name":"Rains","slug":"rains-lv"}],"_links":{"self":[{"href":"https:\/\/m50.lv\/lv\/wp-json\/wp\/v2\/product\/161192","targetHints":{"allow":["GET"]}}],"collection":[{"href":"https:\/\/m50.lv\/lv\/wp-json\/wp\/v2\/product"}],"about":[{"href":"https:\/\/m50.lv\/lv\/wp-json\/wp\/v2\/types\/product"}],"version-history":[{"count":0,"href":"https:\/\/m50.lv\/lv\/wp-json\/wp\/v2\/product\/161192\/revisions"}],"wp:featuredmedia":[{"embeddable":true,"href":"https:\/\/m50.lv\/lv\/wp-json\/wp\/v2\/media\/161253"}],"wp:attachment":[{"href":"https:\/\/m50.lv\/lv\/wp-json\/wp\/v2\/media?parent=161192"}],"wp:term":[{"taxonomy":"pwb-brand","embeddable":true,"href":"https:\/\/m50.lv\/lv\/wp-json\/wp\/v2\/pwb-brand?post=161192"},{"taxonomy":"product_cat","embeddable":true,"href":"https:\/\/m50.lv\/lv\/wp-json\/wp\/v2\/product_cat?post=161192"},{"taxonomy":"product_tag","embeddable":true,"href":"https:\/\/m50.lv\/lv\/wp-json\/wp\/v2\/product_tag?post=161192"}],"curies":[{"name":"wp","href":"https:\/\/api.w.org\/{rel}","templated":true}]}}