{"id":161198,"date":"2023-10-04T21:56:46","date_gmt":"2023-10-04T19:56:46","guid":{"rendered":"https:\/\/m50.lv\/product\/rains-mugursoma-peleka-5\/"},"modified":"2023-10-04T21:56:46","modified_gmt":"2023-10-04T19:56:46","slug":"rains-mugursoma-peleka-5","status":"publish","type":"product","link":"https:\/\/m50.lv\/lv\/product\/rains-mugursoma-peleka-5\/","title":{"rendered":"Rains Mugursoma | Pel\u0113ka"},"content":{"rendered":"<p style=\"text-align: left;\">Mugursoma ir izgatavota no Rains rakstur\u012bg\u0101 \u016bdensnecaurlaid\u012bga PU materi\u0101la, kas ir izstr\u0101d\u0101ts t\u0101, lai t\u0101 b\u016btu iztur\u012bgs un gluds.<\/p>\n<p style=\"text-align: left;\">Materi\u0101ls: 100% poliesters ar poliuret\u0101na p\u0101rkl\u0101jumu<br \/>\nOdere: 100% poliesters<br \/>\n\u016adensnecaurlaid\u012bga aizsardz\u012bba pret vieglu lietus<br \/>\n\u016adens kolonnas spiediens: 8000 mm<br \/>\nM\u0113r\u012bjumi: A47 x P30 x D12cm \/ A18,5 x P11,8 x D4,7 collas<br \/>\nIetilp\u012bba: 16,9 litri \/ 4,5 galoni<br \/>\nSvars: 950 g \/ 33,51 unce.<\/p>\n<p style=\"text-align: left;\">Spr\u0101dzes aizdare ar regul\u0113jamu siksnu<br \/>\nZem atloka r\u0101v\u0113sl\u0113dz\u0113&#8217;js papildus dro\u0161\u012bbai<br \/>\nViens galvenais nodal\u012bjums<br \/>\nKl\u0113pjdatora kabata ir piem\u0113rota 15 collu ier\u012bce<br \/>\nPolster\u0113ts aizmigure<br \/>\nRokturis p\u0101rn\u0113s\u0101\u0161anai<br \/>\nRegul\u0113jamas polster\u0113tas muguras siksnas<\/p>\n","protected":false},"excerpt":{"rendered":"<p style=\"text-align: center;\">Mugursoma rad\u012bta iedvesmojoties no Rains klasisk\u0101s mugursomas. Dizainu raksturo atloks un centr\u0101l\u0101 siksna ar gumijotu spr\u0101dzi. \u0160ai m\u016bsdien\u012bgajai \u016bdensiztur\u012bgajai mugursomai ir iek\u0161\u0113ja kl\u0113pjdatora kabata, ietilp\u012bgs galvenais nodal\u012bjums un polster\u0113ta aizmugure.<\/p>\n","protected":false},"featured_media":161271,"template":"","meta":{"_jet_sm_ready_style":"","_jet_sm_style":"","_jet_sm_controls_values":"","_jet_sm_fonts_collection":"","_jet_sm_fonts_links":""},"pwb-brand":[1252],"product_cat":[101,195],"product_tag":[],"class_list":{"0":"post-161198","1":"product","2":"type-product","3":"status-publish","4":"has-post-thumbnail","6":"pwb-brand-rains-lv","7":"product_cat-aksesuari","8":"product_cat-somas","10":"first","11":"outofstock","12":"taxable","13":"shipping-taxable","14":"purchasable","15":"product-type-simple"},"raw_content":{"name":"Rains Mugursoma | Pel\u0113ka","description":"<p style=\"text-align: left;\">Mugursoma ir izgatavota no Rains rakstur\u012bg\u0101 \u016bdensnecaurlaid\u012bga PU materi\u0101la, kas ir izstr\u0101d\u0101ts t\u0101, lai t\u0101 b\u016btu iztur\u012bgs un gluds.<\/p>\r\n<p style=\"text-align: left;\">Materi\u0101ls: 100% poliesters ar poliuret\u0101na p\u0101rkl\u0101jumu\r\nOdere: 100% poliesters\r\n\u016adensnecaurlaid\u012bga aizsardz\u012bba pret vieglu lietus\r\n\u016adens kolonnas spiediens: 8000 mm\r\nM\u0113r\u012bjumi: A47 x P30 x D12cm \/ A18,5 x P11,8 x D4,7 collas\r\nIetilp\u012bba: 16,9 litri \/ 4,5 galoni\r\nSvars: 950 g \/ 33,51 unce.<\/p>\r\n<p style=\"text-align: left;\">Spr\u0101dzes aizdare ar regul\u0113jamu siksnu\r\nZem atloka r\u0101v\u0113sl\u0113dz\u0113'js papildus dro\u0161\u012bbai\r\nViens galvenais nodal\u012bjums\r\nKl\u0113pjdatora kabata ir piem\u0113rota 15 collu ier\u012bce\r\nPolster\u0113ts aizmigure\r\nRokturis p\u0101rn\u0113s\u0101\u0161anai\r\nRegul\u0113jamas polster\u0113tas muguras siksnas<\/p>","short_description":"<p style=\"text-align: center;\">Mugursoma rad\u012bta iedvesmojoties no Rains klasisk\u0101s mugursomas. Dizainu raksturo atloks un centr\u0101l\u0101 siksna ar gumijotu spr\u0101dzi. \u0160ai m\u016bsdien\u012bgajai \u016bdensiztur\u012bgajai mugursomai ir iek\u0161\u0113ja kl\u0113pjdatora kabata, ietilp\u012bgs galvenais nodal\u012bjums un polster\u0113ta aizmugure.<\/p>","status":"publish","sku":"rains-14400-grey","original":161162},"wpml":{"translation_type":1,"has_translations":true,"original":161162,"duplicates":[],"translations":{"lv":161198,"en":161162}},"brands":[{"id":1252,"name":"Rains","slug":"rains-lv"}],"_links":{"self":[{"href":"https:\/\/m50.lv\/lv\/wp-json\/wp\/v2\/product\/161198","targetHints":{"allow":["GET"]}}],"collection":[{"href":"https:\/\/m50.lv\/lv\/wp-json\/wp\/v2\/product"}],"about":[{"href":"https:\/\/m50.lv\/lv\/wp-json\/wp\/v2\/types\/product"}],"version-history":[{"count":0,"href":"https:\/\/m50.lv\/lv\/wp-json\/wp\/v2\/product\/161198\/revisions"}],"wp:featuredmedia":[{"embeddable":true,"href":"https:\/\/m50.lv\/lv\/wp-json\/wp\/v2\/media\/161271"}],"wp:attachment":[{"href":"https:\/\/m50.lv\/lv\/wp-json\/wp\/v2\/media?parent=161198"}],"wp:term":[{"taxonomy":"pwb-brand","embeddable":true,"href":"https:\/\/m50.lv\/lv\/wp-json\/wp\/v2\/pwb-brand?post=161198"},{"taxonomy":"product_cat","embeddable":true,"href":"https:\/\/m50.lv\/lv\/wp-json\/wp\/v2\/product_cat?post=161198"},{"taxonomy":"product_tag","embeddable":true,"href":"https:\/\/m50.lv\/lv\/wp-json\/wp\/v2\/product_tag?post=161198"}],"curies":[{"name":"wp","href":"https:\/\/api.w.org\/{rel}","templated":true}]}}