{"id":161638,"date":"2023-10-26T18:40:59","date_gmt":"2023-10-26T16:40:59","guid":{"rendered":"https:\/\/m50.lv\/product\/rains-duraini-alta-metaliski-peleki\/"},"modified":"2023-10-27T16:30:07","modified_gmt":"2023-10-27T14:30:07","slug":"rains-duraini-alta-metaliski-peleki","status":"publish","type":"product","link":"https:\/\/m50.lv\/lv\/product\/rains-duraini-alta-metaliski-peleki\/","title":{"rendered":"RAINS D\u016brai\u0146i Alta | Met\u0101liski pel\u0113ki"},"content":{"rendered":"<p style=\"text-align: left;\">\u0100r\u0113jais sl\u0101nis: 100% poliesteris<br \/>\nOder\u0113jums: 100% poliesteris<br \/>\nSiltumizol\u0101cija: 100% poliesteris<br \/>\nElast\u012bg\u0101s aproces: 100% neilons<\/p>\n","protected":false},"excerpt":{"rendered":"<p style=\"text-align: center;\">\u0160ie d\u016brai\u0146i ir siltumizol\u0113ts ziemas aksesu\u0101rs ar bezspalvu izol\u0101ciju, kas nodro\u0161ina siltumu aukstos apst\u0101k\u013cos. D\u016brai\u0146u priek\u0161puse ir izgatavota no Rains\u2019 tradicion\u0101l\u0101 mat\u0113t\u0101 PU, tiem ir neopr\u0113na aizmugure, poliestera odere un elast\u012bgas aproces.<\/p>\n","protected":false},"featured_media":161606,"template":"","meta":{"_jet_sm_ready_style":"","_jet_sm_style":"","_jet_sm_controls_values":"","_jet_sm_fonts_collection":"","_jet_sm_fonts_links":""},"pwb-brand":[1252],"product_cat":[101,650],"product_tag":[],"class_list":{"0":"post-161638","1":"product","2":"type-product","3":"status-publish","4":"has-post-thumbnail","6":"pwb-brand-rains-lv","7":"product_cat-aksesuari","8":"product_cat-cimdi","10":"first","11":"outofstock","12":"taxable","13":"shipping-taxable","14":"product-type-variable"},"raw_content":{"name":"RAINS D\u016brai\u0146i Alta | Met\u0101liski pel\u0113ki","description":"<p style=\"text-align: left;\">\u0100r\u0113jais sl\u0101nis: 100% poliesteris\r\nOder\u0113jums: 100% poliesteris\r\nSiltumizol\u0101cija: 100% poliesteris\r\nElast\u012bg\u0101s aproces: 100% neilons<\/p>","short_description":"<p style=\"text-align: center;\">\u0160ie d\u016brai\u0146i ir siltumizol\u0113ts ziemas aksesu\u0101rs ar bezspalvu izol\u0101ciju, kas nodro\u0161ina siltumu aukstos apst\u0101k\u013cos. D\u016brai\u0146u priek\u0161puse ir izgatavota no Rains\u2019 tradicion\u0101l\u0101 mat\u0113t\u0101 PU, tiem ir neopr\u0113na aizmugure, poliestera odere un elast\u012bgas aproces.<\/p>","status":"publish","sku":"Alta-Rains-Puffer-Mittens-Grey","original":161586},"wpml":{"translation_type":1,"has_translations":true,"original":161586,"duplicates":[],"translations":{"lv":161638,"en":161586}},"brands":[{"id":1252,"name":"Rains","slug":"rains-lv"}],"_links":{"self":[{"href":"https:\/\/m50.lv\/lv\/wp-json\/wp\/v2\/product\/161638","targetHints":{"allow":["GET"]}}],"collection":[{"href":"https:\/\/m50.lv\/lv\/wp-json\/wp\/v2\/product"}],"about":[{"href":"https:\/\/m50.lv\/lv\/wp-json\/wp\/v2\/types\/product"}],"version-history":[{"count":0,"href":"https:\/\/m50.lv\/lv\/wp-json\/wp\/v2\/product\/161638\/revisions"}],"wp:featuredmedia":[{"embeddable":true,"href":"https:\/\/m50.lv\/lv\/wp-json\/wp\/v2\/media\/161606"}],"wp:attachment":[{"href":"https:\/\/m50.lv\/lv\/wp-json\/wp\/v2\/media?parent=161638"}],"wp:term":[{"taxonomy":"pwb-brand","embeddable":true,"href":"https:\/\/m50.lv\/lv\/wp-json\/wp\/v2\/pwb-brand?post=161638"},{"taxonomy":"product_cat","embeddable":true,"href":"https:\/\/m50.lv\/lv\/wp-json\/wp\/v2\/product_cat?post=161638"},{"taxonomy":"product_tag","embeddable":true,"href":"https:\/\/m50.lv\/lv\/wp-json\/wp\/v2\/product_tag?post=161638"}],"curies":[{"name":"wp","href":"https:\/\/api.w.org\/{rel}","templated":true}]}}