{"id":161653,"date":"2023-10-26T18:30:50","date_gmt":"2023-10-26T16:30:50","guid":{"rendered":"https:\/\/m50.lv\/product\/rains-kepons-muzzals\/"},"modified":"2023-10-27T16:30:54","modified_gmt":"2023-10-27T14:30:54","slug":"rains-kepons-muzzals","status":"publish","type":"product","link":"https:\/\/m50.lv\/lv\/product\/rains-kepons-muzzals\/","title":{"rendered":"RAINS Kepons | M\u016b\u017eza\u013c\u0161"},"content":{"rendered":"<p style=\"text-align: left;\">Izgatavots no RAINS atpaz\u012bstam\u0101 PU materi\u0101la, kas ir mitrumiztur\u012bgs.<\/p>\n<p style=\"text-align: left;\">100% poliesters ar poliuret\u0101na p\u0101rkl\u0101jumu.<br \/>\nPiel\u0101gojams izm\u0113rs<br \/>\n6 pane\u013ci<br \/>\nventil\u0101cijas caurumi<br \/>\nizliekts nadzi\u0146\u0161.<br \/>\n\u016adeni atgr\u016bdo\u0161s materi\u0101ls \u2013 4000 mm\/cm2 \u016bdens spiediena iztur\u012bba<br \/>\nNotur\u012bgs pret main\u012bgiem laikapst\u0101k\u013ciem<\/p>\n","protected":false},"excerpt":{"rendered":"<p style=\"text-align: center;\">RAINS kepons ir klasiska vari\u0101cija beisbola cepurei, ar ieloc\u012btu nadzi\u0146u. 6 pane\u013cu dizains ar met\u0101la stiprin\u0101jumu aizmugur\u0113, kas \u013cauj piel\u0101got nepiecie\u0161amo izm\u0113ru. Cepur\u0113 ir iestr\u0101d\u0101ti ventil\u0101cijas caurumi\u0146i papildus komfortam.<\/p>\n","protected":false},"featured_media":161588,"template":"","meta":{"_jet_sm_ready_style":"","_jet_sm_style":"","_jet_sm_controls_values":"","_jet_sm_fonts_collection":"","_jet_sm_fonts_links":""},"pwb-brand":[1252],"product_cat":[101,570],"product_tag":[],"class_list":{"0":"post-161653","1":"product","2":"type-product","3":"status-publish","4":"has-post-thumbnail","6":"pwb-brand-rains-lv","7":"product_cat-aksesuari","8":"product_cat-keponi","10":"first","11":"outofstock","12":"taxable","13":"shipping-taxable","14":"purchasable","15":"product-type-simple"},"raw_content":{"name":"RAINS Kepons | M\u016b\u017eza\u013c\u0161","description":"<p style=\"text-align: left;\">Izgatavots no RAINS atpaz\u012bstam\u0101 PU materi\u0101la, kas ir mitrumiztur\u012bgs.<\/p>\r\n<p style=\"text-align: left;\">100% poliesters ar poliuret\u0101na p\u0101rkl\u0101jumu.\r\nPiel\u0101gojams izm\u0113rs\r\n6 pane\u013ci\r\nventil\u0101cijas caurumi\r\nizliekts nadzi\u0146\u0161.\r\n\u016adeni atgr\u016bdo\u0161s materi\u0101ls \u2013 4000 mm\/cm2 \u016bdens spiediena iztur\u012bba\r\nNotur\u012bgs pret main\u012bgiem laikapst\u0101k\u013ciem<\/p>","short_description":"<p style=\"text-align: center;\">RAINS kepons ir klasiska vari\u0101cija beisbola cepurei, ar ieloc\u012btu nadzi\u0146u. 6 pane\u013cu dizains ar met\u0101la stiprin\u0101jumu aizmugur\u0113, kas \u013cauj piel\u0101got nepiecie\u0161amo izm\u0113ru. Cepur\u0113 ir iestr\u0101d\u0101ti ventil\u0101cijas caurumi\u0146i papildus komfortam.<\/p>","status":"publish","sku":"rains-13600-everg","original":161581},"wpml":{"translation_type":1,"has_translations":true,"original":161581,"duplicates":[],"translations":{"lv":161653,"en":161581}},"brands":[{"id":1252,"name":"Rains","slug":"rains-lv"}],"_links":{"self":[{"href":"https:\/\/m50.lv\/lv\/wp-json\/wp\/v2\/product\/161653","targetHints":{"allow":["GET"]}}],"collection":[{"href":"https:\/\/m50.lv\/lv\/wp-json\/wp\/v2\/product"}],"about":[{"href":"https:\/\/m50.lv\/lv\/wp-json\/wp\/v2\/types\/product"}],"version-history":[{"count":0,"href":"https:\/\/m50.lv\/lv\/wp-json\/wp\/v2\/product\/161653\/revisions"}],"wp:featuredmedia":[{"embeddable":true,"href":"https:\/\/m50.lv\/lv\/wp-json\/wp\/v2\/media\/161588"}],"wp:attachment":[{"href":"https:\/\/m50.lv\/lv\/wp-json\/wp\/v2\/media?parent=161653"}],"wp:term":[{"taxonomy":"pwb-brand","embeddable":true,"href":"https:\/\/m50.lv\/lv\/wp-json\/wp\/v2\/pwb-brand?post=161653"},{"taxonomy":"product_cat","embeddable":true,"href":"https:\/\/m50.lv\/lv\/wp-json\/wp\/v2\/product_cat?post=161653"},{"taxonomy":"product_tag","embeddable":true,"href":"https:\/\/m50.lv\/lv\/wp-json\/wp\/v2\/product_tag?post=161653"}],"curies":[{"name":"wp","href":"https:\/\/api.w.org\/{rel}","templated":true}]}}