{"id":161798,"date":"2023-10-27T20:01:37","date_gmt":"2023-10-27T18:01:37","guid":{"rendered":"https:\/\/m50.lv\/product\/ieva-kampe-krumholca-organiskas-kokvilnas-sieviesu-dzemperis-vibotne\/"},"modified":"2023-10-31T14:04:27","modified_gmt":"2023-10-31T12:04:27","slug":"ieva-kampe-krumholca-organiskas-kokvilnas-sieviesu-dzemperis-vibotne","status":"publish","type":"product","link":"https:\/\/m50.lv\/lv\/product\/ieva-kampe-krumholca-organiskas-kokvilnas-sieviesu-dzemperis-vibotne\/","title":{"rendered":"Ieva Kampe Krumholca Organiskas kokvilnas sievie\u0161u D\u017eemperis | V\u012aBOTNE"},"content":{"rendered":"<p>Ieteicams mazg\u0101t 30C gr\u0101du temperat\u016br\u0101, izgrie\u017eot iek\u0161pusi uz \u0101ru.<br \/>\nIeskaties izm\u0113ru tabul\u0101, lai izv\u0113l\u0113tos pareizo d\u017eemper\u012bti!<\/p>\n<p>Auduma bl\u012bvums: 300 G\/M\u00b2<\/p>\n<p><img fetchpriority=\"high\" decoding=\"async\" class=\"alignnone size-full wp-image-161831\" src=\"https:\/\/m50.lv\/wp-content\/uploads\/2023\/10\/Size-guide-M50-1.jpg\" alt=\"\" width=\"1024\" height=\"801\" srcset=\"https:\/\/m50.lv\/wp-content\/uploads\/2023\/10\/Size-guide-M50-1.jpg 1024w, https:\/\/m50.lv\/wp-content\/uploads\/2023\/10\/Size-guide-M50-1-300x235.jpg 300w, https:\/\/m50.lv\/wp-content\/uploads\/2023\/10\/Size-guide-M50-1-768x601.jpg 768w, https:\/\/m50.lv\/wp-content\/uploads\/2023\/10\/Size-guide-M50-1-897x702.jpg 897w\" sizes=\"(max-width: 1024px) 100vw, 1024px\" \/><\/p>\n","protected":false},"excerpt":{"rendered":"<p style=\"text-align: center;\">Latvijas ce\u013cmalu slarben\u0101ju neparastais skaistums ir k\u0101 augu st\u0101sti par cilv\u0113kiem. Ne visi m\u0113s esam eksotiskas magnolijas, un cildeni ir to pie\u0146emt ar lepnumu un pat zin\u0101mu baudu. B\u016bt vienk\u0101r\u0161ai ce\u013cmalas smilgai ar\u012b ir labi diezgan, ja nenodarbojies ar sevis sal\u012bdzin\u0101\u0161anu. Skaistais visp\u0101r gan starp augiem, gan cilv\u0113kiem ir vienveid\u012bgs un p\u0101rv\u0113rt\u0113ts lielums. Lai dz\u012bvo patiesums! Lai dz\u012bvo visas savdabi skaist\u0101s nez\u0101l\u012btes un slarben\u0101ji!<\/p>\n","protected":false},"featured_media":161749,"template":"","meta":{"_jet_sm_ready_style":"","_jet_sm_style":"","_jet_sm_controls_values":"","_jet_sm_fonts_collection":"","_jet_sm_fonts_links":""},"pwb-brand":[1258],"product_cat":[1429,201,105],"product_tag":[],"class_list":{"0":"post-161798","1":"product","2":"type-product","3":"status-publish","4":"has-post-thumbnail","6":"pwb-brand-ieva-kampe-krumholca-lv","7":"product_cat-19janv11febr-10-lv","8":"product_cat-dzemperi-lv","9":"product_cat-sievietem","11":"first","12":"outofstock","13":"taxable","14":"shipping-taxable","15":"purchasable","16":"product-type-variable"},"raw_content":{"name":"Ieva Kampe Krumholca Organiskas kokvilnas sievie\u0161u D\u017eemperis | V\u012aBOTNE","description":"Ieteicams mazg\u0101t 30C gr\u0101du temperat\u016br\u0101, izgrie\u017eot iek\u0161pusi uz \u0101ru.\r\nIeskaties izm\u0113ru tabul\u0101, lai izv\u0113l\u0113tos pareizo d\u017eemper\u012bti!\r\n\r\nAuduma bl\u012bvums: 300 G\/M\u00b2\r\n\r\n<img class=\"alignnone size-full wp-image-161831\" src=\"https:\/\/m50.lv\/wp-content\/uploads\/2023\/10\/Size-guide-M50-1.jpg\" alt=\"\" width=\"1024\" height=\"801\" \/>","short_description":"<p style=\"text-align: center;\">Latvijas ce\u013cmalu slarben\u0101ju neparastais skaistums ir k\u0101 augu st\u0101sti par cilv\u0113kiem. Ne visi m\u0113s esam eksotiskas magnolijas, un cildeni ir to pie\u0146emt ar lepnumu un pat zin\u0101mu baudu. B\u016bt vienk\u0101r\u0161ai ce\u013cmalas smilgai ar\u012b ir labi diezgan, ja nenodarbojies ar sevis sal\u012bdzin\u0101\u0161anu. Skaistais visp\u0101r gan starp augiem, gan cilv\u0113kiem ir vienveid\u012bgs un p\u0101rv\u0113rt\u0113ts lielums. Lai dz\u012bvo patiesums! Lai dz\u012bvo visas savdabi skaist\u0101s nez\u0101l\u012btes un slarben\u0101ji!<\/p>","status":"publish","sku":"IevaKampeKrumholca-OrganicCottonWomensSweatshirt-viburnum","original":161664},"wpml":{"translation_type":1,"has_translations":true,"original":161664,"duplicates":[],"translations":{"lv":161798,"en":161664}},"brands":[{"id":1258,"name":"Ieva Kampe-Krumholca","slug":"ieva-kampe-krumholca-lv"}],"_links":{"self":[{"href":"https:\/\/m50.lv\/lv\/wp-json\/wp\/v2\/product\/161798","targetHints":{"allow":["GET"]}}],"collection":[{"href":"https:\/\/m50.lv\/lv\/wp-json\/wp\/v2\/product"}],"about":[{"href":"https:\/\/m50.lv\/lv\/wp-json\/wp\/v2\/types\/product"}],"version-history":[{"count":0,"href":"https:\/\/m50.lv\/lv\/wp-json\/wp\/v2\/product\/161798\/revisions"}],"wp:featuredmedia":[{"embeddable":true,"href":"https:\/\/m50.lv\/lv\/wp-json\/wp\/v2\/media\/161749"}],"wp:attachment":[{"href":"https:\/\/m50.lv\/lv\/wp-json\/wp\/v2\/media?parent=161798"}],"wp:term":[{"taxonomy":"pwb-brand","embeddable":true,"href":"https:\/\/m50.lv\/lv\/wp-json\/wp\/v2\/pwb-brand?post=161798"},{"taxonomy":"product_cat","embeddable":true,"href":"https:\/\/m50.lv\/lv\/wp-json\/wp\/v2\/product_cat?post=161798"},{"taxonomy":"product_tag","embeddable":true,"href":"https:\/\/m50.lv\/lv\/wp-json\/wp\/v2\/product_tag?post=161798"}],"curies":[{"name":"wp","href":"https:\/\/api.w.org\/{rel}","templated":true}]}}