{"id":162279,"date":"2023-11-07T08:58:19","date_gmt":"2023-11-07T06:58:19","guid":{"rendered":"https:\/\/m50.lv\/product\/seik-baltijas-juras-zekes-35-46-universalas\/"},"modified":"2023-11-07T08:58:19","modified_gmt":"2023-11-07T06:58:19","slug":"seik-baltijas-juras-zekes-35-46-universalas","status":"publish","type":"product","link":"https:\/\/m50.lv\/lv\/product\/seik-baltijas-juras-zekes-35-46-universalas\/","title":{"rendered":"SEIK Baltijas j\u016bras ze\u0137es (35-46, univers\u0101las)"},"content":{"rendered":"<p style=\"text-align: left;\">Univers\u0101ls izm\u0113rs 35-46. Sast\u0101vs: 80% kokvilna, 17% poliam\u012bds, 3% elast\u0101ns.<\/p>\n","protected":false},"excerpt":{"rendered":"<p style=\"text-align: center;\">Baltijas j\u016bra ir viens no liel\u0101kajiem Latvijas d\u0101rgumiem. K\u0101p\u0113c gan ikdien\u0101 nejusties lepnam par to ar ze\u0137u p\u0101ri?<\/p>\n<p style=\"text-align: center;\">M\u0113s m\u012blam Baltijas j\u016bru, mums pat\u012bk daba un labas ze\u0137es, t\u0101p\u0113c \u0161\u012b ir dubulta uzvara.<br \/>\nJ\u016bras ze\u0137es b\u016bs kop\u0101 ar tevi, kad vien baud\u012bsi Latvijas dabu. Saj\u016bti j\u016bras sp\u0113ku katru reizi, kad valk\u0101 \u0161\u012bs ze\u0137es!<\/p>\n","protected":false},"featured_media":162220,"template":"","meta":{"_jet_sm_ready_style":"","_jet_sm_style":"","_jet_sm_controls_values":"","_jet_sm_fonts_collection":"","_jet_sm_fonts_links":""},"pwb-brand":[1266],"product_cat":[101,567],"product_tag":[1396],"class_list":{"0":"post-162279","1":"product","2":"type-product","3":"status-publish","4":"has-post-thumbnail","6":"pwb-brand-seik-lv","7":"product_cat-aksesuari","8":"product_cat-zekes","9":"product_tag-zem20-lv","11":"first","12":"outofstock","13":"taxable","14":"shipping-taxable","15":"purchasable","16":"product-type-simple"},"raw_content":{"name":"SEIK Baltijas j\u016bras ze\u0137es (35-46, univers\u0101las)","description":"<p style=\"text-align: left;\">Univers\u0101ls izm\u0113rs 35-46. Sast\u0101vs: 80% kokvilna, 17% poliam\u012bds, 3% elast\u0101ns.<\/p>","short_description":"<p style=\"text-align: center;\">Baltijas j\u016bra ir viens no liel\u0101kajiem Latvijas d\u0101rgumiem. K\u0101p\u0113c gan ikdien\u0101 nejusties lepnam par to ar ze\u0137u p\u0101ri?<\/p>\r\n<p style=\"text-align: center;\">M\u0113s m\u012blam Baltijas j\u016bru, mums pat\u012bk daba un labas ze\u0137es, t\u0101p\u0113c \u0161\u012b ir dubulta uzvara.\r\nJ\u016bras ze\u0137es b\u016bs kop\u0101 ar tevi, kad vien baud\u012bsi Latvijas dabu. Saj\u016bti j\u016bras sp\u0113ku katru reizi, kad valk\u0101 \u0161\u012bs ze\u0137es!<\/p>","status":"publish","sku":"seik-4744716010903","original":162183},"wpml":{"translation_type":1,"has_translations":true,"original":162183,"duplicates":[],"translations":{"lv":162279,"en":162183}},"brands":[{"id":1266,"name":"SEIK","slug":"seik-lv"}],"_links":{"self":[{"href":"https:\/\/m50.lv\/lv\/wp-json\/wp\/v2\/product\/162279","targetHints":{"allow":["GET"]}}],"collection":[{"href":"https:\/\/m50.lv\/lv\/wp-json\/wp\/v2\/product"}],"about":[{"href":"https:\/\/m50.lv\/lv\/wp-json\/wp\/v2\/types\/product"}],"version-history":[{"count":0,"href":"https:\/\/m50.lv\/lv\/wp-json\/wp\/v2\/product\/162279\/revisions"}],"wp:featuredmedia":[{"embeddable":true,"href":"https:\/\/m50.lv\/lv\/wp-json\/wp\/v2\/media\/162220"}],"wp:attachment":[{"href":"https:\/\/m50.lv\/lv\/wp-json\/wp\/v2\/media?parent=162279"}],"wp:term":[{"taxonomy":"pwb-brand","embeddable":true,"href":"https:\/\/m50.lv\/lv\/wp-json\/wp\/v2\/pwb-brand?post=162279"},{"taxonomy":"product_cat","embeddable":true,"href":"https:\/\/m50.lv\/lv\/wp-json\/wp\/v2\/product_cat?post=162279"},{"taxonomy":"product_tag","embeddable":true,"href":"https:\/\/m50.lv\/lv\/wp-json\/wp\/v2\/product_tag?post=162279"}],"curies":[{"name":"wp","href":"https:\/\/api.w.org\/{rel}","templated":true}]}}