{"id":163754,"date":"2023-12-04T18:53:31","date_gmt":"2023-12-04T16:53:31","guid":{"rendered":"https:\/\/m50.lv\/product\/seik-sakarto-domas-pirms-guletiesanas-vakara-dienasgramata\/"},"modified":"2025-12-14T12:00:14","modified_gmt":"2025-12-14T10:00:14","slug":"seik-sakarto-domas-pirms-guletiesanas-vakara-dienasgramata","status":"publish","type":"product","link":"https:\/\/m50.lv\/lv\/product\/seik-sakarto-domas-pirms-guletiesanas-vakara-dienasgramata\/","title":{"rendered":"SEIK &#8211; Sak\u0101rto domas pirms gul\u0113tie\u0161anas &#8211; vakara dienasgr\u0101mata"},"content":{"rendered":"<p>Izm\u0113rs: 20 \u00d7 20 \u00d7 2 cm<\/p>\n","protected":false},"excerpt":{"rendered":"<p style=\"text-align: center;\">Vakara mirk\u013ci ir \u013coti v\u0113rt\u012bgi. Tie savieno \u0161odienu un r\u012btdienu. Vakari dod mums iesp\u0113ju atskat\u012bties uz dienas notikumiem, sagatavoties jaunajai dienai un atp\u016bsties. Diem\u017e\u0113l, vakaros bie\u017ei vien ir gr\u016bti nolikt savas domas vai darbus mal\u0101 un patiesi atp\u016bsties. Izmantojot \u0161o dienasgr\u0101matu, Tev b\u016bs iesp\u0113ja p\u0101rdom\u0101t savas domas un vakaros velt\u012bt sev laiku, lai sagatavotos gul\u0113tie\u0161anai un n\u0101kamajai dienai. Vakara dienasgr\u0101mat\u0101 vari pierakst\u012bt savas domas, atcer\u0113ties skaistus mirk\u013cus, analiz\u0113t savu dienu un pierakst\u012bt savas domas r\u012btdienai. Dienasgr\u0101mat\u0101 ir ar\u012b daudz praktisku vingrin\u0101jumu, kas pal\u012bdz\u0113s atsl\u0101bin\u0101ties, iepaz\u012bt sevi un veidot labus ieradumus. Pildot dienasgr\u0101matu, Tu veidosi saikni ar sevi un iem\u0101c\u012bsies atbr\u012bvoties no t\u0101, kas ir pag\u0101jis. garais: Autora sveiciens. Katra diena ir d\u0101vana un diena, ko ir v\u0113rts svin\u0113t. Es v\u0113los dz\u012bvot savu dz\u012bvi, svinot savus pan\u0101kumus, g\u016bt\u0101s m\u0101c\u012bbas un iepaz\u012bt sevii. Rakstot, ieejot sav\u0101 \u0137ermen\u012b un dom\u0101jot, es varu rad\u012bt dz\u012bvi, kas sniedz prieku un saj\u016bsmu. Es ceru, ka \u0161\u012b \u017eurn\u0101la aizpild\u012b\u0161ana un taj\u0101 ietvertie vingrin\u0101jumi pal\u012bdz\u0113s Tev b\u016bt pateic\u012bgam vakaros, lai Tu vari katru dienu tuvoties savai sap\u0146u dz\u012bvei.<\/p>\n","protected":false},"featured_media":163685,"template":"","meta":{"_jet_sm_ready_style":"","_jet_sm_style":"","_jet_sm_controls_values":"","_jet_sm_fonts_collection":"","_jet_sm_fonts_links":""},"pwb-brand":[1266],"product_cat":[193,109],"product_tag":[],"class_list":{"0":"post-163754","1":"product","2":"type-product","3":"status-publish","4":"has-post-thumbnail","6":"pwb-brand-seik-lv","7":"product_cat-davanas","8":"product_cat-gramatas","10":"first","11":"instock","12":"taxable","13":"shipping-taxable","14":"purchasable","15":"product-type-simple"},"raw_content":{"name":"SEIK - Sak\u0101rto domas pirms gul\u0113tie\u0161anas - vakara dienasgr\u0101mata","description":"Izm\u0113rs: 20 \u00d7 20 \u00d7 2 cm","short_description":"<p style=\"text-align: center;\">Vakara mirk\u013ci ir \u013coti v\u0113rt\u012bgi. Tie savieno \u0161odienu un r\u012btdienu. Vakari dod mums iesp\u0113ju atskat\u012bties uz dienas notikumiem, sagatavoties jaunajai dienai un atp\u016bsties. Diem\u017e\u0113l, vakaros bie\u017ei vien ir gr\u016bti nolikt savas domas vai darbus mal\u0101 un patiesi atp\u016bsties. Izmantojot \u0161o dienasgr\u0101matu, Tev b\u016bs iesp\u0113ja p\u0101rdom\u0101t savas domas un vakaros velt\u012bt sev laiku, lai sagatavotos gul\u0113tie\u0161anai un n\u0101kamajai dienai. Vakara dienasgr\u0101mat\u0101 vari pierakst\u012bt savas domas, atcer\u0113ties skaistus mirk\u013cus, analiz\u0113t savu dienu un pierakst\u012bt savas domas r\u012btdienai. Dienasgr\u0101mat\u0101 ir ar\u012b daudz praktisku vingrin\u0101jumu, kas pal\u012bdz\u0113s atsl\u0101bin\u0101ties, iepaz\u012bt sevi un veidot labus ieradumus. Pildot dienasgr\u0101matu, Tu veidosi saikni ar sevi un iem\u0101c\u012bsies atbr\u012bvoties no t\u0101, kas ir pag\u0101jis. garais: Autora sveiciens. Katra diena ir d\u0101vana un diena, ko ir v\u0113rts svin\u0113t. Es v\u0113los dz\u012bvot savu dz\u012bvi, svinot savus pan\u0101kumus, g\u016bt\u0101s m\u0101c\u012bbas un iepaz\u012bt sevii. Rakstot, ieejot sav\u0101 \u0137ermen\u012b un dom\u0101jot, es varu rad\u012bt dz\u012bvi, kas sniedz prieku un saj\u016bsmu. Es ceru, ka \u0161\u012b \u017eurn\u0101la aizpild\u012b\u0161ana un taj\u0101 ietvertie vingrin\u0101jumi pal\u012bdz\u0113s Tev b\u016bt pateic\u012bgam vakaros, lai Tu vari katru dienu tuvoties savai sap\u0146u dz\u012bvei.<\/p>","status":"publish","sku":"seik-4744716013409","original":163631},"wpml":{"translation_type":1,"has_translations":true,"original":163631,"duplicates":[],"translations":{"lv":163754,"en":163631}},"brands":[{"id":1266,"name":"SEIK","slug":"seik-lv"}],"_links":{"self":[{"href":"https:\/\/m50.lv\/lv\/wp-json\/wp\/v2\/product\/163754","targetHints":{"allow":["GET"]}}],"collection":[{"href":"https:\/\/m50.lv\/lv\/wp-json\/wp\/v2\/product"}],"about":[{"href":"https:\/\/m50.lv\/lv\/wp-json\/wp\/v2\/types\/product"}],"version-history":[{"count":0,"href":"https:\/\/m50.lv\/lv\/wp-json\/wp\/v2\/product\/163754\/revisions"}],"wp:featuredmedia":[{"embeddable":true,"href":"https:\/\/m50.lv\/lv\/wp-json\/wp\/v2\/media\/163685"}],"wp:attachment":[{"href":"https:\/\/m50.lv\/lv\/wp-json\/wp\/v2\/media?parent=163754"}],"wp:term":[{"taxonomy":"pwb-brand","embeddable":true,"href":"https:\/\/m50.lv\/lv\/wp-json\/wp\/v2\/pwb-brand?post=163754"},{"taxonomy":"product_cat","embeddable":true,"href":"https:\/\/m50.lv\/lv\/wp-json\/wp\/v2\/product_cat?post=163754"},{"taxonomy":"product_tag","embeddable":true,"href":"https:\/\/m50.lv\/lv\/wp-json\/wp\/v2\/product_tag?post=163754"}],"curies":[{"name":"wp","href":"https:\/\/api.w.org\/{rel}","templated":true}]}}