{"id":163756,"date":"2023-12-04T18:55:02","date_gmt":"2023-12-04T16:55:02","guid":{"rendered":"https:\/\/m50.lv\/product\/seik-universala-telefona-siksna-melna\/"},"modified":"2026-04-14T13:41:31","modified_gmt":"2026-04-14T11:41:31","slug":"seik-universala-telefona-siksna-melna","status":"publish","type":"product","link":"https:\/\/m50.lv\/lv\/product\/seik-universala-telefona-siksna-melna\/","title":{"rendered":"SEIK Univers\u0101la telefona siksna &#8211; melna"},"content":{"rendered":"<p style=\"text-align: left;\">Univers\u0101l\u0101s t\u0101lru\u0146a siksnas lieto\u0161ana ir vienk\u0101r\u0161a: not\u012bri t\u0101lru\u0146a aizmugur\u0113jo da\u013cu vai v\u0101ci\u0146u. Neizmanto v\u0101ci\u0146am, kam ir atv\u0113rta apak\u0161\u0113j\u0101 mala. Ievieto pl\u0101ksni t\u0101lru\u0146a korpus\u0101 un noregul\u0113 to, lai t\u0101 \u0113rti piegu\u013c. Tagad izbaudi savu viedt\u0101lruni bez raiz\u0113m un br\u012bv\u0101m rok\u0101m!<\/p>\n<p style=\"text-align: left;\">Komplekt\u0101cij\u0101 nav iek\u013cauts telefona v\u0101ci\u0146\u0161.<\/p>\n","protected":false},"excerpt":{"rendered":"<p style=\"text-align: center;\">M\u0113s, SEIK komanda, cen\u0161amies katru dienu padar\u012bt par neaizmirstamu piedz\u012bvojumu. \u0160aj\u0101 straujaj\u0101 pasaul\u0113, kur\u0101 m\u016bsu viedt\u0101lru\u0146i ir k\u013cuvu\u0161i par uzticamiem pal\u012bgiem, kas glab\u0101 m\u016bsu atmi\u0146as, pal\u012bdz darb\u0101 un uztur saikni ar mums m\u012b\u013cajiem, m\u0113s visi esam piedz\u012bvoju\u0161i sirdi ploso\u0161us br\u012b\u017eus, kad m\u016bsu m\u012b\u013cot\u0101s ier\u012bces izsl\u012bd no rok\u0101m vai kabatas. Bet nebaidies! Iepaz\u012bsties ar SEIK telefona siksnu, kas ir draudz\u012bgs sargs \u0161aj\u0101 piedz\u012bvojumiem bag\u0101taj\u0101 ce\u013cojum\u0101.<\/p>\n","protected":false},"featured_media":163699,"template":"","meta":{"_jet_sm_ready_style":"","_jet_sm_style":"","_jet_sm_controls_values":"","_jet_sm_fonts_collection":"","_jet_sm_fonts_links":""},"pwb-brand":[1266],"product_cat":[101],"product_tag":[1474],"class_list":{"0":"post-163756","1":"product","2":"type-product","3":"status-publish","4":"has-post-thumbnail","6":"pwb-brand-seik-lv","7":"product_cat-aksesuari","8":"product_tag-gifts-under-20e","10":"first","11":"instock","12":"taxable","13":"shipping-taxable","14":"purchasable","15":"product-type-simple"},"raw_content":{"name":"SEIK Univers\u0101la telefona siksna - melna","description":"<p style=\"text-align: left;\">Univers\u0101l\u0101s t\u0101lru\u0146a siksnas lieto\u0161ana ir vienk\u0101r\u0161a: not\u012bri t\u0101lru\u0146a aizmugur\u0113jo da\u013cu vai v\u0101ci\u0146u. Neizmanto v\u0101ci\u0146am, kam ir atv\u0113rta apak\u0161\u0113j\u0101 mala. Ievieto pl\u0101ksni t\u0101lru\u0146a korpus\u0101 un noregul\u0113 to, lai t\u0101 \u0113rti piegu\u013c. Tagad izbaudi savu viedt\u0101lruni bez raiz\u0113m un br\u012bv\u0101m rok\u0101m!<\/p>\r\n<p style=\"text-align: left;\">Komplekt\u0101cij\u0101 nav iek\u013cauts telefona v\u0101ci\u0146\u0161.<\/p>","short_description":"<p style=\"text-align: center;\">M\u0113s, SEIK komanda, cen\u0161amies katru dienu padar\u012bt par neaizmirstamu piedz\u012bvojumu. \u0160aj\u0101 straujaj\u0101 pasaul\u0113, kur\u0101 m\u016bsu viedt\u0101lru\u0146i ir k\u013cuvu\u0161i par uzticamiem pal\u012bgiem, kas glab\u0101 m\u016bsu atmi\u0146as, pal\u012bdz darb\u0101 un uztur saikni ar mums m\u012b\u013cajiem, m\u0113s visi esam piedz\u012bvoju\u0161i sirdi ploso\u0161us br\u012b\u017eus, kad m\u016bsu m\u012b\u013cot\u0101s ier\u012bces izsl\u012bd no rok\u0101m vai kabatas. Bet nebaidies! Iepaz\u012bsties ar SEIK telefona siksnu, kas ir draudz\u012bgs sargs \u0161aj\u0101 piedz\u012bvojumiem bag\u0101taj\u0101 ce\u013cojum\u0101.<\/p>","status":"publish","sku":"seik-4744716015267","original":163632},"wpml":{"translation_type":1,"has_translations":true,"original":163632,"duplicates":[],"translations":{"lv":163756,"en":163632}},"brands":[{"id":1266,"name":"SEIK","slug":"seik-lv"}],"_links":{"self":[{"href":"https:\/\/m50.lv\/lv\/wp-json\/wp\/v2\/product\/163756","targetHints":{"allow":["GET"]}}],"collection":[{"href":"https:\/\/m50.lv\/lv\/wp-json\/wp\/v2\/product"}],"about":[{"href":"https:\/\/m50.lv\/lv\/wp-json\/wp\/v2\/types\/product"}],"version-history":[{"count":0,"href":"https:\/\/m50.lv\/lv\/wp-json\/wp\/v2\/product\/163756\/revisions"}],"wp:featuredmedia":[{"embeddable":true,"href":"https:\/\/m50.lv\/lv\/wp-json\/wp\/v2\/media\/163699"}],"wp:attachment":[{"href":"https:\/\/m50.lv\/lv\/wp-json\/wp\/v2\/media?parent=163756"}],"wp:term":[{"taxonomy":"pwb-brand","embeddable":true,"href":"https:\/\/m50.lv\/lv\/wp-json\/wp\/v2\/pwb-brand?post=163756"},{"taxonomy":"product_cat","embeddable":true,"href":"https:\/\/m50.lv\/lv\/wp-json\/wp\/v2\/product_cat?post=163756"},{"taxonomy":"product_tag","embeddable":true,"href":"https:\/\/m50.lv\/lv\/wp-json\/wp\/v2\/product_tag?post=163756"}],"curies":[{"name":"wp","href":"https:\/\/api.w.org\/{rel}","templated":true}]}}