{"id":163757,"date":"2023-12-04T19:05:56","date_gmt":"2023-12-04T17:05:56","guid":{"rendered":"https:\/\/m50.lv\/product\/seik-laimigas-pildspalvas-my-lucky-pen-melna-dream-plan-do-zila-2-gab\/"},"modified":"2023-12-04T19:29:36","modified_gmt":"2023-12-04T17:29:36","slug":"seik-laimigas-pildspalvas-my-lucky-pen-melna-dream-plan-do-zila-2-gab","status":"publish","type":"product","link":"https:\/\/m50.lv\/lv\/product\/seik-laimigas-pildspalvas-my-lucky-pen-melna-dream-plan-do-zila-2-gab\/","title":{"rendered":"SEIK Laim\u012bg\u0101s pildspalvas &#8211; My lucky pen (melna) &#038; Dream. Plan. Do. (zila) &#8211; 2 gab."},"content":{"rendered":"<p style=\"text-align: left;\">Komplekt\u0101 ietilpst divas pildspalvas &#8211; viena a rmelnu tinti, otra ar zilu tinti.<\/p>\n","protected":false},"excerpt":{"rendered":"<p style=\"text-align: center;\">Ar \u0161\u012bm pildspalv\u0101m j\u016bs sajut\u012bsiet, cik viegli v\u0101rdi pl\u016bst uz lapas. Ta\u010du ar to viss nebeidzas \u2013 uz pildspalv\u0101m ir motiv\u0113jo\u0161i cit\u0101ti, kas ir atg\u0101din\u0101jums, ka j\u016bs varat sasniegt ikvienu sapni. Ar \u0161\u012bm pildspalv\u0101m katrs rakst\u012b\u0161anas uzdevums k\u013c\u016bs par iedvesmas br\u012bdi. Neatkar\u012bgi no t\u0101, vai j\u016bs rakst\u0101t piez\u012bmes, pierakstiet savus sap\u0146us vai pl\u0101nojiet pl\u0101nus, \u013caujiet motiv\u0113jo\u0161am cit\u0101tam iedvesmot j\u016bsu rado\u0161umu un padar\u012bt j\u016bsu dienu gai\u0161\u0101ku. Pa\u0146emiet iedvesmojo\u0161o pildspalvu un \u013caujiet saviem v\u0101rdiem iedvesmot pasauli!<\/p>\n","protected":false},"featured_media":163663,"template":"","meta":{"_jet_sm_ready_style":"","_jet_sm_style":"","_jet_sm_controls_values":"","_jet_sm_fonts_collection":"","_jet_sm_fonts_links":""},"pwb-brand":[1266],"product_cat":[101],"product_tag":[1366,1474],"class_list":{"0":"post-163757","1":"product","2":"type-product","3":"status-publish","4":"has-post-thumbnail","6":"pwb-brand-seik-lv","7":"product_cat-aksesuari","8":"product_tag-back-2-school-lv","9":"product_tag-gifts-under-20e","11":"first","12":"instock","13":"taxable","14":"shipping-taxable","15":"purchasable","16":"product-type-simple"},"raw_content":{"name":"SEIK Laim\u012bg\u0101s pildspalvas - My lucky pen (melna) & Dream. Plan. Do. (zila) - 2 gab.","description":"<p style=\"text-align: left;\">Komplekt\u0101 ietilpst divas pildspalvas - viena a rmelnu tinti, otra ar zilu tinti.<\/p>","short_description":"<p style=\"text-align: center;\">Ar \u0161\u012bm pildspalv\u0101m j\u016bs sajut\u012bsiet, cik viegli v\u0101rdi pl\u016bst uz lapas. Ta\u010du ar to viss nebeidzas \u2013 uz pildspalv\u0101m ir motiv\u0113jo\u0161i cit\u0101ti, kas ir atg\u0101din\u0101jums, ka j\u016bs varat sasniegt ikvienu sapni. Ar \u0161\u012bm pildspalv\u0101m katrs rakst\u012b\u0161anas uzdevums k\u013c\u016bs par iedvesmas br\u012bdi. Neatkar\u012bgi no t\u0101, vai j\u016bs rakst\u0101t piez\u012bmes, pierakstiet savus sap\u0146us vai pl\u0101nojiet pl\u0101nus, \u013caujiet motiv\u0113jo\u0161am cit\u0101tam iedvesmot j\u016bsu rado\u0161umu un padar\u012bt j\u016bsu dienu gai\u0161\u0101ku. Pa\u0146emiet iedvesmojo\u0161o pildspalvu un \u013caujiet saviem v\u0101rdiem iedvesmot pasauli!<\/p>","status":"publish","sku":"seik-4744716012327","original":163634},"wpml":{"translation_type":1,"has_translations":true,"original":163634,"duplicates":[],"translations":{"lv":163757,"en":163634}},"brands":[{"id":1266,"name":"SEIK","slug":"seik-lv"}],"_links":{"self":[{"href":"https:\/\/m50.lv\/lv\/wp-json\/wp\/v2\/product\/163757","targetHints":{"allow":["GET"]}}],"collection":[{"href":"https:\/\/m50.lv\/lv\/wp-json\/wp\/v2\/product"}],"about":[{"href":"https:\/\/m50.lv\/lv\/wp-json\/wp\/v2\/types\/product"}],"version-history":[{"count":0,"href":"https:\/\/m50.lv\/lv\/wp-json\/wp\/v2\/product\/163757\/revisions"}],"wp:featuredmedia":[{"embeddable":true,"href":"https:\/\/m50.lv\/lv\/wp-json\/wp\/v2\/media\/163663"}],"wp:attachment":[{"href":"https:\/\/m50.lv\/lv\/wp-json\/wp\/v2\/media?parent=163757"}],"wp:term":[{"taxonomy":"pwb-brand","embeddable":true,"href":"https:\/\/m50.lv\/lv\/wp-json\/wp\/v2\/pwb-brand?post=163757"},{"taxonomy":"product_cat","embeddable":true,"href":"https:\/\/m50.lv\/lv\/wp-json\/wp\/v2\/product_cat?post=163757"},{"taxonomy":"product_tag","embeddable":true,"href":"https:\/\/m50.lv\/lv\/wp-json\/wp\/v2\/product_tag?post=163757"}],"curies":[{"name":"wp","href":"https:\/\/api.w.org\/{rel}","templated":true}]}}