{"id":163765,"date":"2023-12-04T19:32:36","date_gmt":"2023-12-04T17:32:36","guid":{"rendered":"https:\/\/m50.lv\/product\/didzis-jonovs-laimigas-kartis-angliski\/"},"modified":"2024-11-23T08:59:18","modified_gmt":"2024-11-23T06:59:18","slug":"didzis-jonovs-laimigas-kartis-angliski","status":"publish","type":"product","link":"https:\/\/m50.lv\/lv\/product\/didzis-jonovs-laimigas-kartis-angliski\/","title":{"rendered":"Didzis Jonovs | LAIM\u012aG\u0100S K\u0100RTIS (Angliski)"},"content":{"rendered":"","protected":false},"excerpt":{"rendered":"<p style=\"text-align: center;\">Katr\u0101 no t\u0101m ir teksts ar labv\u0113l\u012bgu un uzmundrino\u0161u noska\u0146u. Vari k\u0101rtis lietot sv\u0113tkos \u2013 dzim\u0161anas dien\u0101, gadumij\u0101, saulgrie\u017eos, k\u0101 ar\u012b ikdien\u0101 \u2013 no r\u012bta, vakar\u0101 vai k\u0101d\u0101 pi\u0146\u0137er\u012bg\u0101 dz\u012bves br\u012bd\u012b. Izvelkot k\u0101rti, ieg\u016bsi redz\u0113jumu, kas \u013caus uz dz\u012bvi paskat\u012bties caur viegluma, prieka un draiskuma filtru. Katras k\u0101rts iedvesmojo\u0161\u0101 j\u0113ga ir nostiprin\u0101ta ar ma\u0123isko z\u012bmju \u2013 r\u016bnu \u2013 kodu. \u0160is ir ceturais \u201cLaim\u012bgo k\u0101r\u0161u\u201d izdevums. Vari to lietot atsevi\u0161\u0137i vai kop\u0101 ar iepriek\u0161\u0113jiem izdevumiem.<\/p>\n","protected":false},"featured_media":163641,"template":"","meta":{"_jet_sm_ready_style":"","_jet_sm_style":"","_jet_sm_controls_values":"","_jet_sm_fonts_collection":"","_jet_sm_fonts_links":""},"pwb-brand":[1265],"product_cat":[193,1195],"product_tag":[1579],"class_list":["post-163765","product","type-product","status-publish","has-post-thumbnail","pwb-brand-didzis-jonovs-lv","product_cat-davanas","product_cat-speles-un-kartis","product_tag-davanas-mammai","first","instock","taxable","shipping-taxable","purchasable","product-type-simple"],"raw_content":{"name":"Didzis Jonovs | LAIM\u012aG\u0100S K\u0100RTIS (Angliski)","description":"","short_description":"<p style=\"text-align: center;\">Katr\u0101 no t\u0101m ir teksts ar labv\u0113l\u012bgu un uzmundrino\u0161u noska\u0146u. Vari k\u0101rtis lietot sv\u0113tkos \u2013 dzim\u0161anas dien\u0101, gadumij\u0101, saulgrie\u017eos, k\u0101 ar\u012b ikdien\u0101 \u2013 no r\u012bta, vakar\u0101 vai k\u0101d\u0101 pi\u0146\u0137er\u012bg\u0101 dz\u012bves br\u012bd\u012b. Izvelkot k\u0101rti, ieg\u016bsi redz\u0113jumu, kas \u013caus uz dz\u012bvi paskat\u012bties caur viegluma, prieka un draiskuma filtru. Katras k\u0101rts iedvesmojo\u0161\u0101 j\u0113ga ir nostiprin\u0101ta ar ma\u0123isko z\u012bmju \u2013 r\u016bnu \u2013 kodu. \u0160is ir ceturais \u201cLaim\u012bgo k\u0101r\u0161u\u201d izdevums. Vari to lietot atsevi\u0161\u0137i vai kop\u0101 ar iepriek\u0161\u0113jiem izdevumiem.<\/p>","status":"publish","sku":"laimigaskartis-eng","original":163763},"wpml":{"translation_type":1,"has_translations":true,"original":163763,"duplicates":[],"translations":{"lv":163765,"en":163763}},"brands":[{"id":1265,"name":"Didzis Jonovs","slug":"didzis-jonovs-lv"}],"_links":{"self":[{"href":"https:\/\/m50.lv\/lv\/wp-json\/wp\/v2\/product\/163765","targetHints":{"allow":["GET"]}}],"collection":[{"href":"https:\/\/m50.lv\/lv\/wp-json\/wp\/v2\/product"}],"about":[{"href":"https:\/\/m50.lv\/lv\/wp-json\/wp\/v2\/types\/product"}],"version-history":[{"count":0,"href":"https:\/\/m50.lv\/lv\/wp-json\/wp\/v2\/product\/163765\/revisions"}],"wp:featuredmedia":[{"embeddable":true,"href":"https:\/\/m50.lv\/lv\/wp-json\/wp\/v2\/media\/163641"}],"wp:attachment":[{"href":"https:\/\/m50.lv\/lv\/wp-json\/wp\/v2\/media?parent=163765"}],"wp:term":[{"taxonomy":"pwb-brand","embeddable":true,"href":"https:\/\/m50.lv\/lv\/wp-json\/wp\/v2\/pwb-brand?post=163765"},{"taxonomy":"product_cat","embeddable":true,"href":"https:\/\/m50.lv\/lv\/wp-json\/wp\/v2\/product_cat?post=163765"},{"taxonomy":"product_tag","embeddable":true,"href":"https:\/\/m50.lv\/lv\/wp-json\/wp\/v2\/product_tag?post=163765"}],"curies":[{"name":"wp","href":"https:\/\/api.w.org\/{rel}","templated":true}]}}