{"id":163949,"date":"2023-12-06T21:10:23","date_gmt":"2023-12-06T19:10:23","guid":{"rendered":"https:\/\/m50.lv\/product\/schastia-zdorovia-zekes-duck-roza\/"},"modified":"2026-02-04T16:14:24","modified_gmt":"2026-02-04T14:14:24","slug":"schastia-zdorovia-zekes-duck-roza","status":"publish","type":"product","link":"https:\/\/m50.lv\/lv\/product\/schastia-zdorovia-zekes-duck-roza\/","title":{"rendered":"Schastia Zdorovia Ze\u0137es Duck | Roz\u0101"},"content":{"rendered":"<p style=\"text-align: left;\">Ra\u017eots Ukrain\u0101.<br \/>\nSast\u0101vs: 97% kokvilna un 3% elast\u0101ns<\/p>\n","protected":false},"excerpt":{"rendered":"<p style=\"text-align: center;\">Ze\u0137es ar iem\u012b\u013coto p\u012bli, kas saka ko rupju. Der\u0113s un patiks tiem, kas saprot humorus un jokas. Patiks ar\u012b tiem, kas n\u0113s\u0101 ze\u0137es. Patiks ar\u012b tiem, kas nesaprot krievu valodu. Patiks ar\u012b tiem, kas saprot krievu un citas valodas.<\/p>\n","protected":false},"featured_media":163907,"template":"","meta":{"_jet_sm_ready_style":"","_jet_sm_style":"","_jet_sm_controls_values":"","_jet_sm_fonts_collection":"","_jet_sm_fonts_links":""},"pwb-brand":[1256],"product_cat":[101,567],"product_tag":[1579,1474,1562],"class_list":{"0":"post-163949","1":"product","2":"type-product","3":"status-publish","4":"has-post-thumbnail","6":"pwb-brand-schastia-zdorovia-lv","7":"product_cat-aksesuari","8":"product_cat-zekes","9":"product_tag-davanas-mammai","10":"product_tag-gifts-under-20e","11":"product_tag-valentindienas-davanas","13":"first","14":"instock","15":"taxable","16":"shipping-taxable","17":"purchasable","18":"product-type-variable"},"raw_content":{"name":"Schastia Zdorovia Ze\u0137es Duck | Roz\u0101","description":"<p style=\"text-align: left;\">Ra\u017eots Ukrain\u0101.\r\nSast\u0101vs: 97% kokvilna un 3% elast\u0101ns<\/p>","short_description":"<p style=\"text-align: center;\">Ze\u0137es ar iem\u012b\u013coto p\u012bli, kas saka ko rupju. Der\u0113s un patiks tiem, kas saprot humorus un jokas. Patiks ar\u012b tiem, kas n\u0113s\u0101 ze\u0137es. Patiks ar\u012b tiem, kas nesaprot krievu valodu. Patiks ar\u012b tiem, kas saprot krievu un citas valodas.<\/p>","status":"publish","sku":"Schastia-socks-pink","original":163896},"wpml":{"translation_type":1,"has_translations":true,"original":163896,"duplicates":[],"translations":{"lv":163949,"en":163896}},"brands":[{"id":1256,"name":"Schastia Zdorovia","slug":"schastia-zdorovia-lv"}],"_links":{"self":[{"href":"https:\/\/m50.lv\/lv\/wp-json\/wp\/v2\/product\/163949","targetHints":{"allow":["GET"]}}],"collection":[{"href":"https:\/\/m50.lv\/lv\/wp-json\/wp\/v2\/product"}],"about":[{"href":"https:\/\/m50.lv\/lv\/wp-json\/wp\/v2\/types\/product"}],"version-history":[{"count":0,"href":"https:\/\/m50.lv\/lv\/wp-json\/wp\/v2\/product\/163949\/revisions"}],"wp:featuredmedia":[{"embeddable":true,"href":"https:\/\/m50.lv\/lv\/wp-json\/wp\/v2\/media\/163907"}],"wp:attachment":[{"href":"https:\/\/m50.lv\/lv\/wp-json\/wp\/v2\/media?parent=163949"}],"wp:term":[{"taxonomy":"pwb-brand","embeddable":true,"href":"https:\/\/m50.lv\/lv\/wp-json\/wp\/v2\/pwb-brand?post=163949"},{"taxonomy":"product_cat","embeddable":true,"href":"https:\/\/m50.lv\/lv\/wp-json\/wp\/v2\/product_cat?post=163949"},{"taxonomy":"product_tag","embeddable":true,"href":"https:\/\/m50.lv\/lv\/wp-json\/wp\/v2\/product_tag?post=163949"}],"curies":[{"name":"wp","href":"https:\/\/api.w.org\/{rel}","templated":true}]}}