{"id":164227,"date":"2023-12-10T22:46:30","date_gmt":"2023-12-10T20:46:30","guid":{"rendered":"https:\/\/m50.lv\/product\/gaisma-02-perfectly-imperfect-aromatiska-dabiga-sojas-vaska-svece\/"},"modified":"2023-12-19T14:53:16","modified_gmt":"2023-12-19T12:53:16","slug":"gaisma-02-perfectly-imperfect-aromatiska-dabiga-sojas-vaska-svece","status":"publish","type":"product","link":"https:\/\/m50.lv\/lv\/product\/gaisma-02-perfectly-imperfect-aromatiska-dabiga-sojas-vaska-svece\/","title":{"rendered":"GAISMA 02 Perfectly Imperfect &#8211; Arom\u0101tiska dab\u012bga sojas vaska svece"},"content":{"rendered":"<p style=\"text-align: left;\">Virsnots &#8211; muskusa malva<br \/>\nSirds notis &#8211; viol\u012bte, magnolija<br \/>\nPamata notis &#8211; sandalkoks, kadi\u0137is, viegls muskuss<\/p>\n<p style=\"text-align: left;\">Dab\u012bg\u0101 sojas vaska svece ar izsmalcin\u0101ta parf\u012bma cien\u012bgiem, notur\u012bgiem arom\u0101tiem. \u0160is ir m\u012blest\u012bbas, gaismas un roku darbs. Svece pild\u012bta stikla trauk\u0101 ar koka v\u0101ci\u0146u, un iet\u012bta dekorat\u012bv\u0101 pap\u012br\u0101, kas apdruk\u0101ts ar ornamentiem, kas speci\u0101li z\u012bm\u0113ti, pieska\u0146ojoties katras sveces noska\u0146ai un st\u0101stam. Lai Harmonija un Gaisma j\u016bsm\u0101j\u0101s!<br \/>\n180gr<\/p>\n<p><img fetchpriority=\"high\" decoding=\"async\" class=\"alignnone size-full wp-image-166240\" src=\"https:\/\/m50.lv\/wp-content\/uploads\/2023\/12\/sojas-vaska-svece-gaisma.jpg\" alt=\"Sojas Vaska Svece GAISMA\" width=\"500\" height=\"143\" srcset=\"https:\/\/m50.lv\/wp-content\/uploads\/2023\/12\/sojas-vaska-svece-gaisma.jpg 500w, https:\/\/m50.lv\/wp-content\/uploads\/2023\/12\/sojas-vaska-svece-gaisma-300x86.jpg 300w\" sizes=\"(max-width: 500px) 100vw, 500px\" \/><\/p>\n","protected":false},"excerpt":{"rendered":"<p style=\"text-align: center;\">Baudi mirkli kop\u0101 ar &#8216;Perfecty Imperfect&#8217; sveci! Pat\u012bkam\u0101 vijol\u012btes un smar\u017e\u012bg\u0101s malvas kombin\u0101cija pie\u0161\u0137ils dienai perfektu dzirkstel\u012bti<\/p>\n","protected":false},"featured_media":166302,"template":"","meta":{"_jet_sm_ready_style":"","_jet_sm_style":"","_jet_sm_controls_values":"","_jet_sm_fonts_collection":"","_jet_sm_fonts_links":""},"pwb-brand":[1392],"product_cat":[193,203],"product_tag":[],"class_list":{"0":"post-164227","1":"product","2":"type-product","3":"status-publish","4":"has-post-thumbnail","6":"pwb-brand-gaisma-lv","7":"product_cat-davanas","8":"product_cat-sveces","10":"first","11":"outofstock","12":"taxable","13":"shipping-taxable","14":"purchasable","15":"product-type-simple"},"raw_content":{"name":"GAISMA 02 Perfectly Imperfect - Arom\u0101tiska dab\u012bga sojas vaska svece","description":"<p style=\"text-align: left;\">Virsnots - muskusa malva\r\nSirds notis - viol\u012bte, magnolija\r\nPamata notis - sandalkoks, kadi\u0137is, viegls muskuss<\/p>\r\n<p style=\"text-align: left;\">Dab\u012bg\u0101 sojas vaska svece ar izsmalcin\u0101ta parf\u012bma cien\u012bgiem, notur\u012bgiem arom\u0101tiem. \u0160is ir m\u012blest\u012bbas, gaismas un roku darbs. Svece pild\u012bta stikla trauk\u0101 ar koka v\u0101ci\u0146u, un iet\u012bta dekorat\u012bv\u0101 pap\u012br\u0101, kas apdruk\u0101ts ar ornamentiem, kas speci\u0101li z\u012bm\u0113ti, pieska\u0146ojoties katras sveces noska\u0146ai un st\u0101stam. Lai Harmonija un Gaisma j\u016bsm\u0101j\u0101s!\r\n180gr\r\n\r\n<img class=\"alignnone size-full wp-image-166240\" src=\"https:\/\/m50.lv\/wp-content\/uploads\/2023\/12\/sojas-vaska-svece-gaisma.jpg\" alt=\"Sojas Vaska Svece GAISMA\" width=\"500\" height=\"143\" \/><\/p>","short_description":"<p style=\"text-align: center;\">Baudi mirkli kop\u0101 ar 'Perfecty Imperfect' sveci! Pat\u012bkam\u0101 vijol\u012btes un smar\u017e\u012bg\u0101s malvas kombin\u0101cija pie\u0161\u0137ils dienai perfektu dzirkstel\u012bti<\/p>","status":"publish","sku":"GAISMA-Perfectly-ip","original":164186},"wpml":{"translation_type":1,"has_translations":true,"original":164186,"duplicates":[],"translations":{"lv":164227,"en":164186}},"brands":[{"id":1392,"name":"GAISMA","slug":"gaisma-lv"}],"_links":{"self":[{"href":"https:\/\/m50.lv\/lv\/wp-json\/wp\/v2\/product\/164227","targetHints":{"allow":["GET"]}}],"collection":[{"href":"https:\/\/m50.lv\/lv\/wp-json\/wp\/v2\/product"}],"about":[{"href":"https:\/\/m50.lv\/lv\/wp-json\/wp\/v2\/types\/product"}],"version-history":[{"count":0,"href":"https:\/\/m50.lv\/lv\/wp-json\/wp\/v2\/product\/164227\/revisions"}],"wp:featuredmedia":[{"embeddable":true,"href":"https:\/\/m50.lv\/lv\/wp-json\/wp\/v2\/media\/166302"}],"wp:attachment":[{"href":"https:\/\/m50.lv\/lv\/wp-json\/wp\/v2\/media?parent=164227"}],"wp:term":[{"taxonomy":"pwb-brand","embeddable":true,"href":"https:\/\/m50.lv\/lv\/wp-json\/wp\/v2\/pwb-brand?post=164227"},{"taxonomy":"product_cat","embeddable":true,"href":"https:\/\/m50.lv\/lv\/wp-json\/wp\/v2\/product_cat?post=164227"},{"taxonomy":"product_tag","embeddable":true,"href":"https:\/\/m50.lv\/lv\/wp-json\/wp\/v2\/product_tag?post=164227"}],"curies":[{"name":"wp","href":"https:\/\/api.w.org\/{rel}","templated":true}]}}