{"id":164228,"date":"2023-12-10T22:46:57","date_gmt":"2023-12-10T20:46:57","guid":{"rendered":"https:\/\/m50.lv\/product\/gaisma-03-fcking-cozy-aromatiska-dabiga-sojas-vaska-svece\/"},"modified":"2026-05-05T18:29:05","modified_gmt":"2026-05-05T16:29:05","slug":"gaisma-03-fcking-cozy-aromatiska-dabiga-sojas-vaska-svece","status":"publish","type":"product","link":"https:\/\/m50.lv\/lv\/product\/gaisma-03-fcking-cozy-aromatiska-dabiga-sojas-vaska-svece\/","title":{"rendered":"GAISMA 03 F*cking Cozy &#8211; Arom\u0101tiska dab\u012bga sojas vaska svece"},"content":{"rendered":"<p style=\"text-align: left;\">Virsnotis &#8211; bergamote, neroli, Ilan Ilan<br \/>\nSirds notis &#8211; jasm\u012bns, orhideja, narcise, d\u0101lija, apels\u012bna zieds<br \/>\nPamata notis &#8211; muskats, koks, kalt\u0113ti aug\u013ci<\/p>\n<p style=\"text-align: left;\">Dab\u012bg\u0101 sojas vaska svece ar izsmalcin\u0101ta parf\u012bma cien\u012bgiem, notur\u012bgiem arom\u0101tiem. \u0160is ir m\u012blest\u012bbas, gaismas un roku darbs. Svece pild\u012bta stikla trauk\u0101 ar koka v\u0101ci\u0146u, un iet\u012bta dekorat\u012bv\u0101 pap\u012br\u0101, kas apdruk\u0101ts ar ornamentiem, kas speci\u0101li z\u012bm\u0113ti, pieska\u0146ojoties katras sveces noska\u0146ai un st\u0101stam. Lai Harmonija un Gaisma j\u016bsm\u0101j\u0101s!<br \/>\n180gr<\/p>\n<p><img fetchpriority=\"high\" decoding=\"async\" class=\"alignnone size-full wp-image-166240\" src=\"https:\/\/m50.lv\/wp-content\/uploads\/2023\/12\/sojas-vaska-svece-gaisma.jpg\" alt=\"Sojas Vaska Svece GAISMA\" width=\"500\" height=\"143\" srcset=\"https:\/\/m50.lv\/wp-content\/uploads\/2023\/12\/sojas-vaska-svece-gaisma.jpg 500w, https:\/\/m50.lv\/wp-content\/uploads\/2023\/12\/sojas-vaska-svece-gaisma-300x86.jpg 300w\" sizes=\"(max-width: 500px) 100vw, 500px\" \/><\/p>\n","protected":false},"excerpt":{"rendered":"<p style=\"text-align: center;\">Pateic\u012bba augst\u0101kajiem sp\u0113kiem, ka esam \u0161eit un tagad. Ieritinies savas telpas m\u0101j\u012bg\u0101kaj\u0101 st\u016br\u012bt\u012b un izbaudi piln\u012bgu mieru un siltumu.<\/p>\n","protected":false},"featured_media":167146,"template":"","meta":{"_jet_sm_ready_style":"","_jet_sm_style":"","_jet_sm_controls_values":"","_jet_sm_fonts_collection":"","_jet_sm_fonts_links":""},"pwb-brand":[1392],"product_cat":[193,203],"product_tag":[],"class_list":{"0":"post-164228","1":"product","2":"type-product","3":"status-publish","4":"has-post-thumbnail","6":"pwb-brand-gaisma-lv","7":"product_cat-davanas","8":"product_cat-sveces","10":"first","11":"instock","12":"taxable","13":"shipping-taxable","14":"purchasable","15":"product-type-simple"},"raw_content":{"name":"GAISMA 03 F*cking Cozy - Arom\u0101tiska dab\u012bga sojas vaska svece","description":"<p style=\"text-align: left;\">Virsnotis - bergamote, neroli, Ilan Ilan\r\nSirds notis - jasm\u012bns, orhideja, narcise, d\u0101lija, apels\u012bna zieds\r\nPamata notis - muskats, koks, kalt\u0113ti aug\u013ci<\/p>\r\n<p style=\"text-align: left;\">Dab\u012bg\u0101 sojas vaska svece ar izsmalcin\u0101ta parf\u012bma cien\u012bgiem, notur\u012bgiem arom\u0101tiem. \u0160is ir m\u012blest\u012bbas, gaismas un roku darbs. Svece pild\u012bta stikla trauk\u0101 ar koka v\u0101ci\u0146u, un iet\u012bta dekorat\u012bv\u0101 pap\u012br\u0101, kas apdruk\u0101ts ar ornamentiem, kas speci\u0101li z\u012bm\u0113ti, pieska\u0146ojoties katras sveces noska\u0146ai un st\u0101stam. Lai Harmonija un Gaisma j\u016bsm\u0101j\u0101s!\r\n180gr\r\n\r\n<img class=\"alignnone size-full wp-image-166240\" src=\"https:\/\/m50.lv\/wp-content\/uploads\/2023\/12\/sojas-vaska-svece-gaisma.jpg\" alt=\"Sojas Vaska Svece GAISMA\" width=\"500\" height=\"143\" \/><\/p>","short_description":"<p style=\"text-align: center;\">Pateic\u012bba augst\u0101kajiem sp\u0113kiem, ka esam \u0161eit un tagad. Ieritinies savas telpas m\u0101j\u012bg\u0101kaj\u0101 st\u016br\u012bt\u012b un izbaudi piln\u012bgu mieru un siltumu.<\/p>","status":"publish","sku":"GAISMA-F--king-cozy","original":164187},"wpml":{"translation_type":1,"has_translations":true,"original":164187,"duplicates":[],"translations":{"lv":164228,"en":164187}},"brands":[{"id":1392,"name":"GAISMA","slug":"gaisma-lv"}],"_links":{"self":[{"href":"https:\/\/m50.lv\/lv\/wp-json\/wp\/v2\/product\/164228","targetHints":{"allow":["GET"]}}],"collection":[{"href":"https:\/\/m50.lv\/lv\/wp-json\/wp\/v2\/product"}],"about":[{"href":"https:\/\/m50.lv\/lv\/wp-json\/wp\/v2\/types\/product"}],"version-history":[{"count":0,"href":"https:\/\/m50.lv\/lv\/wp-json\/wp\/v2\/product\/164228\/revisions"}],"wp:featuredmedia":[{"embeddable":true,"href":"https:\/\/m50.lv\/lv\/wp-json\/wp\/v2\/media\/167146"}],"wp:attachment":[{"href":"https:\/\/m50.lv\/lv\/wp-json\/wp\/v2\/media?parent=164228"}],"wp:term":[{"taxonomy":"pwb-brand","embeddable":true,"href":"https:\/\/m50.lv\/lv\/wp-json\/wp\/v2\/pwb-brand?post=164228"},{"taxonomy":"product_cat","embeddable":true,"href":"https:\/\/m50.lv\/lv\/wp-json\/wp\/v2\/product_cat?post=164228"},{"taxonomy":"product_tag","embeddable":true,"href":"https:\/\/m50.lv\/lv\/wp-json\/wp\/v2\/product_tag?post=164228"}],"curies":[{"name":"wp","href":"https:\/\/api.w.org\/{rel}","templated":true}]}}