{"id":164229,"date":"2023-12-10T22:47:07","date_gmt":"2023-12-10T20:47:07","guid":{"rendered":"https:\/\/m50.lv\/product\/gaisma-04-sweater-weather-aromatiska-dabiga-sojas-vaska-svece\/"},"modified":"2026-05-01T17:22:32","modified_gmt":"2026-05-01T15:22:32","slug":"gaisma-04-sweater-weather-aromatiska-dabiga-sojas-vaska-svece","status":"publish","type":"product","link":"https:\/\/m50.lv\/lv\/product\/gaisma-04-sweater-weather-aromatiska-dabiga-sojas-vaska-svece\/","title":{"rendered":"GAISMA 04 Sweater Weather &#8211; Arom\u0101tiska dab\u012bga sojas vaska svece"},"content":{"rendered":"<p style=\"text-align: left;\">Virsnotis &#8211; apels\u012bns, citrons, mandar\u012bns<br \/>\nSirds notis &#8211; kan\u0113lis, krustnagli\u0146a, muskatrieksts, apels\u012bna zieds<br \/>\nPamata notis &#8211; vani\u013ca, pa\u010d\u016blija<\/p>\n<p style=\"text-align: left;\">Dab\u012bg\u0101 sojas vaska svece ar izsmalcin\u0101ta parf\u012bma cien\u012bgiem, notur\u012bgiem arom\u0101tiem. \u0160is ir m\u012blest\u012bbas, gaismas un roku darbs. Svece pild\u012bta stikla trauk\u0101 ar koka v\u0101ci\u0146u, un iet\u012bta dekorat\u012bv\u0101 pap\u012br\u0101, kas apdruk\u0101ts ar ornamentiem, kas speci\u0101li z\u012bm\u0113ti, pieska\u0146ojoties katras sveces noska\u0146ai un st\u0101stam. Lai Harmonija un Gaisma j\u016bsm\u0101j\u0101s!<br \/>\n180 gr<\/p>\n<p><img fetchpriority=\"high\" decoding=\"async\" class=\"alignnone size-full wp-image-166240\" src=\"https:\/\/m50.lv\/wp-content\/uploads\/2023\/12\/sojas-vaska-svece-gaisma.jpg\" alt=\"Sojas Vaska Svece GAISMA\" width=\"500\" height=\"143\" srcset=\"https:\/\/m50.lv\/wp-content\/uploads\/2023\/12\/sojas-vaska-svece-gaisma.jpg 500w, https:\/\/m50.lv\/wp-content\/uploads\/2023\/12\/sojas-vaska-svece-gaisma-300x86.jpg 300w\" sizes=\"(max-width: 500px) 100vw, 500px\" \/><\/p>\n","protected":false},"excerpt":{"rendered":"<p style=\"text-align: center;\">Atceries Ziemassv\u0113tku gara b\u016bt\u012bbu, ce\u013cojot cauri senlolotiem atmi\u0146u st\u0101stiem, svaigu citrusaug\u013cu un vani\u013cas m\u012bl\u012bguma ieskauts. Glu\u017ei k\u0101 Tevi sam\u012b\u013cotu un apskautu Tavs m\u012b\u013c\u0101kais d\u017eemperis dzirksto\u0161i v\u0113s\u0101 dien\u0101.<\/p>\n","protected":false},"featured_media":167164,"template":"","meta":{"_jet_sm_ready_style":"","_jet_sm_style":"","_jet_sm_controls_values":"","_jet_sm_fonts_collection":"","_jet_sm_fonts_links":""},"pwb-brand":[1392],"product_cat":[193,203],"product_tag":[],"class_list":{"0":"post-164229","1":"product","2":"type-product","3":"status-publish","4":"has-post-thumbnail","6":"pwb-brand-gaisma-lv","7":"product_cat-davanas","8":"product_cat-sveces","10":"first","11":"instock","12":"taxable","13":"shipping-taxable","14":"purchasable","15":"product-type-simple"},"raw_content":{"name":"GAISMA 04 Sweater Weather - Arom\u0101tiska dab\u012bga sojas vaska svece","description":"<p style=\"text-align: left;\">Virsnotis - apels\u012bns, citrons, mandar\u012bns\r\nSirds notis - kan\u0113lis, krustnagli\u0146a, muskatrieksts, apels\u012bna zieds\r\nPamata notis - vani\u013ca, pa\u010d\u016blija<\/p>\r\n<p style=\"text-align: left;\">Dab\u012bg\u0101 sojas vaska svece ar izsmalcin\u0101ta parf\u012bma cien\u012bgiem, notur\u012bgiem arom\u0101tiem. \u0160is ir m\u012blest\u012bbas, gaismas un roku darbs. Svece pild\u012bta stikla trauk\u0101 ar koka v\u0101ci\u0146u, un iet\u012bta dekorat\u012bv\u0101 pap\u012br\u0101, kas apdruk\u0101ts ar ornamentiem, kas speci\u0101li z\u012bm\u0113ti, pieska\u0146ojoties katras sveces noska\u0146ai un st\u0101stam. Lai Harmonija un Gaisma j\u016bsm\u0101j\u0101s!\r\n180 gr\r\n\r\n<img class=\"alignnone size-full wp-image-166240\" src=\"https:\/\/m50.lv\/wp-content\/uploads\/2023\/12\/sojas-vaska-svece-gaisma.jpg\" alt=\"Sojas Vaska Svece GAISMA\" width=\"500\" height=\"143\" \/><\/p>","short_description":"<p style=\"text-align: center;\">Atceries Ziemassv\u0113tku gara b\u016bt\u012bbu, ce\u013cojot cauri senlolotiem atmi\u0146u st\u0101stiem, svaigu citrusaug\u013cu un vani\u013cas m\u012bl\u012bguma ieskauts. Glu\u017ei k\u0101 Tevi sam\u012b\u013cotu un apskautu Tavs m\u012b\u013c\u0101kais d\u017eemperis dzirksto\u0161i v\u0113s\u0101 dien\u0101.<\/p>","status":"publish","sku":"GAISMA-Sweater-04","original":164188},"wpml":{"translation_type":1,"has_translations":true,"original":164188,"duplicates":[],"translations":{"lv":164229,"en":164188}},"brands":[{"id":1392,"name":"GAISMA","slug":"gaisma-lv"}],"_links":{"self":[{"href":"https:\/\/m50.lv\/lv\/wp-json\/wp\/v2\/product\/164229","targetHints":{"allow":["GET"]}}],"collection":[{"href":"https:\/\/m50.lv\/lv\/wp-json\/wp\/v2\/product"}],"about":[{"href":"https:\/\/m50.lv\/lv\/wp-json\/wp\/v2\/types\/product"}],"version-history":[{"count":0,"href":"https:\/\/m50.lv\/lv\/wp-json\/wp\/v2\/product\/164229\/revisions"}],"wp:featuredmedia":[{"embeddable":true,"href":"https:\/\/m50.lv\/lv\/wp-json\/wp\/v2\/media\/167164"}],"wp:attachment":[{"href":"https:\/\/m50.lv\/lv\/wp-json\/wp\/v2\/media?parent=164229"}],"wp:term":[{"taxonomy":"pwb-brand","embeddable":true,"href":"https:\/\/m50.lv\/lv\/wp-json\/wp\/v2\/pwb-brand?post=164229"},{"taxonomy":"product_cat","embeddable":true,"href":"https:\/\/m50.lv\/lv\/wp-json\/wp\/v2\/product_cat?post=164229"},{"taxonomy":"product_tag","embeddable":true,"href":"https:\/\/m50.lv\/lv\/wp-json\/wp\/v2\/product_tag?post=164229"}],"curies":[{"name":"wp","href":"https:\/\/api.w.org\/{rel}","templated":true}]}}