{"id":164230,"date":"2023-12-10T22:47:26","date_gmt":"2023-12-10T20:47:26","guid":{"rendered":"https:\/\/m50.lv\/product\/gaisma-05-love-at-frost-sight-aromatiska-dabiga-sojas-vaska-svece\/"},"modified":"2026-04-30T17:08:13","modified_gmt":"2026-04-30T15:08:13","slug":"gaisma-05-love-at-frost-sight-aromatiska-dabiga-sojas-vaska-svece","status":"publish","type":"product","link":"https:\/\/m50.lv\/lv\/product\/gaisma-05-love-at-frost-sight-aromatiska-dabiga-sojas-vaska-svece\/","title":{"rendered":"GAISMA 05 Love at Frost Sight &#8211; Arom\u0101tiska dab\u012bga sojas vaska svece"},"content":{"rendered":"<p style=\"text-align: left;\">Virsnotis &#8211; bergamote, citrona lapas, eikalipts<br \/>\nSirds notis &#8211; gar\u0161vielas, lavanda, \u0123er\u0101nija<br \/>\nPamata notis &#8211; ciedrs, Masojas koks, me\u017es, dzintars<\/p>\n<p style=\"text-align: left;\">Dab\u012bg\u0101 sojas vaska svece ar izsmalcin\u0101ta parf\u012bma cien\u012bgiem, notur\u012bgiem arom\u0101tiem. \u0160is ir m\u012blest\u012bbas, gaismas un roku darbs. Svece pild\u012bta stikla trauk\u0101 ar koka v\u0101ci\u0146u, un iet\u012bta dekorat\u012bv\u0101 pap\u012br\u0101, kas apdruk\u0101ts ar ornamentiem, kas speci\u0101li z\u012bm\u0113ti, pieska\u0146ojoties katras sveces noska\u0146ai un st\u0101stam. Lai Harmonija un Gaisma j\u016bsm\u0101j\u0101s!<br \/>\n180 gr<\/p>\n<p><img fetchpriority=\"high\" decoding=\"async\" class=\"alignnone size-full wp-image-166240\" src=\"https:\/\/m50.lv\/wp-content\/uploads\/2023\/12\/sojas-vaska-svece-gaisma.jpg\" alt=\"Sojas Vaska Svece GAISMA\" width=\"500\" height=\"143\" srcset=\"https:\/\/m50.lv\/wp-content\/uploads\/2023\/12\/sojas-vaska-svece-gaisma.jpg 500w, https:\/\/m50.lv\/wp-content\/uploads\/2023\/12\/sojas-vaska-svece-gaisma-300x86.jpg 300w\" sizes=\"(max-width: 500px) 100vw, 500px\" \/><\/p>\n","protected":false},"excerpt":{"rendered":"<p style=\"text-align: center;\">&#8216;M\u012blest\u012bba no pirm\u0101s salnas&#8217; ir k\u0101 svaiga ziemas gaisa malks, ar dz\u012bvel\u012bgu citrusa arom\u0101tu, nomierino\u0161u lavandu un ciedru, kas rada m\u0101j\u012bgu un mier\u012bgu atmosf\u0113ru telp\u0101.<\/p>\n","protected":false},"featured_media":167152,"template":"","meta":{"_jet_sm_ready_style":"","_jet_sm_style":"","_jet_sm_controls_values":"","_jet_sm_fonts_collection":"","_jet_sm_fonts_links":""},"pwb-brand":[1392],"product_cat":[193,203],"product_tag":[1562],"class_list":{"0":"post-164230","1":"product","2":"type-product","3":"status-publish","4":"has-post-thumbnail","6":"pwb-brand-gaisma-lv","7":"product_cat-davanas","8":"product_cat-sveces","9":"product_tag-valentindienas-davanas","11":"first","12":"instock","13":"taxable","14":"shipping-taxable","15":"purchasable","16":"product-type-simple"},"raw_content":{"name":"GAISMA 05 Love at Frost Sight - Arom\u0101tiska dab\u012bga sojas vaska svece","description":"<p style=\"text-align: left;\">Virsnotis - bergamote, citrona lapas, eikalipts\r\nSirds notis - gar\u0161vielas, lavanda, \u0123er\u0101nija\r\nPamata notis - ciedrs, Masojas koks, me\u017es, dzintars<\/p>\r\n<p style=\"text-align: left;\">Dab\u012bg\u0101 sojas vaska svece ar izsmalcin\u0101ta parf\u012bma cien\u012bgiem, notur\u012bgiem arom\u0101tiem. \u0160is ir m\u012blest\u012bbas, gaismas un roku darbs. Svece pild\u012bta stikla trauk\u0101 ar koka v\u0101ci\u0146u, un iet\u012bta dekorat\u012bv\u0101 pap\u012br\u0101, kas apdruk\u0101ts ar ornamentiem, kas speci\u0101li z\u012bm\u0113ti, pieska\u0146ojoties katras sveces noska\u0146ai un st\u0101stam. Lai Harmonija un Gaisma j\u016bsm\u0101j\u0101s!\r\n180 gr\r\n\r\n<img class=\"alignnone size-full wp-image-166240\" src=\"https:\/\/m50.lv\/wp-content\/uploads\/2023\/12\/sojas-vaska-svece-gaisma.jpg\" alt=\"Sojas Vaska Svece GAISMA\" width=\"500\" height=\"143\" \/><\/p>","short_description":"<p style=\"text-align: center;\">'M\u012blest\u012bba no pirm\u0101s salnas' ir k\u0101 svaiga ziemas gaisa malks, ar dz\u012bvel\u012bgu citrusa arom\u0101tu, nomierino\u0161u lavandu un ciedru, kas rada m\u0101j\u012bgu un mier\u012bgu atmosf\u0113ru telp\u0101.<\/p>","status":"publish","sku":"GAISMA-Love-at-frost","original":164189},"wpml":{"translation_type":1,"has_translations":true,"original":164189,"duplicates":[],"translations":{"lv":164230,"en":164189}},"brands":[{"id":1392,"name":"GAISMA","slug":"gaisma-lv"}],"_links":{"self":[{"href":"https:\/\/m50.lv\/lv\/wp-json\/wp\/v2\/product\/164230","targetHints":{"allow":["GET"]}}],"collection":[{"href":"https:\/\/m50.lv\/lv\/wp-json\/wp\/v2\/product"}],"about":[{"href":"https:\/\/m50.lv\/lv\/wp-json\/wp\/v2\/types\/product"}],"version-history":[{"count":0,"href":"https:\/\/m50.lv\/lv\/wp-json\/wp\/v2\/product\/164230\/revisions"}],"wp:featuredmedia":[{"embeddable":true,"href":"https:\/\/m50.lv\/lv\/wp-json\/wp\/v2\/media\/167152"}],"wp:attachment":[{"href":"https:\/\/m50.lv\/lv\/wp-json\/wp\/v2\/media?parent=164230"}],"wp:term":[{"taxonomy":"pwb-brand","embeddable":true,"href":"https:\/\/m50.lv\/lv\/wp-json\/wp\/v2\/pwb-brand?post=164230"},{"taxonomy":"product_cat","embeddable":true,"href":"https:\/\/m50.lv\/lv\/wp-json\/wp\/v2\/product_cat?post=164230"},{"taxonomy":"product_tag","embeddable":true,"href":"https:\/\/m50.lv\/lv\/wp-json\/wp\/v2\/product_tag?post=164230"}],"curies":[{"name":"wp","href":"https:\/\/api.w.org\/{rel}","templated":true}]}}