{"id":164236,"date":"2023-12-10T22:49:01","date_gmt":"2023-12-10T20:49:01","guid":{"rendered":"https:\/\/m50.lv\/product\/gaisma-07-cest-la-vie-aromatiska-dabiga-sojas-vaska-svece\/"},"modified":"2026-05-01T17:22:33","modified_gmt":"2026-05-01T15:22:33","slug":"gaisma-07-cest-la-vie-aromatiska-dabiga-sojas-vaska-svece","status":"publish","type":"product","link":"https:\/\/m50.lv\/lv\/product\/gaisma-07-cest-la-vie-aromatiska-dabiga-sojas-vaska-svece\/","title":{"rendered":"GAISMA 07 C&#8217;est la Vie &#8211; Arom\u0101tiska dab\u012bga sojas vaska svece"},"content":{"rendered":"<p style=\"text-align: left;\">Virsnotis &#8211; citrusaug\u013ci, galbanum<br \/>\nSirds notis &#8211; vijol\u012bte, apels\u012bna zieds, lilija, jasm\u012bns<br \/>\nPamata notis &#8211; koksne, dzintars, muskats<\/p>\n<p style=\"text-align: left;\">Dab\u012bg\u0101 sojas vaska svece ar izsmalcin\u0101ta parf\u012bma cien\u012bgiem, notur\u012bgiem arom\u0101tiem. \u0160is ir m\u012blest\u012bbas, gaismas un roku darbs. Svece pild\u012bta stikla trauk\u0101 ar koka v\u0101ci\u0146u, un iet\u012bta dekorat\u012bv\u0101 pap\u012br\u0101, kas apdruk\u0101ts ar ornamentiem, kas speci\u0101li z\u012bm\u0113ti, pieska\u0146ojoties katras sveces noska\u0146ai un st\u0101stam. Lai Harmonija un Gaisma j\u016bsm\u0101j\u0101s!<br \/>\n180gr<\/p>\n<p><img fetchpriority=\"high\" decoding=\"async\" class=\"alignnone size-full wp-image-166240\" src=\"https:\/\/m50.lv\/wp-content\/uploads\/2023\/12\/sojas-vaska-svece-gaisma.jpg\" alt=\"Sojas Vaska Svece GAISMA\" width=\"500\" height=\"143\" srcset=\"https:\/\/m50.lv\/wp-content\/uploads\/2023\/12\/sojas-vaska-svece-gaisma.jpg 500w, https:\/\/m50.lv\/wp-content\/uploads\/2023\/12\/sojas-vaska-svece-gaisma-300x86.jpg 300w\" sizes=\"(max-width: 500px) 100vw, 500px\" \/><\/p>\n","protected":false},"excerpt":{"rendered":"<p style=\"text-align: center;\">&#8216;C&#8217;est la Vie&#8217; ir k\u0101 burv\u012bgs d\u0101rzs, ar svaigu citrusaug\u013cu un ziedu arom\u0101tu gais\u0101, radot bezr\u016bp\u012bgu un dz\u012bvespriec\u012bgu noska\u0146u. T\u0101 ir svece, kas \u010dukstot saka: &#8216;T\u0101da ir dz\u012bve&#8217;, un piepilda telpu ar savu br\u012bnumaino arom\u0101tu.<\/p>\n","protected":false},"featured_media":167134,"template":"","meta":{"_jet_sm_ready_style":"","_jet_sm_style":"","_jet_sm_controls_values":"","_jet_sm_fonts_collection":"","_jet_sm_fonts_links":""},"pwb-brand":[1391],"product_cat":[188,179],"product_tag":[1578],"class_list":{"0":"post-164236","1":"product","2":"type-product","3":"status-publish","4":"has-post-thumbnail","6":"pwb-brand-gaisma","7":"product_cat-candles","8":"product_cat-gifts","9":"product_tag-gifts-for-mom","11":"first","12":"instock","13":"taxable","14":"shipping-taxable","15":"purchasable","16":"product-type-simple"},"raw_content":{"name":"GAISMA 07 C'est la Vie - Arom\u0101tiska dab\u012bga sojas vaska svece","description":"<p style=\"text-align: left;\">Virsnotis - citrusaug\u013ci, galbanum\r\nSirds notis - vijol\u012bte, apels\u012bna zieds, lilija, jasm\u012bns\r\nPamata notis - koksne, dzintars, muskats<\/p>\r\n<p style=\"text-align: left;\">Dab\u012bg\u0101 sojas vaska svece ar izsmalcin\u0101ta parf\u012bma cien\u012bgiem, notur\u012bgiem arom\u0101tiem. \u0160is ir m\u012blest\u012bbas, gaismas un roku darbs. Svece pild\u012bta stikla trauk\u0101 ar koka v\u0101ci\u0146u, un iet\u012bta dekorat\u012bv\u0101 pap\u012br\u0101, kas apdruk\u0101ts ar ornamentiem, kas speci\u0101li z\u012bm\u0113ti, pieska\u0146ojoties katras sveces noska\u0146ai un st\u0101stam. Lai Harmonija un Gaisma j\u016bsm\u0101j\u0101s!\r\n180gr\r\n\r\n<img class=\"alignnone size-full wp-image-166240\" src=\"https:\/\/m50.lv\/wp-content\/uploads\/2023\/12\/sojas-vaska-svece-gaisma.jpg\" alt=\"Sojas Vaska Svece GAISMA\" width=\"500\" height=\"143\" \/><\/p>","short_description":"<p style=\"text-align: center;\">'C'est la Vie' ir k\u0101 burv\u012bgs d\u0101rzs, ar svaigu citrusaug\u013cu un ziedu arom\u0101tu gais\u0101, radot bezr\u016bp\u012bgu un dz\u012bvespriec\u012bgu noska\u0146u. T\u0101 ir svece, kas \u010dukstot saka: 'T\u0101da ir dz\u012bve', un piepilda telpu ar savu br\u012bnumaino arom\u0101tu.<\/p>","status":"publish","sku":"GAISMA-Cest-la-vie","original":164191},"wpml":{"translation_type":1,"has_translations":true,"original":164191,"duplicates":[],"translations":{"lv":164236,"en":164191}},"brands":[{"id":1392,"name":"GAISMA","slug":"gaisma-lv"}],"_links":{"self":[{"href":"https:\/\/m50.lv\/lv\/wp-json\/wp\/v2\/product\/164236","targetHints":{"allow":["GET"]}}],"collection":[{"href":"https:\/\/m50.lv\/lv\/wp-json\/wp\/v2\/product"}],"about":[{"href":"https:\/\/m50.lv\/lv\/wp-json\/wp\/v2\/types\/product"}],"version-history":[{"count":0,"href":"https:\/\/m50.lv\/lv\/wp-json\/wp\/v2\/product\/164236\/revisions"}],"wp:featuredmedia":[{"embeddable":true,"href":"https:\/\/m50.lv\/lv\/wp-json\/wp\/v2\/media\/167134"}],"wp:attachment":[{"href":"https:\/\/m50.lv\/lv\/wp-json\/wp\/v2\/media?parent=164236"}],"wp:term":[{"taxonomy":"pwb-brand","embeddable":true,"href":"https:\/\/m50.lv\/lv\/wp-json\/wp\/v2\/pwb-brand?post=164236"},{"taxonomy":"product_cat","embeddable":true,"href":"https:\/\/m50.lv\/lv\/wp-json\/wp\/v2\/product_cat?post=164236"},{"taxonomy":"product_tag","embeddable":true,"href":"https:\/\/m50.lv\/lv\/wp-json\/wp\/v2\/product_tag?post=164236"}],"curies":[{"name":"wp","href":"https:\/\/api.w.org\/{rel}","templated":true}]}}