{"id":164391,"date":"2023-12-12T20:07:43","date_gmt":"2023-12-12T18:07:43","guid":{"rendered":"https:\/\/m50.lv\/product\/seik-rigas-sprotes-zekes-mazaja-konservu-bundza-35-46-izmers\/"},"modified":"2025-12-06T13:10:19","modified_gmt":"2025-12-06T11:10:19","slug":"seik-rigas-sprotes-zekes-mazaja-konservu-bundza-35-46-izmers","status":"publish","type":"product","link":"https:\/\/m50.lv\/lv\/product\/seik-rigas-sprotes-zekes-mazaja-konservu-bundza-35-46-izmers\/","title":{"rendered":"SEIK R\u012bgas \u0161protes &#8211; ze\u0137es mazaj\u0101 konservu bund\u017e\u0101 (35-46 izm\u0113rs)"},"content":{"rendered":"<p style=\"text-align: left;\">K\u0101 m\u0113s ievietoj\u0101m m\u012bkstas un \u0113rtas ze\u0137es maz\u0101 100g izm\u0113ra konservu bund\u017e\u0101?<\/p>\n<p style=\"text-align: left;\">\u0160\u012bs ir visori\u0123in\u0101l\u0101kas konservu ze\u0137es, k\u0101das m\u0113s jebkad esam rad\u012bju\u0161i. Kad tu turi t\u0101s rok\u0101s, tev ir saj\u016bta, ka rok\u0101s turi zivju konservus. Iepakojuma svars ir t\u0101ds pats k\u0101 zivju konserviem \u2013 100g. M\u0113s izmantoj\u0101m m\u016bsdienu tehnolo\u0123ijas un ievietoj\u0101m ze\u0137es mazaj\u0101 bund\u017e\u0101. Kad bund\u017ea tiks atv\u0113rta un rea\u0123\u0113s ar gaisu \u2013 ze\u0137es ieg\u016bs t\u0101 or\u0123in\u0101lo izskatu, m\u012bkstumu un svaigumu. Tu vari pa\u0101trin\u0101t procesu, pievienojot mazliet \u016bdens.<\/p>\n<p style=\"text-align: left;\">Saj\u016bti p\u0101rsteiguma burv\u012bbu \u2013 no\u0146em apak\u0161\u0113jo eti\u0137eti un p\u0101rv\u0113rt to par \u012bstu p\u0101rsteiguma momentu.<\/p>\n<p style=\"text-align: left;\">Materi\u0101ls: 80% kokvilna, 17% poliam\u012bds, 3% elast\u0101ns.<br \/>\n#rigassprotes #navzivju<\/p>\n<p style=\"text-align: left;\">Univers\u0101ls izm\u0113rs, kas der\u0113s gan sieviet\u0113m, gan v\u012brie\u0161iem (35-46 izm\u0113rs).<\/p>\n","protected":false},"excerpt":{"rendered":"<p style=\"text-align: center;\">Ja pl\u0101no doties gar\u0101k\u0101 p\u0101rg\u0101jien\u0101 vai vienk\u0101r\u0161i esi noba\u017e\u012bjies par savu parasto ze\u0137u iztur\u012bbu, \u0161\u012bs ze\u0137es nodro\u0161in\u0101s senatn\u012bgu sp\u0113ku, lai aizce\u013cotu t\u0101l\u0101k. Un, ja p\u0101rg\u0101jiena partneri s\u0101ks s\u016bdz\u0113ties par \u0101rk\u0101rt\u012bgi sp\u0113c\u012bgo smar\u017eu, tad past\u0101sti, ka tas ir sp\u0113ks, kas nog\u0101d\u0101s tevi galam\u0113r\u0137\u012b pirms citiem.<\/p>\n","protected":false},"featured_media":164343,"template":"","meta":{"_jet_sm_ready_style":"","_jet_sm_style":"","_jet_sm_controls_values":"","_jet_sm_fonts_collection":"","_jet_sm_fonts_links":""},"pwb-brand":[1266],"product_cat":[101,567],"product_tag":[1474,1510],"class_list":{"0":"post-164391","1":"product","2":"type-product","3":"status-publish","4":"has-post-thumbnail","6":"pwb-brand-seik-lv","7":"product_cat-aksesuari","8":"product_cat-zekes","9":"product_tag-gifts-under-20e","10":"product_tag-janu-ligo-davanu-idejas","12":"first","13":"outofstock","14":"taxable","15":"shipping-taxable","16":"purchasable","17":"product-type-simple"},"raw_content":{"name":"SEIK R\u012bgas \u0161protes - ze\u0137es mazaj\u0101 konservu bund\u017e\u0101 (35-46 izm\u0113rs)","description":"<p style=\"text-align: left;\">K\u0101 m\u0113s ievietoj\u0101m m\u012bkstas un \u0113rtas ze\u0137es maz\u0101 100g izm\u0113ra konservu bund\u017e\u0101?<\/p>\r\n<p style=\"text-align: left;\">\u0160\u012bs ir visori\u0123in\u0101l\u0101kas konservu ze\u0137es, k\u0101das m\u0113s jebkad esam rad\u012bju\u0161i. Kad tu turi t\u0101s rok\u0101s, tev ir saj\u016bta, ka rok\u0101s turi zivju konservus. Iepakojuma svars ir t\u0101ds pats k\u0101 zivju konserviem \u2013 100g. M\u0113s izmantoj\u0101m m\u016bsdienu tehnolo\u0123ijas un ievietoj\u0101m ze\u0137es mazaj\u0101 bund\u017e\u0101. Kad bund\u017ea tiks atv\u0113rta un rea\u0123\u0113s ar gaisu \u2013 ze\u0137es ieg\u016bs t\u0101 or\u0123in\u0101lo izskatu, m\u012bkstumu un svaigumu. Tu vari pa\u0101trin\u0101t procesu, pievienojot mazliet \u016bdens.<\/p>\r\n<p style=\"text-align: left;\">Saj\u016bti p\u0101rsteiguma burv\u012bbu \u2013 no\u0146em apak\u0161\u0113jo eti\u0137eti un p\u0101rv\u0113rt to par \u012bstu p\u0101rsteiguma momentu.<\/p>\r\n<p style=\"text-align: left;\">Materi\u0101ls: 80% kokvilna, 17% poliam\u012bds, 3% elast\u0101ns.\r\n#rigassprotes #navzivju<\/p>\r\n<p style=\"text-align: left;\">Univers\u0101ls izm\u0113rs, kas der\u0113s gan sieviet\u0113m, gan v\u012brie\u0161iem (35-46 izm\u0113rs).<\/p>","short_description":"<p style=\"text-align: center;\">Ja pl\u0101no doties gar\u0101k\u0101 p\u0101rg\u0101jien\u0101 vai vienk\u0101r\u0161i esi noba\u017e\u012bjies par savu parasto ze\u0137u iztur\u012bbu, \u0161\u012bs ze\u0137es nodro\u0161in\u0101s senatn\u012bgu sp\u0113ku, lai aizce\u013cotu t\u0101l\u0101k. Un, ja p\u0101rg\u0101jiena partneri s\u0101ks s\u016bdz\u0113ties par \u0101rk\u0101rt\u012bgi sp\u0113c\u012bgo smar\u017eu, tad past\u0101sti, ka tas ir sp\u0113ks, kas nog\u0101d\u0101s tevi galam\u0113r\u0137\u012b pirms citiem.<\/p>","status":"publish","sku":"seik-4745091611242","original":164341},"wpml":{"translation_type":1,"has_translations":true,"original":164341,"duplicates":[],"translations":{"lv":164391,"en":164341}},"brands":[{"id":1266,"name":"SEIK","slug":"seik-lv"}],"_links":{"self":[{"href":"https:\/\/m50.lv\/lv\/wp-json\/wp\/v2\/product\/164391","targetHints":{"allow":["GET"]}}],"collection":[{"href":"https:\/\/m50.lv\/lv\/wp-json\/wp\/v2\/product"}],"about":[{"href":"https:\/\/m50.lv\/lv\/wp-json\/wp\/v2\/types\/product"}],"version-history":[{"count":0,"href":"https:\/\/m50.lv\/lv\/wp-json\/wp\/v2\/product\/164391\/revisions"}],"wp:featuredmedia":[{"embeddable":true,"href":"https:\/\/m50.lv\/lv\/wp-json\/wp\/v2\/media\/164343"}],"wp:attachment":[{"href":"https:\/\/m50.lv\/lv\/wp-json\/wp\/v2\/media?parent=164391"}],"wp:term":[{"taxonomy":"pwb-brand","embeddable":true,"href":"https:\/\/m50.lv\/lv\/wp-json\/wp\/v2\/pwb-brand?post=164391"},{"taxonomy":"product_cat","embeddable":true,"href":"https:\/\/m50.lv\/lv\/wp-json\/wp\/v2\/product_cat?post=164391"},{"taxonomy":"product_tag","embeddable":true,"href":"https:\/\/m50.lv\/lv\/wp-json\/wp\/v2\/product_tag?post=164391"}],"curies":[{"name":"wp","href":"https:\/\/api.w.org\/{rel}","templated":true}]}}