{"id":164392,"date":"2023-12-12T20:08:28","date_gmt":"2023-12-12T18:08:28","guid":{"rendered":"https:\/\/m50.lv\/product\/seik-dizaina-kruze-draugs\/"},"modified":"2023-12-13T15:35:15","modified_gmt":"2023-12-13T13:35:15","slug":"seik-dizaina-kruze-draugs","status":"publish","type":"product","link":"https:\/\/m50.lv\/lv\/product\/seik-dizaina-kruze-draugs\/","title":{"rendered":"SEIK DIZAINA KR\u016aZE DRAUGS"},"content":{"rendered":"<p style=\"text-align: left;\">Tilpums ir 330ml, izm\u0113rs \u2013 diametrs 82 mm, augstums 95 mm.<br \/>\nIr at\u013cauts to mazg\u0101t trauku mazg\u0101jam\u0101 ma\u0161\u012bn\u0101 vai ar rok\u0101m.<br \/>\nKr\u016bze ir iesai\u0146ota skaist\u0101 iepakojum\u0101.<\/p>\n","protected":false},"excerpt":{"rendered":"<p style=\"text-align: center;\">Kur\u0161 ir tas cilv\u0113ks, kur\u0161 vienm\u0113r ir blakus, kad tev vajadz\u012bga pal\u012bdz\u012bba un pal\u012bdz ar padomu? Labi draugi ir v\u0113rt\u012bba \u2013 uzd\u0101vini savam \u012bpa\u0161ajam cilv\u0113kam kr\u016bzi, kas atg\u0101din\u0101s par j\u016bsu draudz\u012bbu katru reizi, kad tiks malkota r\u012bta kafija vai t\u0113ja. Lieliska ideja d\u0101vanai!<\/p>\n","protected":false},"featured_media":164323,"template":"","meta":{"_jet_sm_ready_style":"","_jet_sm_style":"","_jet_sm_controls_values":"","_jet_sm_fonts_collection":"","_jet_sm_fonts_links":""},"pwb-brand":[1266],"product_cat":[193,1004],"product_tag":[1474,1510],"class_list":{"0":"post-164392","1":"product","2":"type-product","3":"status-publish","4":"has-post-thumbnail","6":"pwb-brand-seik-lv","7":"product_cat-davanas","8":"product_cat-kruzes","9":"product_tag-gifts-under-20e","10":"product_tag-janu-ligo-davanu-idejas","12":"first","13":"instock","14":"taxable","15":"shipping-taxable","16":"purchasable","17":"product-type-simple"},"raw_content":{"name":"SEIK DIZAINA KR\u016aZE DRAUGS","description":"<p style=\"text-align: left;\">Tilpums ir 330ml, izm\u0113rs \u2013 diametrs 82 mm, augstums 95 mm.<br \/>\r\nIr at\u013cauts to mazg\u0101t trauku mazg\u0101jam\u0101 ma\u0161\u012bn\u0101 vai ar rok\u0101m.<br \/>\r\nKr\u016bze ir iesai\u0146ota skaist\u0101 iepakojum\u0101.<\/p>\r\n","short_description":"<p style=\"text-align: center;\">Kur\u0161 ir tas cilv\u0113ks, kur\u0161 vienm\u0113r ir blakus, kad tev vajadz\u012bga pal\u012bdz\u012bba un pal\u012bdz ar padomu? Labi draugi ir v\u0113rt\u012bba \u2013 uzd\u0101vini savam \u012bpa\u0161ajam cilv\u0113kam kr\u016bzi, kas atg\u0101din\u0101s par j\u016bsu draudz\u012bbu katru reizi, kad tiks malkota r\u012bta kafija vai t\u0113ja. Lieliska ideja d\u0101vanai!<\/p>","status":"publish","sku":"seik-4744716019258","original":164346},"wpml":{"translation_type":1,"has_translations":true,"original":164346,"duplicates":[],"translations":{"lv":164392,"en":164346}},"brands":[{"id":1266,"name":"SEIK","slug":"seik-lv"}],"_links":{"self":[{"href":"https:\/\/m50.lv\/lv\/wp-json\/wp\/v2\/product\/164392","targetHints":{"allow":["GET"]}}],"collection":[{"href":"https:\/\/m50.lv\/lv\/wp-json\/wp\/v2\/product"}],"about":[{"href":"https:\/\/m50.lv\/lv\/wp-json\/wp\/v2\/types\/product"}],"version-history":[{"count":0,"href":"https:\/\/m50.lv\/lv\/wp-json\/wp\/v2\/product\/164392\/revisions"}],"wp:featuredmedia":[{"embeddable":true,"href":"https:\/\/m50.lv\/lv\/wp-json\/wp\/v2\/media\/164323"}],"wp:attachment":[{"href":"https:\/\/m50.lv\/lv\/wp-json\/wp\/v2\/media?parent=164392"}],"wp:term":[{"taxonomy":"pwb-brand","embeddable":true,"href":"https:\/\/m50.lv\/lv\/wp-json\/wp\/v2\/pwb-brand?post=164392"},{"taxonomy":"product_cat","embeddable":true,"href":"https:\/\/m50.lv\/lv\/wp-json\/wp\/v2\/product_cat?post=164392"},{"taxonomy":"product_tag","embeddable":true,"href":"https:\/\/m50.lv\/lv\/wp-json\/wp\/v2\/product_tag?post=164392"}],"curies":[{"name":"wp","href":"https:\/\/api.w.org\/{rel}","templated":true}]}}