{"id":166098,"date":"2023-12-17T19:43:42","date_gmt":"2023-12-17T17:43:42","guid":{"rendered":"https:\/\/m50.lv\/product\/march-atstarotajs-mini-maxi-dazadas-krasas\/"},"modified":"2023-12-17T19:43:42","modified_gmt":"2023-12-17T17:43:42","slug":"march-atstarotajs-mini-maxi-dazadas-krasas","status":"publish","type":"product","link":"https:\/\/m50.lv\/lv\/product\/march-atstarotajs-mini-maxi-dazadas-krasas\/","title":{"rendered":"March Atstarot\u0101js Mini &#038; Maxi | Da\u017e\u0101das kr\u0101sas"},"content":{"rendered":"<p style=\"text-align: left;\">\u0160is ir divu atstarojo\u0161u noz\u012bm\u012b\u0161u komplekts mini un maxi izm\u0113ros.<br \/>\nAtstarojo\u0161\u0101s noz\u012bm\u012btes ir \u016bdensiztur\u012bgas un iztur l\u012bdz \u201340\u00b0.<\/p>\n<p>Izm\u0113ri:<br \/>\nmini \u00f8 38 mm un maxi \u00f8 55 mm<\/p>\n<p style=\"text-align: left;\">Materi\u0101ls:<br \/>\nsertific\u0113ts atstarojo\u0161s audums<br \/>\nmet\u0101la aizdare<br \/>\nplastmasas pamatne<\/p>\n<p style=\"text-align: left;\">Dizains Martynas Kazimier\u0117nas<br \/>\nVisvalda Morkevi\u010da foto<\/p>\n","protected":false},"excerpt":{"rendered":"<p style=\"text-align: center;\">Dro\u0161\u012bba pirmaj\u0101 viet\u0101.<br \/>\nMARCH atstarojo\u0161\u0101 noz\u012bm\u012bte sp\u012bd tums\u0101 k\u0101 supernova, padarot j\u016bs redzamu nakt\u012b un lieliski izskatoties saull\u0113kt\u0101. T\u0101p\u0113c jums tas nav j\u0101no\u0146em.<br \/>\nAksesu\u0101rs ir ide\u0101li piem\u0113rots valk\u0101\u0161anai vai d\u0101vin\u0101\u0161anai.<\/p>\n","protected":false},"featured_media":165915,"template":"","meta":{"_jet_sm_ready_style":"","_jet_sm_style":"","_jet_sm_controls_values":"","_jet_sm_fonts_collection":"","_jet_sm_fonts_links":""},"pwb-brand":[1398],"product_cat":[101,1404],"product_tag":[1368],"class_list":{"0":"post-166098","1":"product","2":"type-product","3":"status-publish","4":"has-post-thumbnail","6":"pwb-brand-march-lv","7":"product_cat-aksesuari","8":"product_cat-atstarotaji","9":"product_tag-tevu-diena","11":"first","12":"instock","13":"taxable","14":"shipping-taxable","15":"purchasable","16":"product-type-variable"},"raw_content":{"name":"March Atstarot\u0101js Mini & Maxi | Da\u017e\u0101das kr\u0101sas","description":"<p style=\"text-align: left;\">\u0160is ir divu atstarojo\u0161u noz\u012bm\u012b\u0161u komplekts mini un maxi izm\u0113ros.\r\nAtstarojo\u0161\u0101s noz\u012bm\u012btes ir \u016bdensiztur\u012bgas un iztur l\u012bdz \u201340\u00b0.\r\n\r\nIzm\u0113ri:\r\nmini \u00f8 38 mm un maxi \u00f8 55 mm<\/p>\r\n<p style=\"text-align: left;\">Materi\u0101ls:\r\nsertific\u0113ts atstarojo\u0161s audums\r\nmet\u0101la aizdare\r\nplastmasas pamatne<\/p>\r\n<p style=\"text-align: left;\">Dizains Martynas Kazimier\u0117nas\r\nVisvalda Morkevi\u010da foto<\/p>","short_description":"<p style=\"text-align: center;\">Dro\u0161\u012bba pirmaj\u0101 viet\u0101.\r\nMARCH atstarojo\u0161\u0101 noz\u012bm\u012bte sp\u012bd tums\u0101 k\u0101 supernova, padarot j\u016bs redzamu nakt\u012b un lieliski izskatoties saull\u0113kt\u0101. T\u0101p\u0113c jums tas nav j\u0101no\u0146em.\r\nAksesu\u0101rs ir ide\u0101li piem\u0113rots valk\u0101\u0161anai vai d\u0101vin\u0101\u0161anai.<\/p>","status":"publish","sku":"March-reflectors-mini-maxi","original":165817},"wpml":{"translation_type":1,"has_translations":true,"original":165817,"duplicates":[],"translations":{"lv":166098,"en":165817}},"brands":[{"id":1398,"name":"March","slug":"march-lv"}],"_links":{"self":[{"href":"https:\/\/m50.lv\/lv\/wp-json\/wp\/v2\/product\/166098","targetHints":{"allow":["GET"]}}],"collection":[{"href":"https:\/\/m50.lv\/lv\/wp-json\/wp\/v2\/product"}],"about":[{"href":"https:\/\/m50.lv\/lv\/wp-json\/wp\/v2\/types\/product"}],"version-history":[{"count":0,"href":"https:\/\/m50.lv\/lv\/wp-json\/wp\/v2\/product\/166098\/revisions"}],"wp:featuredmedia":[{"embeddable":true,"href":"https:\/\/m50.lv\/lv\/wp-json\/wp\/v2\/media\/165915"}],"wp:attachment":[{"href":"https:\/\/m50.lv\/lv\/wp-json\/wp\/v2\/media?parent=166098"}],"wp:term":[{"taxonomy":"pwb-brand","embeddable":true,"href":"https:\/\/m50.lv\/lv\/wp-json\/wp\/v2\/pwb-brand?post=166098"},{"taxonomy":"product_cat","embeddable":true,"href":"https:\/\/m50.lv\/lv\/wp-json\/wp\/v2\/product_cat?post=166098"},{"taxonomy":"product_tag","embeddable":true,"href":"https:\/\/m50.lv\/lv\/wp-json\/wp\/v2\/product_tag?post=166098"}],"curies":[{"name":"wp","href":"https:\/\/api.w.org\/{rel}","templated":true}]}}