{"id":166444,"date":"2023-12-28T16:04:01","date_gmt":"2023-12-28T14:04:01","guid":{"rendered":"https:\/\/m50.lv\/product\/ieva-kampe-krumholca-kartisu-komplekts-dziles-6-gab\/"},"modified":"2023-12-28T16:04:01","modified_gmt":"2023-12-28T14:04:01","slug":"ieva-kampe-krumholca-kartisu-komplekts-dziles-6-gab","status":"publish","type":"product","link":"https:\/\/m50.lv\/lv\/product\/ieva-kampe-krumholca-kartisu-komplekts-dziles-6-gab\/","title":{"rendered":"Ieva Kampe Krumholca Kart\u012b\u0161u komplekts | &#8220;Dz\u012bles&#8221; (6 gab)"},"content":{"rendered":"","protected":false},"excerpt":{"rendered":"<p style=\"text-align: center;\">Augu gleznu kart\u012btes ar me\u017ea un nez\u0101\u013cu dz\u012b\u013cu mot\u012bviem. Komplekt\u0101 6 kart\u012btes. Izm\u0113rs 14 x 14 cm.<\/p>\n","protected":false},"featured_media":166394,"template":"","meta":{"_jet_sm_ready_style":"","_jet_sm_style":"","_jet_sm_controls_values":"","_jet_sm_fonts_collection":"","_jet_sm_fonts_links":""},"pwb-brand":[1258],"product_cat":[193,108,110],"product_tag":[],"class_list":{"0":"post-166444","1":"product","2":"type-product","3":"status-publish","4":"has-post-thumbnail","6":"pwb-brand-ieva-kampe-krumholca-lv","7":"product_cat-davanas","8":"product_cat-maksla","9":"product_cat-pastkartes","11":"first","12":"outofstock","13":"taxable","14":"shipping-taxable","15":"purchasable","16":"product-type-simple"},"raw_content":{"name":"Ieva Kampe Krumholca Kart\u012b\u0161u komplekts | \"Dz\u012bles\" (6 gab)","description":"","short_description":"<p style=\"text-align: center;\">Augu gleznu kart\u012btes ar me\u017ea un nez\u0101\u013cu dz\u012b\u013cu mot\u012bviem. Komplekt\u0101 6 kart\u012btes. Izm\u0113rs 14 x 14 cm.<\/p>","status":"publish","sku":"IKK-dziles","original":166416},"wpml":{"translation_type":1,"has_translations":true,"original":166416,"duplicates":[],"translations":{"lv":166444,"en":166416}},"brands":[{"id":1258,"name":"Ieva Kampe-Krumholca","slug":"ieva-kampe-krumholca-lv"}],"_links":{"self":[{"href":"https:\/\/m50.lv\/lv\/wp-json\/wp\/v2\/product\/166444","targetHints":{"allow":["GET"]}}],"collection":[{"href":"https:\/\/m50.lv\/lv\/wp-json\/wp\/v2\/product"}],"about":[{"href":"https:\/\/m50.lv\/lv\/wp-json\/wp\/v2\/types\/product"}],"version-history":[{"count":0,"href":"https:\/\/m50.lv\/lv\/wp-json\/wp\/v2\/product\/166444\/revisions"}],"wp:featuredmedia":[{"embeddable":true,"href":"https:\/\/m50.lv\/lv\/wp-json\/wp\/v2\/media\/166394"}],"wp:attachment":[{"href":"https:\/\/m50.lv\/lv\/wp-json\/wp\/v2\/media?parent=166444"}],"wp:term":[{"taxonomy":"pwb-brand","embeddable":true,"href":"https:\/\/m50.lv\/lv\/wp-json\/wp\/v2\/pwb-brand?post=166444"},{"taxonomy":"product_cat","embeddable":true,"href":"https:\/\/m50.lv\/lv\/wp-json\/wp\/v2\/product_cat?post=166444"},{"taxonomy":"product_tag","embeddable":true,"href":"https:\/\/m50.lv\/lv\/wp-json\/wp\/v2\/product_tag?post=166444"}],"curies":[{"name":"wp","href":"https:\/\/api.w.org\/{rel}","templated":true}]}}