{"id":166501,"date":"2023-12-30T16:29:29","date_gmt":"2023-12-30T14:29:29","guid":{"rendered":"https:\/\/m50.lv\/product\/m50-svarki-slay-blue-glitter\/"},"modified":"2026-02-23T14:43:41","modified_gmt":"2026-02-23T12:43:41","slug":"m50-svarki-slay-blue-glitter","status":"publish","type":"product","link":"https:\/\/m50.lv\/lv\/product\/m50-svarki-slay-blue-glitter\/","title":{"rendered":"M50 Sv\u0101rki SLAY | BLue glitter"},"content":{"rendered":"<p style=\"text-align: left;\">Materi\u0101ls: 41% viskoze + 31% poliam\u012bds + 22% metaliz\u0113ta dzija + 6% elast\u0101ns. 230g\/m3<\/p>\n","protected":false},"excerpt":{"rendered":"<p style=\"text-align: center;\">Eleganti, piegulo\u0161i Midi garuma sv\u0101rki ar \u0161\u0137\u0113lumu uz vienas k\u0101jas. Ej tik uz priek\u0161u p\u0101rliecino\u0161i un dro\u0161i, pasaule grie\u017eas Tav\u0101 virzien\u0101!<\/p>\n","protected":false},"featured_media":166466,"template":"","meta":{"_jet_sm_ready_style":"","_jet_sm_style":"","_jet_sm_controls_values":"","_jet_sm_fonts_collection":"","_jet_sm_fonts_links":""},"pwb-brand":[1249],"product_cat":[102,733,105,594],"product_tag":[1198],"class_list":{"0":"post-166501","1":"product","2":"type-product","3":"status-publish","4":"has-post-thumbnail","6":"pwb-brand-m50-lv","7":"product_cat-apgerbs","8":"product_cat-m50","9":"product_cat-sievietem","10":"product_cat-svarki","11":"product_tag-m50-svarki","13":"first","14":"instock","15":"taxable","16":"shipping-taxable","17":"purchasable","18":"product-type-variable"},"raw_content":{"name":"M50 Sv\u0101rki SLAY | BLue glitter","description":"<p style=\"text-align: left;\">Materi\u0101ls: 41% viskoze + 31% poliam\u012bds + 22% metaliz\u0113ta dzija + 6% elast\u0101ns. 230g\/m3<\/p>","short_description":"<p style=\"text-align: center;\">Eleganti, piegulo\u0161i Midi garuma sv\u0101rki ar \u0161\u0137\u0113lumu uz vienas k\u0101jas. Ej tik uz priek\u0161u p\u0101rliecino\u0161i un dro\u0161i, pasaule grie\u017eas Tav\u0101 virzien\u0101!<\/p>","status":"publish","sku":"F617-A1B2C6","original":166456},"wpml":{"translation_type":1,"has_translations":true,"original":166456,"duplicates":[],"translations":{"lv":166501,"en":166456}},"brands":[{"id":1249,"name":"M50","slug":"m50-lv"}],"_links":{"self":[{"href":"https:\/\/m50.lv\/lv\/wp-json\/wp\/v2\/product\/166501","targetHints":{"allow":["GET"]}}],"collection":[{"href":"https:\/\/m50.lv\/lv\/wp-json\/wp\/v2\/product"}],"about":[{"href":"https:\/\/m50.lv\/lv\/wp-json\/wp\/v2\/types\/product"}],"version-history":[{"count":0,"href":"https:\/\/m50.lv\/lv\/wp-json\/wp\/v2\/product\/166501\/revisions"}],"wp:featuredmedia":[{"embeddable":true,"href":"https:\/\/m50.lv\/lv\/wp-json\/wp\/v2\/media\/166466"}],"wp:attachment":[{"href":"https:\/\/m50.lv\/lv\/wp-json\/wp\/v2\/media?parent=166501"}],"wp:term":[{"taxonomy":"pwb-brand","embeddable":true,"href":"https:\/\/m50.lv\/lv\/wp-json\/wp\/v2\/pwb-brand?post=166501"},{"taxonomy":"product_cat","embeddable":true,"href":"https:\/\/m50.lv\/lv\/wp-json\/wp\/v2\/product_cat?post=166501"},{"taxonomy":"product_tag","embeddable":true,"href":"https:\/\/m50.lv\/lv\/wp-json\/wp\/v2\/product_tag?post=166501"}],"curies":[{"name":"wp","href":"https:\/\/api.w.org\/{rel}","templated":true}]}}