{"id":166646,"date":"2024-01-10T10:13:50","date_gmt":"2024-01-10T08:13:50","guid":{"rendered":"https:\/\/m50.lv\/product\/m50-plans-dzemperis-ar-augstu-apkakli-stripains\/"},"modified":"2025-09-29T01:49:26","modified_gmt":"2025-09-28T23:49:26","slug":"m50-plans-dzemperis-ar-augstu-apkakli-stripains","status":"publish","type":"product","link":"https:\/\/m50.lv\/lv\/product\/m50-plans-dzemperis-ar-augstu-apkakli-stripains\/","title":{"rendered":"M50 pl\u0101ns d\u017eemperis ar augstu apkakli | Str\u012bpains"},"content":{"rendered":"<p style=\"text-align: left;\">M50 fejas pa\u0161as valk\u0101 un citiem iesaka! Velc k\u0101 piegulo\u0161u krekli\u0146u pie sv\u0101rkiem vai biks\u0113m, un ar\u012b zem p\u016bkain\u0101 d\u017eemper\u012b\u0161a un m\u012b\u013c\u0101k\u0101s kleitas \u2013 saj\u016bta b\u016bs kolos\u0101la!<\/p>\n<p style=\"text-align: left;\">Skaista kr\u0101su gamma, izcili saskan ar legingiem no M50 kolekcijas!<\/p>\n<p style=\"text-align: left;\">Materi\u0101ls: 92% viskoze, 8% elast\u0101ns.<\/p>\n<p><img fetchpriority=\"high\" decoding=\"async\" class=\"alignleft wp-image-166699\" src=\"https:\/\/m50.lv\/wp-content\/uploads\/2024\/01\/second-skin-bitlene-izmeri-2024.jpg\" alt=\"\" width=\"800\" height=\"419\" srcset=\"https:\/\/m50.lv\/wp-content\/uploads\/2024\/01\/second-skin-bitlene-izmeri-2024.jpg 1381w, https:\/\/m50.lv\/wp-content\/uploads\/2024\/01\/second-skin-bitlene-izmeri-2024-300x157.jpg 300w, https:\/\/m50.lv\/wp-content\/uploads\/2024\/01\/second-skin-bitlene-izmeri-2024-1024x536.jpg 1024w, https:\/\/m50.lv\/wp-content\/uploads\/2024\/01\/second-skin-bitlene-izmeri-2024-768x402.jpg 768w, https:\/\/m50.lv\/wp-content\/uploads\/2024\/01\/second-skin-bitlene-izmeri-2024-897x470.jpg 897w\" sizes=\"(max-width: 800px) 100vw, 800px\" \/><\/p>\n","protected":false},"excerpt":{"rendered":"<p style=\"text-align: center;\">Jaun\u0101 kolekcija Second Skin pl\u0101ns d\u017eemperis ar augstu apkakli. Standartiem atbilsto\u0161i izm\u0113ri skal\u0101 no S &#8211; L ikdienai un sv\u0113tkiem! Der k\u0101 uzliets \u2013 k\u0101 \u201cotr\u0101 \u0101di\u0146a\u201d \u2013 siltumam un skaistumam. Pl\u0101ns d\u017eemperis ar augstu apkakli, pagarin\u0101ts piedurk\u0146u garums un izteikta viduk\u013ca l\u012bnija. Nevienas liekas v\u012bl\u012btes.<\/p>\n","protected":false},"featured_media":166635,"template":"","meta":{"_jet_sm_ready_style":"","_jet_sm_style":"","_jet_sm_controls_values":"","_jet_sm_fonts_collection":"","_jet_sm_fonts_links":""},"pwb-brand":[1249],"product_cat":[1196,733,1306,105],"product_tag":[1417,1579,1314,850,1520],"class_list":{"0":"post-166646","1":"product","2":"type-product","3":"status-publish","4":"has-post-thumbnail","6":"pwb-brand-m50-lv","7":"product_cat-garo-piedurknu-krekli","8":"product_cat-m50","9":"product_cat-second-skin-lv","10":"product_cat-sievietem","11":"product_tag-bitlenes-lv","12":"product_tag-davanas-mammai","13":"product_tag-m50longsleeve-lv","14":"product_tag-second-skin-lv","15":"product_tag-stripains-apgerbs","17":"first","18":"instock","19":"taxable","20":"shipping-taxable","21":"purchasable","22":"product-type-variable"},"raw_content":{"name":"M50 pl\u0101ns d\u017eemperis ar augstu apkakli | Str\u012bpains","description":"<p style=\"text-align: left;\">M50 fejas pa\u0161as valk\u0101 un citiem iesaka! Velc k\u0101 piegulo\u0161u krekli\u0146u pie sv\u0101rkiem vai biks\u0113m, un ar\u012b zem p\u016bkain\u0101 d\u017eemper\u012b\u0161a un m\u012b\u013c\u0101k\u0101s kleitas \u2013 saj\u016bta b\u016bs kolos\u0101la!<\/p>\r\n<p style=\"text-align: left;\">Skaista kr\u0101su gamma, izcili saskan ar legingiem no M50 kolekcijas!<\/p>\r\n<p style=\"text-align: left;\">Materi\u0101ls: 92% viskoze, 8% elast\u0101ns.\r\n\r\n<img class=\"alignleft wp-image-166699\" src=\"https:\/\/m50.lv\/wp-content\/uploads\/2024\/01\/second-skin-bitlene-izmeri-2024.jpg\" alt=\"\" width=\"800\" height=\"419\" \/><\/p>","short_description":"<p style=\"text-align: center;\">Jaun\u0101 kolekcija Second Skin pl\u0101ns d\u017eemperis ar augstu apkakli. Standartiem atbilsto\u0161i izm\u0113ri skal\u0101 no S - L ikdienai un sv\u0113tkiem! Der k\u0101 uzliets \u2013 k\u0101 \u201cotr\u0101 \u0101di\u0146a\u201d \u2013 siltumam un skaistumam. Pl\u0101ns d\u017eemperis ar augstu apkakli, pagarin\u0101ts piedurk\u0146u garums un izteikta viduk\u013ca l\u012bnija. Nevienas liekas v\u012bl\u012btes.<\/p>","status":"publish","sku":"M50-TurtleneckStripes","original":166552},"wpml":{"translation_type":1,"has_translations":true,"original":166552,"duplicates":[],"translations":{"lv":166646,"en":166552}},"brands":[{"id":1249,"name":"M50","slug":"m50-lv"}],"_links":{"self":[{"href":"https:\/\/m50.lv\/lv\/wp-json\/wp\/v2\/product\/166646","targetHints":{"allow":["GET"]}}],"collection":[{"href":"https:\/\/m50.lv\/lv\/wp-json\/wp\/v2\/product"}],"about":[{"href":"https:\/\/m50.lv\/lv\/wp-json\/wp\/v2\/types\/product"}],"version-history":[{"count":0,"href":"https:\/\/m50.lv\/lv\/wp-json\/wp\/v2\/product\/166646\/revisions"}],"wp:featuredmedia":[{"embeddable":true,"href":"https:\/\/m50.lv\/lv\/wp-json\/wp\/v2\/media\/166635"}],"wp:attachment":[{"href":"https:\/\/m50.lv\/lv\/wp-json\/wp\/v2\/media?parent=166646"}],"wp:term":[{"taxonomy":"pwb-brand","embeddable":true,"href":"https:\/\/m50.lv\/lv\/wp-json\/wp\/v2\/pwb-brand?post=166646"},{"taxonomy":"product_cat","embeddable":true,"href":"https:\/\/m50.lv\/lv\/wp-json\/wp\/v2\/product_cat?post=166646"},{"taxonomy":"product_tag","embeddable":true,"href":"https:\/\/m50.lv\/lv\/wp-json\/wp\/v2\/product_tag?post=166646"}],"curies":[{"name":"wp","href":"https:\/\/api.w.org\/{rel}","templated":true}]}}