{"id":167269,"date":"2024-01-16T18:17:12","date_gmt":"2024-01-16T16:17:12","guid":{"rendered":"https:\/\/m50.lv\/product\/m50-jaka-ar-kuplam-piedurknem-tumsi-zila\/"},"modified":"2025-09-29T01:49:29","modified_gmt":"2025-09-28T23:49:29","slug":"m50-jaka-ar-kuplam-piedurknem-tumsi-zila","status":"publish","type":"product","link":"https:\/\/m50.lv\/lv\/product\/m50-jaka-ar-kuplam-piedurknem-tumsi-zila\/","title":{"rendered":"M50 jaka ar kupl\u0101m piedurkn\u0113m | Tum\u0161i Zila"},"content":{"rendered":"<p style=\"text-align: left;\">Audums sast\u0101vs: 80% KOKVILNA 20% POLIESTERS, ar siltu p\u016bci\u0146u iek\u0161pus\u0113.<\/p>\n<p style=\"text-align: left;\">Komplekt\u0101 t\u0101da pa\u0161a trikot\u0101\u017eas auduma josta, kas nav iestiprin\u0101ta cilpi\u0146\u0101s, t\u0101p\u0113c p\u0101rmai\u0146as p\u0113c, vari uzlikt ar\u012b savu iem\u012b\u013coto \u0101das josti\u0146u, saska\u0146ojot to ar citiem aksesu\u0101riem, lai da\u017e\u0101dotu savu t\u0113lu.<\/p>\n","protected":false},"excerpt":{"rendered":"<p style=\"text-align: center;\">\u00a0Eleganta un \u0113rta biezas trikot\u0101\u017eas jaka ar jostu un klasisku \u0161auro man\u0161et\u012bti kuplo pieduk\u0146u gal\u0101.<\/p>\n","protected":false},"featured_media":167246,"template":"","meta":{"_jet_sm_ready_style":"","_jet_sm_style":"","_jet_sm_controls_values":"","_jet_sm_fonts_collection":"","_jet_sm_fonts_links":""},"pwb-brand":[1249],"product_cat":[102,1196,733,105],"product_tag":[1199,1234],"class_list":["post-167269","product","type-product","status-publish","has-post-thumbnail","pwb-brand-m50-lv","product_cat-apgerbs","product_cat-garo-piedurknu-krekli","product_cat-m50","product_cat-sievietem","product_tag-m50-dzemperi","product_tag-m50-originals-lv-2","first","instock","taxable","shipping-taxable","purchasable","product-type-variable"],"raw_content":{"name":"M50 jaka ar kupl\u0101m piedurkn\u0113m | Tum\u0161i Zila","description":"<p style=\"text-align: left;\">Audums sast\u0101vs: 80% KOKVILNA 20% POLIESTERS, ar siltu p\u016bci\u0146u iek\u0161pus\u0113.<\/p>\r\n<p style=\"text-align: left;\">Komplekt\u0101 t\u0101da pa\u0161a trikot\u0101\u017eas auduma josta, kas nav iestiprin\u0101ta cilpi\u0146\u0101s, t\u0101p\u0113c p\u0101rmai\u0146as p\u0113c, vari uzlikt ar\u012b savu iem\u012b\u013coto \u0101das josti\u0146u, saska\u0146ojot to ar citiem aksesu\u0101riem, lai da\u017e\u0101dotu savu t\u0113lu.<\/p>","short_description":"<p style=\"text-align: center;\">\u00a0Eleganta un \u0113rta biezas trikot\u0101\u017eas jaka ar jostu un klasisku \u0161auro man\u0161et\u012bti kuplo pieduk\u0146u gal\u0101.<\/p>","status":"publish","sku":"M50BalloonSleeveJacket-NavyBlue","original":167227},"wpml":{"translation_type":1,"has_translations":true,"original":167227,"duplicates":[],"translations":{"lv":167269,"en":167227}},"brands":[{"id":1249,"name":"M50","slug":"m50-lv"}],"_links":{"self":[{"href":"https:\/\/m50.lv\/lv\/wp-json\/wp\/v2\/product\/167269","targetHints":{"allow":["GET"]}}],"collection":[{"href":"https:\/\/m50.lv\/lv\/wp-json\/wp\/v2\/product"}],"about":[{"href":"https:\/\/m50.lv\/lv\/wp-json\/wp\/v2\/types\/product"}],"version-history":[{"count":0,"href":"https:\/\/m50.lv\/lv\/wp-json\/wp\/v2\/product\/167269\/revisions"}],"wp:featuredmedia":[{"embeddable":true,"href":"https:\/\/m50.lv\/lv\/wp-json\/wp\/v2\/media\/167246"}],"wp:attachment":[{"href":"https:\/\/m50.lv\/lv\/wp-json\/wp\/v2\/media?parent=167269"}],"wp:term":[{"taxonomy":"pwb-brand","embeddable":true,"href":"https:\/\/m50.lv\/lv\/wp-json\/wp\/v2\/pwb-brand?post=167269"},{"taxonomy":"product_cat","embeddable":true,"href":"https:\/\/m50.lv\/lv\/wp-json\/wp\/v2\/product_cat?post=167269"},{"taxonomy":"product_tag","embeddable":true,"href":"https:\/\/m50.lv\/lv\/wp-json\/wp\/v2\/product_tag?post=167269"}],"curies":[{"name":"wp","href":"https:\/\/api.w.org\/{rel}","templated":true}]}}