{"id":167735,"date":"2024-01-22T21:24:35","date_gmt":"2024-01-22T19:24:35","guid":{"rendered":"https:\/\/m50.lv\/product\/rains-mugursoma-msn-zeme\/"},"modified":"2024-01-22T21:24:35","modified_gmt":"2024-01-22T19:24:35","slug":"rains-mugursoma-msn-zeme","status":"publish","type":"product","link":"https:\/\/m50.lv\/lv\/product\/rains-mugursoma-msn-zeme\/","title":{"rendered":"Rains Mugursoma MSN | Zeme"},"content":{"rendered":"<p style=\"text-align: left;\">Produkta Apraksts<br \/>\nKabatas: Galvenais nodal\u012bjums, 13\u2033 iek\u0161\u0113j\u0101 datora kabata<br \/>\nIzm\u0113rs: 40 x 35 x 15cm<br \/>\nTilpums: 21 litri \/ 5,5 galoni<br \/>\n100% poliesters ar poliuret\u0101na p\u0101rkl\u0101jumu<br \/>\n\u016adensiztur\u012bba: 8000 mm<br \/>\nKarab\u012b\u0146u elementi<br \/>\nRegul\u0113jamas aizspie\u017eam\u0101s pogas s\u0101nos<br \/>\nRegul\u0113jamas plecu siksnas<\/p>\n","protected":false},"excerpt":{"rendered":"<p style=\"text-align: center;\">Tradicion\u0101l\u0101s skolassomas iedvesmot\u0101 Rains Classic ir darin\u0101ta no \u016bdens notur\u012bga auduma ar mat\u0113tu apdari. Piln\u012bb\u0101 oder\u0113t\u0101, \u016bdensdro\u0161\u0101 un vienlaikus m\u016bsdien\u012bg\u0101 MSN Bag ir ar iek\u0161\u0113jo datora kabatu un pla\u0161u galveno nodal\u012bjumu. Mugursomu papildina karab\u012bnes elementi, regul\u0113jamas aizspie\u017eam\u0101s pogas un regul\u0113jamas siksnas.<\/p>\n","protected":false},"featured_media":167675,"template":"","meta":{"_jet_sm_ready_style":"","_jet_sm_style":"","_jet_sm_controls_values":"","_jet_sm_fonts_collection":"","_jet_sm_fonts_links":""},"pwb-brand":[1252],"product_cat":[101,195],"product_tag":[],"class_list":{"0":"post-167735","1":"product","2":"type-product","3":"status-publish","4":"has-post-thumbnail","6":"pwb-brand-rains-lv","7":"product_cat-aksesuari","8":"product_cat-somas","10":"first","11":"outofstock","12":"taxable","13":"shipping-taxable","14":"purchasable","15":"product-type-simple"},"raw_content":{"name":"Rains Mugursoma MSN | Zeme","description":"<p style=\"text-align: left;\">Produkta Apraksts\r\nKabatas: Galvenais nodal\u012bjums, 13\u2033 iek\u0161\u0113j\u0101 datora kabata\r\nIzm\u0113rs: 40 x 35 x 15cm\r\nTilpums: 21 litri \/ 5,5 galoni\r\n100% poliesters ar poliuret\u0101na p\u0101rkl\u0101jumu\r\n\u016adensiztur\u012bba: 8000 mm\r\nKarab\u012b\u0146u elementi\r\nRegul\u0113jamas aizspie\u017eam\u0101s pogas s\u0101nos\r\nRegul\u0113jamas plecu siksnas<\/p>","short_description":"<p style=\"text-align: center;\">Tradicion\u0101l\u0101s skolassomas iedvesmot\u0101 Rains Classic ir darin\u0101ta no \u016bdens notur\u012bga auduma ar mat\u0113tu apdari. Piln\u012bb\u0101 oder\u0113t\u0101, \u016bdensdro\u0161\u0101 un vienlaikus m\u016bsdien\u012bg\u0101 MSN Bag ir ar iek\u0161\u0113jo datora kabatu un pla\u0161u galveno nodal\u012bjumu. Mugursomu papildina karab\u012bnes elementi, regul\u0113jamas aizspie\u017eam\u0101s pogas un regul\u0113jamas siksnas.<\/p>","status":"publish","sku":"rains-13300-earth","original":167621},"wpml":{"translation_type":1,"has_translations":true,"original":167621,"duplicates":[],"translations":{"lv":167735,"en":167621}},"brands":[{"id":1252,"name":"Rains","slug":"rains-lv"}],"_links":{"self":[{"href":"https:\/\/m50.lv\/lv\/wp-json\/wp\/v2\/product\/167735","targetHints":{"allow":["GET"]}}],"collection":[{"href":"https:\/\/m50.lv\/lv\/wp-json\/wp\/v2\/product"}],"about":[{"href":"https:\/\/m50.lv\/lv\/wp-json\/wp\/v2\/types\/product"}],"version-history":[{"count":0,"href":"https:\/\/m50.lv\/lv\/wp-json\/wp\/v2\/product\/167735\/revisions"}],"wp:featuredmedia":[{"embeddable":true,"href":"https:\/\/m50.lv\/lv\/wp-json\/wp\/v2\/media\/167675"}],"wp:attachment":[{"href":"https:\/\/m50.lv\/lv\/wp-json\/wp\/v2\/media?parent=167735"}],"wp:term":[{"taxonomy":"pwb-brand","embeddable":true,"href":"https:\/\/m50.lv\/lv\/wp-json\/wp\/v2\/pwb-brand?post=167735"},{"taxonomy":"product_cat","embeddable":true,"href":"https:\/\/m50.lv\/lv\/wp-json\/wp\/v2\/product_cat?post=167735"},{"taxonomy":"product_tag","embeddable":true,"href":"https:\/\/m50.lv\/lv\/wp-json\/wp\/v2\/product_tag?post=167735"}],"curies":[{"name":"wp","href":"https:\/\/api.w.org\/{rel}","templated":true}]}}