{"id":167736,"date":"2024-01-22T21:27:48","date_gmt":"2024-01-22T19:27:48","guid":{"rendered":"https:\/\/m50.lv\/product\/rains-mugursoma-msn-mini-violets\/"},"modified":"2024-01-22T21:27:48","modified_gmt":"2024-01-22T19:27:48","slug":"rains-mugursoma-msn-mini-violets","status":"publish","type":"product","link":"https:\/\/m50.lv\/lv\/product\/rains-mugursoma-msn-mini-violets\/","title":{"rendered":"Rains Mugursoma MSN Mini | Violets"},"content":{"rendered":"<p style=\"text-align: left;\">Produkta Apraksts<br \/>\n100% poliesters ar poliuret\u0101na p\u0101rkl\u0101jumu<br \/>\n\u016adensiztur\u012bba: 8000 mm<\/p>\n<p style=\"text-align: left;\">34,5 cm x 30,5 cm x 12 cm<br \/>\nTilpums: 13 litri<br \/>\nNodal\u012bjums ar karab\u012bnes aizdari<br \/>\nViens galvenais nodal\u012bjums<br \/>\nIek\u0161\u0113j\u0101 r\u0101v\u0113jsl\u0113dz\u0113ja kabata<br \/>\nRegul\u0113jamas plecu siksnas<\/p>\n","protected":false},"excerpt":{"rendered":"<p style=\"text-align: center;\">MSN Mini ir maz\u0101ka Rains classic versija. Iedvesmojoties no tradicion\u0101l\u0101s skolas mugursomas, MSN siluets ir veidots no Rains \u016bdensnecaurlaid\u012bg\u0101 materi\u0101la. \u016adensiztur\u012bga un m\u016bsdien\u012bga MSN Mini ir ar vienu galveno nodal\u012bjumu un regul\u0113jam\u0101m lenc\u0113m. MSN Mini ar Rains rakstur\u012bgaj\u0101m karab\u012bnes deta\u013c\u0101m.<\/p>\n","protected":false},"featured_media":167639,"template":"","meta":{"_jet_sm_ready_style":"","_jet_sm_style":"","_jet_sm_controls_values":"","_jet_sm_fonts_collection":"","_jet_sm_fonts_links":""},"pwb-brand":[1252],"product_cat":[101,195],"product_tag":[],"class_list":{"0":"post-167736","1":"product","2":"type-product","3":"status-publish","4":"has-post-thumbnail","6":"pwb-brand-rains-lv","7":"product_cat-aksesuari","8":"product_cat-somas","10":"first","11":"outofstock","12":"taxable","13":"shipping-taxable","14":"purchasable","15":"product-type-simple"},"raw_content":{"name":"Rains Mugursoma MSN Mini | Violets","description":"<p style=\"text-align: left;\">Produkta Apraksts\r\n100% poliesters ar poliuret\u0101na p\u0101rkl\u0101jumu\r\n\u016adensiztur\u012bba: 8000 mm<\/p>\r\n<p style=\"text-align: left;\">34,5 cm x 30,5 cm x 12 cm\r\nTilpums: 13 litri\r\nNodal\u012bjums ar karab\u012bnes aizdari\r\nViens galvenais nodal\u012bjums\r\nIek\u0161\u0113j\u0101 r\u0101v\u0113jsl\u0113dz\u0113ja kabata\r\nRegul\u0113jamas plecu siksnas<\/p>","short_description":"<p style=\"text-align: center;\">MSN Mini ir maz\u0101ka Rains classic versija. Iedvesmojoties no tradicion\u0101l\u0101s skolas mugursomas, MSN siluets ir veidots no Rains \u016bdensnecaurlaid\u012bg\u0101 materi\u0101la. \u016adensiztur\u012bga un m\u016bsdien\u012bga MSN Mini ir ar vienu galveno nodal\u012bjumu un regul\u0113jam\u0101m lenc\u0113m. MSN Mini ar Rains rakstur\u012bgaj\u0101m karab\u012bnes deta\u013c\u0101m.<\/p>","status":"publish","sku":"rains-13310-flint","original":167626},"wpml":{"translation_type":1,"has_translations":true,"original":167626,"duplicates":[],"translations":{"lv":167736,"en":167626}},"brands":[{"id":1252,"name":"Rains","slug":"rains-lv"}],"_links":{"self":[{"href":"https:\/\/m50.lv\/lv\/wp-json\/wp\/v2\/product\/167736","targetHints":{"allow":["GET"]}}],"collection":[{"href":"https:\/\/m50.lv\/lv\/wp-json\/wp\/v2\/product"}],"about":[{"href":"https:\/\/m50.lv\/lv\/wp-json\/wp\/v2\/types\/product"}],"version-history":[{"count":0,"href":"https:\/\/m50.lv\/lv\/wp-json\/wp\/v2\/product\/167736\/revisions"}],"wp:featuredmedia":[{"embeddable":true,"href":"https:\/\/m50.lv\/lv\/wp-json\/wp\/v2\/media\/167639"}],"wp:attachment":[{"href":"https:\/\/m50.lv\/lv\/wp-json\/wp\/v2\/media?parent=167736"}],"wp:term":[{"taxonomy":"pwb-brand","embeddable":true,"href":"https:\/\/m50.lv\/lv\/wp-json\/wp\/v2\/pwb-brand?post=167736"},{"taxonomy":"product_cat","embeddable":true,"href":"https:\/\/m50.lv\/lv\/wp-json\/wp\/v2\/product_cat?post=167736"},{"taxonomy":"product_tag","embeddable":true,"href":"https:\/\/m50.lv\/lv\/wp-json\/wp\/v2\/product_tag?post=167736"}],"curies":[{"name":"wp","href":"https:\/\/api.w.org\/{rel}","templated":true}]}}