{"id":167741,"date":"2024-01-22T21:26:27","date_gmt":"2024-01-22T19:26:27","guid":{"rendered":"https:\/\/m50.lv\/product\/rains-liela-mugursoma-ar-norullejamu-aizdari-melna\/"},"modified":"2026-05-02T17:48:19","modified_gmt":"2026-05-02T15:48:19","slug":"rains-liela-mugursoma-ar-norullejamu-aizdari-melna","status":"publish","type":"product","link":"https:\/\/m50.lv\/lv\/product\/rains-liela-mugursoma-ar-norullejamu-aizdari-melna\/","title":{"rendered":"Rains Liel\u0101 Mugursoma Ar Norull\u0113jamu Aizdari | Melna"},"content":{"rendered":"<p style=\"text-align: left;\">Rolltop Rucksack Large ir izgatavota no Rains rakstur\u012bg\u0101 \u016bdensnecaurlaid\u012bga poliuret\u0101na, un tai ir ar spiedpog\u0101m aizdar\u0101ms rolltops ar karab\u012bnes aizdari, iek\u0161\u0113ja un \u0101r\u0113ja strukt\u016bra, tostarp polster\u0113ts kl\u0113pjdatora nodal\u012bjums.<\/p>\n<p style=\"text-align: left;\">S\u012bk\u0101ka inform\u0101cija<br \/>\n\u2212<br \/>\nMateri\u0101ls: 420 gsm poliuret\u0101ns<br \/>\nOdere: 100% poliesters<br \/>\n\u016adens kolonnas spiediens: 8000 mm<br \/>\nIzm\u0113ri: A52 x P32 x D14cm \/ H20,5 x P12,6 x D5,5 collas<br \/>\nTilpums: 23,2 litri \/ 9,1 galons<br \/>\nSvars: 996 g \/ 35,13 unces.<br \/>\nIesp\u0113jas:<br \/>\nGalvenais nodal\u012bjums<br \/>\nPriek\u0161\u0113j\u0101 kabata<br \/>\nIek\u0161\u0113j\u0101 kabata ir piem\u0113rota 16&#8243; kl\u0113pjdatoram<br \/>\nS\u0101nu kabatas<\/p>\n","protected":false},"excerpt":{"rendered":"<p style=\"text-align: center;\">Rains ikonisk\u0101k\u0101 Rolltop mugursoma, kas ir papildin\u0101ta ar liel\u0101k\u0101m proporcij\u0101m un papildu funkcionalit\u0101ti, tostarp div\u0101m s\u0101nu kabat\u0101m. Uzticama pils\u0113tas mugursoma, kas ir lieliski piem\u0113rota braucieniem ar velosip\u0113du vai ejot k\u0101j\u0101m. T\u0101 ir r\u016bp\u012bgi izstr\u0101d\u0101ta, lai, ce\u013cojot no punkta A l\u012bdz Z, netiktu kl\u0101t nokri\u0161\u0146i. Lai aizsarg\u0101tu svar\u012bg\u0101kos priek\u0161metus no lietus, salokiet rull\u012bti un nostipriniet somas aug\u0161u, izmantojot rakstur\u012bgo Rains karab\u012bni. Tam ir ar\u012b s\u0101nu piek\u013cuves kabata kl\u0113pjdatoram, priek\u0161\u0113j\u0101 kabata ar r\u0101v\u0113jsl\u0113dz\u0113ju un polster\u0113ts aizmugures panelis. Velosip\u0113dam gatav\u0101s funkcijas ietver priek\u0161\u0113jo D veida gredzenu \u2013 ide\u0101li piem\u0113rots velosip\u0113da sl\u0113dze\u0146u tur\u0113\u0161anai \u2013 un kr\u016b\u0161kurvja siksna ar spr\u0101dzi dro\u0161ai piegul\u0113\u0161anai.<\/p>\n","protected":false},"featured_media":167699,"template":"","meta":{"_jet_sm_ready_style":"","_jet_sm_style":"","_jet_sm_controls_values":"","_jet_sm_fonts_collection":"","_jet_sm_fonts_links":""},"pwb-brand":[1252],"product_cat":[101,195],"product_tag":[],"class_list":{"0":"post-167741","1":"product","2":"type-product","3":"status-publish","4":"has-post-thumbnail","6":"pwb-brand-rains-lv","7":"product_cat-aksesuari","8":"product_cat-somas","10":"first","11":"instock","12":"taxable","13":"shipping-taxable","14":"purchasable","15":"product-type-simple"},"raw_content":{"name":"Rains Liel\u0101 Mugursoma Ar Norull\u0113jamu Aizdari | Melna","description":"<p style=\"text-align: left;\">Rolltop Rucksack Large ir izgatavota no Rains rakstur\u012bg\u0101 \u016bdensnecaurlaid\u012bga poliuret\u0101na, un tai ir ar spiedpog\u0101m aizdar\u0101ms rolltops ar karab\u012bnes aizdari, iek\u0161\u0113ja un \u0101r\u0113ja strukt\u016bra, tostarp polster\u0113ts kl\u0113pjdatora nodal\u012bjums.<\/p>\r\n<p style=\"text-align: left;\">S\u012bk\u0101ka inform\u0101cija\r\n\u2212\r\nMateri\u0101ls: 420 gsm poliuret\u0101ns\r\nOdere: 100% poliesters\r\n\u016adens kolonnas spiediens: 8000 mm\r\nIzm\u0113ri: A52 x P32 x D14cm \/ H20,5 x P12,6 x D5,5 collas\r\nTilpums: 23,2 litri \/ 9,1 galons\r\nSvars: 996 g \/ 35,13 unces.\r\nIesp\u0113jas:\r\nGalvenais nodal\u012bjums\r\nPriek\u0161\u0113j\u0101 kabata\r\nIek\u0161\u0113j\u0101 kabata ir piem\u0113rota 16\" kl\u0113pjdatoram\r\nS\u0101nu kabatas<\/p>","short_description":"<p style=\"text-align: center;\">Rains ikonisk\u0101k\u0101 Rolltop mugursoma, kas ir papildin\u0101ta ar liel\u0101k\u0101m proporcij\u0101m un papildu funkcionalit\u0101ti, tostarp div\u0101m s\u0101nu kabat\u0101m. Uzticama pils\u0113tas mugursoma, kas ir lieliski piem\u0113rota braucieniem ar velosip\u0113du vai ejot k\u0101j\u0101m. T\u0101 ir r\u016bp\u012bgi izstr\u0101d\u0101ta, lai, ce\u013cojot no punkta A l\u012bdz Z, netiktu kl\u0101t nokri\u0161\u0146i. Lai aizsarg\u0101tu svar\u012bg\u0101kos priek\u0161metus no lietus, salokiet rull\u012bti un nostipriniet somas aug\u0161u, izmantojot rakstur\u012bgo Rains karab\u012bni. Tam ir ar\u012b s\u0101nu piek\u013cuves kabata kl\u0113pjdatoram, priek\u0161\u0113j\u0101 kabata ar r\u0101v\u0113jsl\u0113dz\u0113ju un polster\u0113ts aizmugures panelis. Velosip\u0113dam gatav\u0101s funkcijas ietver priek\u0161\u0113jo D veida gredzenu \u2013 ide\u0101li piem\u0113rots velosip\u0113da sl\u0113dze\u0146u tur\u0113\u0161anai \u2013 un kr\u016b\u0161kurvja siksna ar spr\u0101dzi dro\u0161ai piegul\u0113\u0161anai.<\/p>","status":"publish","sku":"rains-14590-black","original":167624},"wpml":{"translation_type":1,"has_translations":true,"original":167624,"duplicates":[],"translations":{"lv":167741,"en":167624}},"brands":[{"id":1252,"name":"Rains","slug":"rains-lv"}],"_links":{"self":[{"href":"https:\/\/m50.lv\/lv\/wp-json\/wp\/v2\/product\/167741","targetHints":{"allow":["GET"]}}],"collection":[{"href":"https:\/\/m50.lv\/lv\/wp-json\/wp\/v2\/product"}],"about":[{"href":"https:\/\/m50.lv\/lv\/wp-json\/wp\/v2\/types\/product"}],"version-history":[{"count":0,"href":"https:\/\/m50.lv\/lv\/wp-json\/wp\/v2\/product\/167741\/revisions"}],"wp:featuredmedia":[{"embeddable":true,"href":"https:\/\/m50.lv\/lv\/wp-json\/wp\/v2\/media\/167699"}],"wp:attachment":[{"href":"https:\/\/m50.lv\/lv\/wp-json\/wp\/v2\/media?parent=167741"}],"wp:term":[{"taxonomy":"pwb-brand","embeddable":true,"href":"https:\/\/m50.lv\/lv\/wp-json\/wp\/v2\/pwb-brand?post=167741"},{"taxonomy":"product_cat","embeddable":true,"href":"https:\/\/m50.lv\/lv\/wp-json\/wp\/v2\/product_cat?post=167741"},{"taxonomy":"product_tag","embeddable":true,"href":"https:\/\/m50.lv\/lv\/wp-json\/wp\/v2\/product_tag?post=167741"}],"curies":[{"name":"wp","href":"https:\/\/api.w.org\/{rel}","templated":true}]}}