{"id":167743,"date":"2024-01-22T21:25:18","date_gmt":"2024-01-22T19:25:18","guid":{"rendered":"https:\/\/m50.lv\/product\/rains-soma-box-bag-spidiga-melna\/"},"modified":"2024-01-22T21:25:18","modified_gmt":"2024-01-22T19:25:18","slug":"rains-soma-box-bag-spidiga-melna","status":"publish","type":"product","link":"https:\/\/m50.lv\/lv\/product\/rains-soma-box-bag-spidiga-melna\/","title":{"rendered":"Rains Soma `Box Bag` | Sp\u012bd\u012bga Melna"},"content":{"rendered":"<p style=\"text-align: left;\">Soma ir darin\u0101ta no Rains firmas \u016bdensnecaurlaid\u012bg\u0101 PU materi\u0101la, kas ir izstr\u0101d\u0101ts, lai nodro\u0161in\u0101tu iztur\u012bbu.<\/p>\n<p style=\"text-align: left;\">Materi\u0101ls: 100% poliesteris ar poliuret\u0101na p\u0101rkl\u0101jumu<br \/>\noder\u0113jums: 100% poliesteris<br \/>\n\u016adens spiediens: 8000 mm<\/p>\n<p style=\"text-align: left;\">Izm\u0113ri: H16 x W21 x D8,5cm \/ H6,3 x W8,3 x D3,3 collas.<br \/>\nTilpums: 3 litri \/ 0,8 galoni<\/p>\n<p style=\"text-align: left;\">P\u0101rkl\u0101ta r\u0101v\u0113jsl\u0113dz\u0113ja aizdare<br \/>\nViens galvenais nodal\u012bjums<br \/>\nNo\u0146emama regul\u0113jama siksna<br \/>\nP\u0101rn\u0113s\u0101\u0161anas rokturis<\/p>\n","protected":false},"excerpt":{"rendered":"<p style=\"text-align: center;\">`Box Bag` ir vienk\u0101r\u0161a, bet funkcion\u0101la \u016bdensnecaurlaid\u012bga soma, kas paredz\u0113ta n\u0113s\u0101\u0161anai p\u0101ri plecam, p\u0101ri \u0137ermenim vai k\u0101 rokassomi\u0146a. T\u0101s minim\u0101lais siluets ir viegli saska\u0146ojams ar citiem ap\u0123\u0113rbie un tai ir ide\u0101ls izm\u0113rs, lai p\u0101rn\u0113s\u0101tu ikdien\u0101 nepiecie\u0161am\u0101s lietas. Dizains ir pabeigts ar regul\u0113jamu siksnu, kas piestiprin\u0101ta ar karab\u012bn\u0113m.<\/p>\n","protected":false},"featured_media":167659,"template":"","meta":{"_jet_sm_ready_style":"","_jet_sm_style":"","_jet_sm_controls_values":"","_jet_sm_fonts_collection":"","_jet_sm_fonts_links":""},"pwb-brand":[1252],"product_cat":[101,195],"product_tag":[],"class_list":{"0":"post-167743","1":"product","2":"type-product","3":"status-publish","4":"has-post-thumbnail","6":"pwb-brand-rains-lv","7":"product_cat-aksesuari","8":"product_cat-somas","10":"first","11":"outofstock","12":"taxable","13":"shipping-taxable","14":"purchasable","15":"product-type-simple"},"raw_content":{"name":"Rains Soma `Box Bag` | Sp\u012bd\u012bga Melna","description":"<p style=\"text-align: left;\">Soma ir darin\u0101ta no Rains firmas \u016bdensnecaurlaid\u012bg\u0101 PU materi\u0101la, kas ir izstr\u0101d\u0101ts, lai nodro\u0161in\u0101tu iztur\u012bbu.<\/p>\r\n<p style=\"text-align: left;\">Materi\u0101ls: 100% poliesteris ar poliuret\u0101na p\u0101rkl\u0101jumu\r\noder\u0113jums: 100% poliesteris\r\n\u016adens spiediens: 8000 mm<\/p>\r\n<p style=\"text-align: left;\">Izm\u0113ri: H16 x W21 x D8,5cm \/ H6,3 x W8,3 x D3,3 collas.\r\nTilpums: 3 litri \/ 0,8 galoni<\/p>\r\n<p style=\"text-align: left;\">P\u0101rkl\u0101ta r\u0101v\u0113jsl\u0113dz\u0113ja aizdare\r\nViens galvenais nodal\u012bjums\r\nNo\u0146emama regul\u0113jama siksna\r\nP\u0101rn\u0113s\u0101\u0161anas rokturis<\/p>","short_description":"<p style=\"text-align: center;\">`Box Bag` ir vienk\u0101r\u0161a, bet funkcion\u0101la \u016bdensnecaurlaid\u012bga soma, kas paredz\u0113ta n\u0113s\u0101\u0161anai p\u0101ri plecam, p\u0101ri \u0137ermenim vai k\u0101 rokassomi\u0146a. T\u0101s minim\u0101lais siluets ir viegli saska\u0146ojams ar citiem ap\u0123\u0113rbie un tai ir ide\u0101ls izm\u0113rs, lai p\u0101rn\u0113s\u0101tu ikdien\u0101 nepiecie\u0161am\u0101s lietas. Dizains ir pabeigts ar regul\u0113jamu siksnu, kas piestiprin\u0101ta ar karab\u012bn\u0113m.<\/p>","status":"publish","sku":"rains-14100-night","original":167622},"wpml":{"translation_type":1,"has_translations":true,"original":167622,"duplicates":[],"translations":{"lv":167743,"en":167622}},"brands":[{"id":1252,"name":"Rains","slug":"rains-lv"}],"_links":{"self":[{"href":"https:\/\/m50.lv\/lv\/wp-json\/wp\/v2\/product\/167743","targetHints":{"allow":["GET"]}}],"collection":[{"href":"https:\/\/m50.lv\/lv\/wp-json\/wp\/v2\/product"}],"about":[{"href":"https:\/\/m50.lv\/lv\/wp-json\/wp\/v2\/types\/product"}],"version-history":[{"count":0,"href":"https:\/\/m50.lv\/lv\/wp-json\/wp\/v2\/product\/167743\/revisions"}],"wp:featuredmedia":[{"embeddable":true,"href":"https:\/\/m50.lv\/lv\/wp-json\/wp\/v2\/media\/167659"}],"wp:attachment":[{"href":"https:\/\/m50.lv\/lv\/wp-json\/wp\/v2\/media?parent=167743"}],"wp:term":[{"taxonomy":"pwb-brand","embeddable":true,"href":"https:\/\/m50.lv\/lv\/wp-json\/wp\/v2\/pwb-brand?post=167743"},{"taxonomy":"product_cat","embeddable":true,"href":"https:\/\/m50.lv\/lv\/wp-json\/wp\/v2\/product_cat?post=167743"},{"taxonomy":"product_tag","embeddable":true,"href":"https:\/\/m50.lv\/lv\/wp-json\/wp\/v2\/product_tag?post=167743"}],"curies":[{"name":"wp","href":"https:\/\/api.w.org\/{rel}","templated":true}]}}