{"id":168390,"date":"2024-02-07T18:47:56","date_gmt":"2024-02-07T16:47:56","guid":{"rendered":"https:\/\/m50.lv\/product\/seik-berlines-alus-zekes-universals-izmers-viriesiem-un-sievietem-35-46\/"},"modified":"2025-12-18T13:04:15","modified_gmt":"2025-12-18T11:04:15","slug":"seik-berlines-alus-zekes-universals-izmers-viriesiem-un-sievietem-35-46","status":"publish","type":"product","link":"https:\/\/m50.lv\/lv\/product\/seik-berlines-alus-zekes-universals-izmers-viriesiem-un-sievietem-35-46\/","title":{"rendered":"SEIK BERL\u012aNES ALUS ZE\u0136ES (UNIVERS\u0100LS IZM\u0112RS V\u012aRIE\u0160IEM UN SIEVIET\u0112M 35-46)"},"content":{"rendered":"<p style=\"text-align: left;\">Sast\u0101vs: 80 %kokvilna, 17% poliam\u012bds, 3% elast\u0101ns<\/p>\n<p style=\"text-align: left;\">Uztura un ener\u0123\u0113tisk\u0101 v\u0113rt\u012bba: 10 000 so\u013ci, 0 kalorijas, 100% prieks.<\/p>\n","protected":false},"excerpt":{"rendered":"<p style=\"text-align: center;\">\u0160\u012bs ze\u0137es burtiski iedz\u012bvin\u0101s dz\u012bv\u012bgumu katr\u0101 j\u016bsu sol\u012b, kad j\u016bs izstaig\u0101siet Berl\u012bnes bag\u0101to v\u0113sturi vai vienk\u0101r\u0161i v\u0113l\u0113sieties b\u016bt tuv\u0101k Berl\u012bnei sav\u0101s atmi\u0146\u0101s vai sird\u012b. Atveriet bund\u017eu un s\u0101ciet izbaud\u012bt Berl\u012bnes saj\u016btu.<\/p>\n","protected":false},"featured_media":168286,"template":"","meta":{"_jet_sm_ready_style":"","_jet_sm_style":"","_jet_sm_controls_values":"","_jet_sm_fonts_collection":"","_jet_sm_fonts_links":""},"pwb-brand":[1266],"product_cat":[101,193,567],"product_tag":[1510,1368,1562],"class_list":{"0":"post-168390","1":"product","2":"type-product","3":"status-publish","4":"has-post-thumbnail","6":"pwb-brand-seik-lv","7":"product_cat-aksesuari","8":"product_cat-davanas","9":"product_cat-zekes","10":"product_tag-janu-ligo-davanu-idejas","11":"product_tag-tevu-diena","12":"product_tag-valentindienas-davanas","14":"first","15":"instock","16":"taxable","17":"shipping-taxable","18":"purchasable","19":"product-type-simple"},"raw_content":{"name":"SEIK BERL\u012aNES ALUS ZE\u0136ES (UNIVERS\u0100LS IZM\u0112RS V\u012aRIE\u0160IEM UN SIEVIET\u0112M 35-46)","description":"<p style=\"text-align: left;\">Sast\u0101vs: 80 %kokvilna, 17% poliam\u012bds, 3% elast\u0101ns<\/p>\r\n<p style=\"text-align: left;\">Uztura un ener\u0123\u0113tisk\u0101 v\u0113rt\u012bba: 10 000 so\u013ci, 0 kalorijas, 100% prieks.<\/p>","short_description":"<p style=\"text-align: center;\">\u0160\u012bs ze\u0137es burtiski iedz\u012bvin\u0101s dz\u012bv\u012bgumu katr\u0101 j\u016bsu sol\u012b, kad j\u016bs izstaig\u0101siet Berl\u012bnes bag\u0101to v\u0113sturi vai vienk\u0101r\u0161i v\u0113l\u0113sieties b\u016bt tuv\u0101k Berl\u012bnei sav\u0101s atmi\u0146\u0101s vai sird\u012b. Atveriet bund\u017eu un s\u0101ciet izbaud\u012bt Berl\u012bnes saj\u016btu.<\/p>","status":"publish","sku":"seik-4745091611891","original":168276},"wpml":{"translation_type":1,"has_translations":true,"original":168276,"duplicates":[],"translations":{"lv":168390,"en":168276}},"brands":[{"id":1266,"name":"SEIK","slug":"seik-lv"}],"_links":{"self":[{"href":"https:\/\/m50.lv\/lv\/wp-json\/wp\/v2\/product\/168390","targetHints":{"allow":["GET"]}}],"collection":[{"href":"https:\/\/m50.lv\/lv\/wp-json\/wp\/v2\/product"}],"about":[{"href":"https:\/\/m50.lv\/lv\/wp-json\/wp\/v2\/types\/product"}],"version-history":[{"count":0,"href":"https:\/\/m50.lv\/lv\/wp-json\/wp\/v2\/product\/168390\/revisions"}],"wp:featuredmedia":[{"embeddable":true,"href":"https:\/\/m50.lv\/lv\/wp-json\/wp\/v2\/media\/168286"}],"wp:attachment":[{"href":"https:\/\/m50.lv\/lv\/wp-json\/wp\/v2\/media?parent=168390"}],"wp:term":[{"taxonomy":"pwb-brand","embeddable":true,"href":"https:\/\/m50.lv\/lv\/wp-json\/wp\/v2\/pwb-brand?post=168390"},{"taxonomy":"product_cat","embeddable":true,"href":"https:\/\/m50.lv\/lv\/wp-json\/wp\/v2\/product_cat?post=168390"},{"taxonomy":"product_tag","embeddable":true,"href":"https:\/\/m50.lv\/lv\/wp-json\/wp\/v2\/product_tag?post=168390"}],"curies":[{"name":"wp","href":"https:\/\/api.w.org\/{rel}","templated":true}]}}