{"id":168391,"date":"2024-02-07T18:50:17","date_gmt":"2024-02-07T16:50:17","guid":{"rendered":"https:\/\/m50.lv\/product\/seik-laimiga-pildspalva-my-lucy-pen-melna\/"},"modified":"2025-12-23T14:18:08","modified_gmt":"2025-12-23T12:18:08","slug":"seik-laimiga-pildspalva-my-lucy-pen-melna","status":"publish","type":"product","link":"https:\/\/m50.lv\/lv\/product\/seik-laimiga-pildspalva-my-lucy-pen-melna\/","title":{"rendered":"SEIK &#8211; LAIM\u012aG\u0100 PILDSPALVA \u2013 My Lucy Pen (melna)"},"content":{"rendered":"<p style=\"text-align: left;\">Viena pildspalva ar melnu tilti.<\/p>\n","protected":false},"excerpt":{"rendered":"<p style=\"text-align: center;\">Ar \u0161o pildspalvu j\u016bs sajut\u012bsiet, cik viegli v\u0101rdi pl\u016bst uz lapas. Ta\u010du ar to viss nebeidzas \u2013 uz pildspalvas ir motiv\u0113jo\u0161s cit\u0101ts, kas ir atg\u0101din\u0101jums, ka j\u016bs varat sasniegt ikvienu sapni. Ar \u0161o pildspalvu katrs rakst\u012b\u0161anas uzdevums k\u013c\u016bs par iedvesmas br\u012bdi. Neatkar\u012bgi no t\u0101, vai j\u016bs rakst\u0101t piez\u012bmes, pierakstiet savus sap\u0146us vai pl\u0101nojiet pl\u0101nus, \u013caujiet motiv\u0113jo\u0161am cit\u0101tam iedvesmot j\u016bsu rado\u0161umu un padar\u012bt j\u016bsu dienu gai\u0161\u0101ku. Pa\u0146emiet m\u016bsu iedvesmojo\u0161o pildspalvu un \u013caujiet saviem v\u0101rdiem iedvesmot pasauli!<\/p>\n","protected":false},"featured_media":168341,"template":"","meta":{"_jet_sm_ready_style":"","_jet_sm_style":"","_jet_sm_controls_values":"","_jet_sm_fonts_collection":"","_jet_sm_fonts_links":""},"pwb-brand":[1266],"product_cat":[193],"product_tag":[],"class_list":{"0":"post-168391","1":"product","2":"type-product","3":"status-publish","4":"has-post-thumbnail","6":"pwb-brand-seik-lv","7":"product_cat-davanas","9":"first","10":"instock","11":"taxable","12":"shipping-taxable","13":"purchasable","14":"product-type-simple"},"raw_content":{"name":"SEIK - LAIM\u012aG\u0100 PILDSPALVA \u2013 My Lucy Pen (melna)","description":"<p style=\"text-align: left;\">Viena pildspalva ar melnu tilti.<\/p>","short_description":"<p style=\"text-align: center;\">Ar \u0161o pildspalvu j\u016bs sajut\u012bsiet, cik viegli v\u0101rdi pl\u016bst uz lapas. Ta\u010du ar to viss nebeidzas \u2013 uz pildspalvas ir motiv\u0113jo\u0161s cit\u0101ts, kas ir atg\u0101din\u0101jums, ka j\u016bs varat sasniegt ikvienu sapni. Ar \u0161o pildspalvu katrs rakst\u012b\u0161anas uzdevums k\u013c\u016bs par iedvesmas br\u012bdi. Neatkar\u012bgi no t\u0101, vai j\u016bs rakst\u0101t piez\u012bmes, pierakstiet savus sap\u0146us vai pl\u0101nojiet pl\u0101nus, \u013caujiet motiv\u0113jo\u0161am cit\u0101tam iedvesmot j\u016bsu rado\u0161umu un padar\u012bt j\u016bsu dienu gai\u0161\u0101ku. Pa\u0146emiet m\u016bsu iedvesmojo\u0161o pildspalvu un \u013caujiet saviem v\u0101rdiem iedvesmot pasauli!<\/p>","status":"publish","sku":"seik-pildspalva-blk","original":168278},"wpml":{"translation_type":1,"has_translations":true,"original":168278,"duplicates":[],"translations":{"lv":168391,"en":168278}},"brands":[{"id":1266,"name":"SEIK","slug":"seik-lv"}],"_links":{"self":[{"href":"https:\/\/m50.lv\/lv\/wp-json\/wp\/v2\/product\/168391","targetHints":{"allow":["GET"]}}],"collection":[{"href":"https:\/\/m50.lv\/lv\/wp-json\/wp\/v2\/product"}],"about":[{"href":"https:\/\/m50.lv\/lv\/wp-json\/wp\/v2\/types\/product"}],"version-history":[{"count":0,"href":"https:\/\/m50.lv\/lv\/wp-json\/wp\/v2\/product\/168391\/revisions"}],"wp:featuredmedia":[{"embeddable":true,"href":"https:\/\/m50.lv\/lv\/wp-json\/wp\/v2\/media\/168341"}],"wp:attachment":[{"href":"https:\/\/m50.lv\/lv\/wp-json\/wp\/v2\/media?parent=168391"}],"wp:term":[{"taxonomy":"pwb-brand","embeddable":true,"href":"https:\/\/m50.lv\/lv\/wp-json\/wp\/v2\/pwb-brand?post=168391"},{"taxonomy":"product_cat","embeddable":true,"href":"https:\/\/m50.lv\/lv\/wp-json\/wp\/v2\/product_cat?post=168391"},{"taxonomy":"product_tag","embeddable":true,"href":"https:\/\/m50.lv\/lv\/wp-json\/wp\/v2\/product_tag?post=168391"}],"curies":[{"name":"wp","href":"https:\/\/api.w.org\/{rel}","templated":true}]}}